{"id":214718,"date":"2025-07-07T10:30:09","date_gmt":"2025-07-07T09:30:09","guid":{"rendered":"https:\/\/www.delicias-uk.com\/?post_type=product&#038;p=214718"},"modified":"2025-09-01T10:59:40","modified_gmt":"2025-09-01T09:59:40","slug":"atum-bom-petisco-em-tomate-biologico-lata-de-120g","status":"publish","type":"product","link":"https:\/\/www.delicias-uk.com\/pt-pt\/produto\/atum-bom-petisco-em-tomate-biologico-lata-de-120g\/","title":{"rendered":"Atum em Tomate Biol\u00f3gico Bom Petisco Lata 120g"},"content":{"rendered":"<p>Ingredientes: Atum (65%), \u00c1gua, Tomate Biol\u00f3gico (10,7%), Azeite Virgem Extra Biol\u00f3gico (2,6%), Sal.<\/p>\n<p>Rico em \u00f3mega-3, EPA e DHA, o atum deve ser inclu\u00eddo na sua dieta com regularidade. O tomate biol\u00f3gico, traz, al\u00e9m das suas vitaminas e minerais, o sabor que o enaltece. Uma op\u00e7\u00e3o para refei\u00e7\u00f5es r\u00e1pidas ou entradas elaboradas.\u00a0<\/p>\n","protected":false},"excerpt":{"rendered":"<ul>\n<li>Atum em conserva<\/li>\n<li>Molho de tomate biol\u00f3gico<\/li>\n<li>Lata de 120 gr<\/li>\n<li>Bom Petisco \u00e9 uma marca Portuguesa<\/li>\n<\/ul>\n","protected":false},"author":43533,"featured_media":90304,"comment_status":"open","ping_status":"closed","template":"","meta":[],"pwb-brand":[],"product_brand":[],"product_cat":[9325,8289,8291,8411,8555],"product_tag":[],"class_list":{"0":"post-214718","1":"product","2":"type-product","3":"status-publish","4":"has-post-thumbnail","6":"product_cat-pickles-conservas","7":"product_cat-inicio","8":"product_cat-produtos-portugueses","9":"product_cat-conservas","10":"product_cat-atum","12":"first","13":"instock","14":"taxable","15":"shipping-taxable","16":"purchasable","17":"product-type-simple"},"aioseo_notices":[],"brands":[],"_links":{"self":[{"href":"https:\/\/www.delicias-uk.com\/pt-pt\/wp-json\/wp\/v2\/product\/214718","targetHints":{"allow":["GET"]}}],"collection":[{"href":"https:\/\/www.delicias-uk.com\/pt-pt\/wp-json\/wp\/v2\/product"}],"about":[{"href":"https:\/\/www.delicias-uk.com\/pt-pt\/wp-json\/wp\/v2\/types\/product"}],"author":[{"embeddable":true,"href":"https:\/\/www.delicias-uk.com\/pt-pt\/wp-json\/wp\/v2\/users\/43533"}],"replies":[{"embeddable":true,"href":"https:\/\/www.delicias-uk.com\/pt-pt\/wp-json\/wp\/v2\/comments?post=214718"}],"wp:featuredmedia":[{"embeddable":true,"href":"https:\/\/www.delicias-uk.com\/pt-pt\/wp-json\/wp\/v2\/media\/90304"}],"wp:attachment":[{"href":"https:\/\/www.delicias-uk.com\/pt-pt\/wp-json\/wp\/v2\/media?parent=214718"}],"wp:term":[{"taxonomy":"pwb-brand","embeddable":true,"href":"https:\/\/www.delicias-uk.com\/pt-pt\/wp-json\/wp\/v2\/pwb-brand?post=214718"},{"taxonomy":"product_brand","embeddable":true,"href":"https:\/\/www.delicias-uk.com\/pt-pt\/wp-json\/wp\/v2\/product_brand?post=214718"},{"taxonomy":"product_cat","embeddable":true,"href":"https:\/\/www.delicias-uk.com\/pt-pt\/wp-json\/wp\/v2\/product_cat?post=214718"},{"taxonomy":"product_tag","embeddable":true,"href":"https:\/\/www.delicias-uk.com\/pt-pt\/wp-json\/wp\/v2\/product_tag?post=214718"}],"curies":[{"name":"wp","href":"https:\/\/api.w.org\/{rel}","templated":true}]}}