{"id":214710,"date":"2022-02-14T11:50:16","date_gmt":"2022-02-14T11:50:16","guid":{"rendered":"https:\/\/www.delicias-uk.com\/product\/agua-gaseificada-pedras-salgadas-garrafa-de-vidro-250ml\/"},"modified":"2025-11-29T15:29:45","modified_gmt":"2025-11-29T15:29:45","slug":"agua-gaseificada-pedras-salgadas-garrafa-de-vidro-250ml","status":"publish","type":"product","link":"https:\/\/www.delicias-uk.com\/pt-pt\/produto\/agua-gaseificada-pedras-salgadas-garrafa-de-vidro-250ml\/","title":{"rendered":"\u00c1gua Gaseificada Pedras Salgadas Garrafa de Vidro 250ml"},"content":{"rendered":"<p>Criada por natureza, Pedras \u00e9 uma \u00e1gua mineral natural 100% naturalmente gaseificada e com um sabor distinto e refrescante que proporciona bem-estar e \u00e9 um prazer de beber em qualquer ocasi\u00e3o. Uma bebida natural e saud\u00e1vel.<\/p>\n","protected":false},"excerpt":{"rendered":"<ul>\n<li>Tamanho 250ml<\/li>\n<li>\u00c1gua gaseificada<\/li>\n<li>Produto Portugu\u00eas<\/li>\n<\/ul>\n","protected":false},"author":43533,"featured_media":90288,"comment_status":"open","ping_status":"closed","template":"","meta":[],"pwb-brand":[],"product_brand":[],"product_cat":[8587],"product_tag":[],"class_list":{"0":"post-214710","1":"product","2":"type-product","3":"status-publish","4":"has-post-thumbnail","6":"product_cat-agua","8":"first","9":"instock","10":"taxable","11":"shipping-taxable","12":"purchasable","13":"product-type-simple"},"aioseo_notices":[],"brands":[],"_links":{"self":[{"href":"https:\/\/www.delicias-uk.com\/pt-pt\/wp-json\/wp\/v2\/product\/214710","targetHints":{"allow":["GET"]}}],"collection":[{"href":"https:\/\/www.delicias-uk.com\/pt-pt\/wp-json\/wp\/v2\/product"}],"about":[{"href":"https:\/\/www.delicias-uk.com\/pt-pt\/wp-json\/wp\/v2\/types\/product"}],"author":[{"embeddable":true,"href":"https:\/\/www.delicias-uk.com\/pt-pt\/wp-json\/wp\/v2\/users\/43533"}],"replies":[{"embeddable":true,"href":"https:\/\/www.delicias-uk.com\/pt-pt\/wp-json\/wp\/v2\/comments?post=214710"}],"wp:featuredmedia":[{"embeddable":true,"href":"https:\/\/www.delicias-uk.com\/pt-pt\/wp-json\/wp\/v2\/media\/90288"}],"wp:attachment":[{"href":"https:\/\/www.delicias-uk.com\/pt-pt\/wp-json\/wp\/v2\/media?parent=214710"}],"wp:term":[{"taxonomy":"pwb-brand","embeddable":true,"href":"https:\/\/www.delicias-uk.com\/pt-pt\/wp-json\/wp\/v2\/pwb-brand?post=214710"},{"taxonomy":"product_brand","embeddable":true,"href":"https:\/\/www.delicias-uk.com\/pt-pt\/wp-json\/wp\/v2\/product_brand?post=214710"},{"taxonomy":"product_cat","embeddable":true,"href":"https:\/\/www.delicias-uk.com\/pt-pt\/wp-json\/wp\/v2\/product_cat?post=214710"},{"taxonomy":"product_tag","embeddable":true,"href":"https:\/\/www.delicias-uk.com\/pt-pt\/wp-json\/wp\/v2\/product_tag?post=214710"}],"curies":[{"name":"wp","href":"https:\/\/api.w.org\/{rel}","templated":true}]}}