{"id":214708,"date":"2022-02-14T11:48:23","date_gmt":"2022-02-14T11:48:23","guid":{"rendered":"https:\/\/www.delicias-uk.com\/product\/agua-pedras-salgadas-garrafa-de-vidro-500ml-x-12\/"},"modified":"2026-05-06T11:13:45","modified_gmt":"2026-05-06T10:13:45","slug":"agua-pedras-salgadas-garrafa-de-vidro-500ml-x-12","status":"publish","type":"product","link":"https:\/\/www.delicias-uk.com\/pt-pt\/produto\/agua-pedras-salgadas-garrafa-de-vidro-500ml-x-12\/","title":{"rendered":"\u00c1gua Gaseificada Pedras Salgadas Garrafa de Vidro 500ml x 12"},"content":{"rendered":"<p>O sabor distinto e refrescante desta \u00e1gua \u00e9 o resultado de um processo lento e natural. Pedras \u00e9 uma \u00c1gua Mineral Natural Gasocarb\u00f3nica 100% natural. <em>Deixa a Natureza Cuidar de Ti.<\/em><\/p>\n","protected":false},"excerpt":{"rendered":"<ul>\n<li>\u00c1gua gaseificada 100% natural.<\/li>\n<li>Sabor ligeiramente salgado.<\/li>\n<li>12 unidades; garrafas de vidro 500 ml.<\/li>\n<\/ul>\n","protected":false},"author":43533,"featured_media":90285,"comment_status":"open","ping_status":"closed","template":"","meta":[],"pwb-brand":[],"product_brand":[],"product_cat":[8289,8423,8587,8499,8539],"product_tag":[],"class_list":{"0":"post-214708","1":"product","2":"type-product","3":"status-publish","4":"has-post-thumbnail","6":"product_cat-inicio","7":"product_cat-bebidas-pt-pt","8":"product_cat-agua","9":"product_cat-sem-glutem","10":"product_cat-sem-lactose","12":"first","13":"outofstock","14":"taxable","15":"shipping-taxable","16":"purchasable","17":"product-type-simple"},"aioseo_notices":[],"brands":[],"_links":{"self":[{"href":"https:\/\/www.delicias-uk.com\/pt-pt\/wp-json\/wp\/v2\/product\/214708","targetHints":{"allow":["GET"]}}],"collection":[{"href":"https:\/\/www.delicias-uk.com\/pt-pt\/wp-json\/wp\/v2\/product"}],"about":[{"href":"https:\/\/www.delicias-uk.com\/pt-pt\/wp-json\/wp\/v2\/types\/product"}],"author":[{"embeddable":true,"href":"https:\/\/www.delicias-uk.com\/pt-pt\/wp-json\/wp\/v2\/users\/43533"}],"replies":[{"embeddable":true,"href":"https:\/\/www.delicias-uk.com\/pt-pt\/wp-json\/wp\/v2\/comments?post=214708"}],"wp:featuredmedia":[{"embeddable":true,"href":"https:\/\/www.delicias-uk.com\/pt-pt\/wp-json\/wp\/v2\/media\/90285"}],"wp:attachment":[{"href":"https:\/\/www.delicias-uk.com\/pt-pt\/wp-json\/wp\/v2\/media?parent=214708"}],"wp:term":[{"taxonomy":"pwb-brand","embeddable":true,"href":"https:\/\/www.delicias-uk.com\/pt-pt\/wp-json\/wp\/v2\/pwb-brand?post=214708"},{"taxonomy":"product_brand","embeddable":true,"href":"https:\/\/www.delicias-uk.com\/pt-pt\/wp-json\/wp\/v2\/product_brand?post=214708"},{"taxonomy":"product_cat","embeddable":true,"href":"https:\/\/www.delicias-uk.com\/pt-pt\/wp-json\/wp\/v2\/product_cat?post=214708"},{"taxonomy":"product_tag","embeddable":true,"href":"https:\/\/www.delicias-uk.com\/pt-pt\/wp-json\/wp\/v2\/product_tag?post=214708"}],"curies":[{"name":"wp","href":"https:\/\/api.w.org\/{rel}","templated":true}]}}