{"id":214704,"date":"2022-02-14T11:21:24","date_gmt":"2022-02-14T11:21:24","guid":{"rendered":"https:\/\/www.delicias-uk.com\/product\/agua-carvalhelhos-natural-garrafa-vidro-500ml\/"},"modified":"2025-02-06T17:25:54","modified_gmt":"2025-02-06T17:25:54","slug":"agua-carvalhelhos-natural-garrafa-vidro-500ml","status":"publish","type":"product","link":"https:\/\/www.delicias-uk.com\/pt-pt\/produto\/agua-carvalhelhos-natural-garrafa-vidro-500ml\/","title":{"rendered":"\u00c1gua Natural Carvalhelhos Garrafa de Vidro 500ml"},"content":{"rendered":"<p>A Carvalhelhos promove a qualidade de vida dos seus consumidores, oferecendo-lhes a excel\u00eancia da natureza sob a forma de \u00e1gua engarrafada, para que possam optar por um produto natural e por um estilo de vida saud\u00e1vel.\u00a0<\/p>\n","protected":false},"excerpt":{"rendered":"<ul>\n<li>\u00c1gua mineral natural.<\/li>\n<li>Garrafa de vidro 500 ml.<\/li>\n<\/ul>\n","protected":false},"author":43533,"featured_media":226774,"comment_status":"open","ping_status":"closed","template":"","meta":[],"pwb-brand":[],"product_brand":[],"product_cat":[8289,8423,8587],"product_tag":[],"class_list":{"0":"post-214704","1":"product","2":"type-product","3":"status-publish","4":"has-post-thumbnail","6":"product_cat-inicio","7":"product_cat-bebidas-pt-pt","8":"product_cat-agua","10":"first","11":"instock","12":"taxable","13":"shipping-taxable","14":"purchasable","15":"product-type-simple"},"aioseo_notices":[{"message":"The permalink for this post just changed! This could result in 404 errors for your site visitors.","status":"warning","options":{"id":"0a2ae5f84bc2c0423042ed7ec22d2e40","isDismissible":true,"actions":[{"url":"https:\/\/www.delicias-uk.com\/wp-admin\/admin.php?page=aioseo-redirects&aioseo-manual-urls=9fe57fecfeee2d7e10d1f6849f8ec700","label":"Add Redirect to improve SEO","class":"aioseo-redirects-slug-changed"}]},"allowedContexts":["posts"]}],"brands":[],"_links":{"self":[{"href":"https:\/\/www.delicias-uk.com\/pt-pt\/wp-json\/wp\/v2\/product\/214704","targetHints":{"allow":["GET"]}}],"collection":[{"href":"https:\/\/www.delicias-uk.com\/pt-pt\/wp-json\/wp\/v2\/product"}],"about":[{"href":"https:\/\/www.delicias-uk.com\/pt-pt\/wp-json\/wp\/v2\/types\/product"}],"author":[{"embeddable":true,"href":"https:\/\/www.delicias-uk.com\/pt-pt\/wp-json\/wp\/v2\/users\/43533"}],"replies":[{"embeddable":true,"href":"https:\/\/www.delicias-uk.com\/pt-pt\/wp-json\/wp\/v2\/comments?post=214704"}],"wp:featuredmedia":[{"embeddable":true,"href":"https:\/\/www.delicias-uk.com\/pt-pt\/wp-json\/wp\/v2\/media\/226774"}],"wp:attachment":[{"href":"https:\/\/www.delicias-uk.com\/pt-pt\/wp-json\/wp\/v2\/media?parent=214704"}],"wp:term":[{"taxonomy":"pwb-brand","embeddable":true,"href":"https:\/\/www.delicias-uk.com\/pt-pt\/wp-json\/wp\/v2\/pwb-brand?post=214704"},{"taxonomy":"product_brand","embeddable":true,"href":"https:\/\/www.delicias-uk.com\/pt-pt\/wp-json\/wp\/v2\/product_brand?post=214704"},{"taxonomy":"product_cat","embeddable":true,"href":"https:\/\/www.delicias-uk.com\/pt-pt\/wp-json\/wp\/v2\/product_cat?post=214704"},{"taxonomy":"product_tag","embeddable":true,"href":"https:\/\/www.delicias-uk.com\/pt-pt\/wp-json\/wp\/v2\/product_tag?post=214704"}],"curies":[{"name":"wp","href":"https:\/\/api.w.org\/{rel}","templated":true}]}}