{"id":214700,"date":"2022-02-14T11:07:46","date_gmt":"2022-02-14T11:07:46","guid":{"rendered":"https:\/\/www.delicias-uk.com\/product\/acucar-branco-rar-1kg\/"},"modified":"2025-02-06T17:16:45","modified_gmt":"2025-02-06T17:16:45","slug":"acucar-branco-rar-1kg","status":"publish","type":"product","link":"https:\/\/www.delicias-uk.com\/pt-pt\/produto\/acucar-branco-rar-1kg\/","title":{"rendered":"A\u00e7\u00facar Branco RAR 1Kg"},"content":{"rendered":"<p>Este a\u00e7\u00facar tem uma utiliza\u00e7\u00e3o muito diversificada e pode ser utilizado na grande maioria dos doces ou massas. Por se dissolver com menos facilidade, \u00e9 especialmente adequado para geleias, xaropes de a\u00e7\u00facar, conservas de fruta, folhados de a\u00e7\u00facar e muito mais.<\/p>\n<p><strong>Ingredientes<\/strong>: a\u00e7\u00facar<\/p>\n<p><strong>Alerg\u00e9nios<\/strong>: nenhum<\/p>\n<p><strong>Pa\u00eds de origem<\/strong>: Portugal<\/p>\n","protected":false},"excerpt":{"rendered":"<ul style=\"list-style-type:disc;\">\n<li>Peso l\u00edquido 1kg<\/li>\n<li>Perfeito para o dia-a-dia<\/li>\n<li>100% de cana de a\u00e7\u00facar<\/li>\n<\/ul>\n","protected":false},"author":43533,"featured_media":90266,"comment_status":"open","ping_status":"closed","template":"","meta":[],"pwb-brand":[],"product_brand":[],"product_cat":[8289,8291,8351,8561,8499,8539],"product_tag":[],"class_list":{"0":"post-214700","1":"product","2":"type-product","3":"status-publish","4":"has-post-thumbnail","6":"product_cat-inicio","7":"product_cat-produtos-portugueses","8":"product_cat-cafe-cha-acucar","9":"product_cat-acucar-adocante","10":"product_cat-sem-glutem","11":"product_cat-sem-lactose","13":"first","14":"instock","15":"taxable","16":"shipping-taxable","17":"purchasable","18":"product-type-simple"},"aioseo_notices":[],"brands":[],"_links":{"self":[{"href":"https:\/\/www.delicias-uk.com\/pt-pt\/wp-json\/wp\/v2\/product\/214700","targetHints":{"allow":["GET"]}}],"collection":[{"href":"https:\/\/www.delicias-uk.com\/pt-pt\/wp-json\/wp\/v2\/product"}],"about":[{"href":"https:\/\/www.delicias-uk.com\/pt-pt\/wp-json\/wp\/v2\/types\/product"}],"author":[{"embeddable":true,"href":"https:\/\/www.delicias-uk.com\/pt-pt\/wp-json\/wp\/v2\/users\/43533"}],"replies":[{"embeddable":true,"href":"https:\/\/www.delicias-uk.com\/pt-pt\/wp-json\/wp\/v2\/comments?post=214700"}],"wp:featuredmedia":[{"embeddable":true,"href":"https:\/\/www.delicias-uk.com\/pt-pt\/wp-json\/wp\/v2\/media\/90266"}],"wp:attachment":[{"href":"https:\/\/www.delicias-uk.com\/pt-pt\/wp-json\/wp\/v2\/media?parent=214700"}],"wp:term":[{"taxonomy":"pwb-brand","embeddable":true,"href":"https:\/\/www.delicias-uk.com\/pt-pt\/wp-json\/wp\/v2\/pwb-brand?post=214700"},{"taxonomy":"product_brand","embeddable":true,"href":"https:\/\/www.delicias-uk.com\/pt-pt\/wp-json\/wp\/v2\/product_brand?post=214700"},{"taxonomy":"product_cat","embeddable":true,"href":"https:\/\/www.delicias-uk.com\/pt-pt\/wp-json\/wp\/v2\/product_cat?post=214700"},{"taxonomy":"product_tag","embeddable":true,"href":"https:\/\/www.delicias-uk.com\/pt-pt\/wp-json\/wp\/v2\/product_tag?post=214700"}],"curies":[{"name":"wp","href":"https:\/\/api.w.org\/{rel}","templated":true}]}}