{"id":214664,"date":"2022-01-17T12:29:38","date_gmt":"2022-01-17T12:29:38","guid":{"rendered":"https:\/\/www.delicias-uk.com\/product\/paio-do-lombo-varanegra-porco-preto-fatiado-200g\/"},"modified":"2025-07-03T16:54:55","modified_gmt":"2025-07-03T15:54:55","slug":"paio-do-lombo-varanegra-porco-preto-fatiado-200g","status":"publish","type":"product","link":"https:\/\/www.delicias-uk.com\/pt-pt\/produto\/paio-do-lombo-varanegra-porco-preto-fatiado-200g\/","title":{"rendered":"Paio do Lombo Varanegra Porco Preto Fatiado 200g"},"content":{"rendered":"<p>O Paio de Lombo \u00e9 um produto nobre e exclusivo da SEL, produzido a partir do lombo do Porco Alentejano. Tem um aroma suave mas persistente, real\u00e7a os temperos tradicionais alentejanos, tem uma textura consistente mas muito tenra e suculenta, tem um aspeto avermelhado muito marmoreado, bem combinado com a gordura rosada-alaranjada clara. \u00c9 um produto pouco fibroso e tem um sabor muito pouco salgado.<\/p>\n<p><strong>Ingredientes<\/strong>: Carne de Porco (Origem: UE) (90%), \u00e1gua, sal, pasta de pimenta, alho, conservantes: (nitrito de s\u00f3dio e nitrato de pot\u00e1ssio) e antioxidantes: (\u00e1cido asc\u00f3rbico, ascorbato de s\u00f3dio, citrato de s\u00f3dio). Enchido em tripa natural. Fumado com madeira de azinho.<\/p>\n<p><strong>Al\u00e9rgenos<\/strong>: nenhum<\/p>\n<p><strong>Informa\u00e7\u00f5es nutricionais por 100g:<\/strong><\/p>\n<ul style=\"list-style-type:disc;\">\n<li>Energia 2221 kJ \/ 537 Kcal<\/li>\n<li>Lip\u00eddios 50 g<\/li>\n<li>dos quais saturados 22 g<\/li>\n<li>Carboidratos 1,8 g<\/li>\n<li>dos quais a\u00e7\u00facares 0 g<\/li>\n<li>Fibra 0 g<\/li>\n<li>Prote\u00edna 20 g<\/li>\n<li>Sal 4,3 g<\/li>\n<\/ul>\n<p><strong>Pa\u00eds de origem<\/strong>: UE<\/p>\n","protected":false},"excerpt":{"rendered":"<ul style=\"list-style-type:disc;\">\n<li>Peso l\u00edquido 200g<\/li>\n<li>Fatiado \u00e0 m\u00e3o<\/li>\n<li>Fonte de prote\u00edna<\/li>\n<\/ul>\n","protected":false},"author":43533,"featured_media":90192,"comment_status":"open","ping_status":"closed","template":"","meta":[],"pwb-brand":[],"product_brand":[],"product_cat":[8289,8291,8337,8669,8499],"product_tag":[],"class_list":{"0":"post-214664","1":"product","2":"type-product","3":"status-publish","4":"has-post-thumbnail","6":"product_cat-inicio","7":"product_cat-produtos-portugueses","8":"product_cat-charcutaria","9":"product_cat-paio-outros","10":"product_cat-sem-glutem","12":"first","13":"instock","14":"taxable","15":"shipping-taxable","16":"purchasable","17":"product-type-simple"},"aioseo_notices":[],"brands":[],"_links":{"self":[{"href":"https:\/\/www.delicias-uk.com\/pt-pt\/wp-json\/wp\/v2\/product\/214664","targetHints":{"allow":["GET"]}}],"collection":[{"href":"https:\/\/www.delicias-uk.com\/pt-pt\/wp-json\/wp\/v2\/product"}],"about":[{"href":"https:\/\/www.delicias-uk.com\/pt-pt\/wp-json\/wp\/v2\/types\/product"}],"author":[{"embeddable":true,"href":"https:\/\/www.delicias-uk.com\/pt-pt\/wp-json\/wp\/v2\/users\/43533"}],"replies":[{"embeddable":true,"href":"https:\/\/www.delicias-uk.com\/pt-pt\/wp-json\/wp\/v2\/comments?post=214664"}],"wp:featuredmedia":[{"embeddable":true,"href":"https:\/\/www.delicias-uk.com\/pt-pt\/wp-json\/wp\/v2\/media\/90192"}],"wp:attachment":[{"href":"https:\/\/www.delicias-uk.com\/pt-pt\/wp-json\/wp\/v2\/media?parent=214664"}],"wp:term":[{"taxonomy":"pwb-brand","embeddable":true,"href":"https:\/\/www.delicias-uk.com\/pt-pt\/wp-json\/wp\/v2\/pwb-brand?post=214664"},{"taxonomy":"product_brand","embeddable":true,"href":"https:\/\/www.delicias-uk.com\/pt-pt\/wp-json\/wp\/v2\/product_brand?post=214664"},{"taxonomy":"product_cat","embeddable":true,"href":"https:\/\/www.delicias-uk.com\/pt-pt\/wp-json\/wp\/v2\/product_cat?post=214664"},{"taxonomy":"product_tag","embeddable":true,"href":"https:\/\/www.delicias-uk.com\/pt-pt\/wp-json\/wp\/v2\/product_tag?post=214664"}],"curies":[{"name":"wp","href":"https:\/\/api.w.org\/{rel}","templated":true}]}}