{"id":214662,"date":"2022-01-17T12:28:22","date_gmt":"2022-01-17T12:28:22","guid":{"rendered":"https:\/\/www.delicias-uk.com\/product\/paiola-varanegra-porco-preto-sel-fatiado-200g\/"},"modified":"2026-04-19T11:02:20","modified_gmt":"2026-04-19T10:02:20","slug":"paiola-varanegra-porco-preto-sel-fatiado-200g","status":"publish","type":"product","link":"https:\/\/www.delicias-uk.com\/pt-pt\/produto\/paiola-varanegra-porco-preto-sel-fatiado-200g\/","title":{"rendered":"Paiola Varanegra Porco Preto Fatiado 200g"},"content":{"rendered":"<p>Obtido a partir de carne de porco, submetido a um processo de cura em c\u00e2maras de humidade e temperatura controladas seguido de fumagem a baixas temperaturas.<\/p>\n<p><strong>Ingredientes<\/strong>: Carne de porco (Origem: UE) (92%), \u00e1gua, sal, pasta de pimenta, alho, conservantes: (nitrito de s\u00f3dio e nitrato de pot\u00e1ssio), antioxidantes: (\u00e1cido asc\u00f3rbico, ascorbato de s\u00f3dio, citrato de s\u00f3dio), especiarias. Enchido em tripa artificial. Fumado com madeira de azinheira.<\/p>\n<p><strong>Al\u00e9rgenos<\/strong>: Nenhum<\/p>\n<p><strong>Informa\u00e7\u00f5es nutricionais por 100g:<\/strong><\/p>\n<ul style=\"list-style-type:disc;\">\n<li>Energia 1566 KJ \/ 377 Kcal<\/li>\n<li>Gordura 29g<\/li>\n<li>dos quais saturados 11g<\/li>\n<li>Carboidratos 0g<\/li>\n<li>dos quais a\u00e7\u00facares 0g<\/li>\n<li>Fibra 0g<\/li>\n<li>Prote\u00edna 29g<\/li>\n<li>Sal 3,4g<\/li>\n<\/ul>\n<p><strong>Pa\u00eds de origem<\/strong>: UE<\/p>\n","protected":false},"excerpt":{"rendered":"<ul style=\"list-style-type:disc;\">\n<li>Peso l\u00edquido 200g<\/li>\n<li>Fatiado \u00e0 m\u00e3o<\/li>\n<li>Fonte de prote\u00edna<\/li>\n<\/ul>\n","protected":false},"author":43533,"featured_media":90186,"comment_status":"open","ping_status":"closed","template":"","meta":[],"pwb-brand":[],"product_brand":[],"product_cat":[8289,8291,8337,8669,8499],"product_tag":[],"class_list":{"0":"post-214662","1":"product","2":"type-product","3":"status-publish","4":"has-post-thumbnail","6":"product_cat-inicio","7":"product_cat-produtos-portugueses","8":"product_cat-charcutaria","9":"product_cat-paio-outros","10":"product_cat-sem-glutem","12":"first","13":"instock","14":"taxable","15":"shipping-taxable","16":"purchasable","17":"product-type-simple"},"aioseo_notices":[],"brands":[],"_links":{"self":[{"href":"https:\/\/www.delicias-uk.com\/pt-pt\/wp-json\/wp\/v2\/product\/214662","targetHints":{"allow":["GET"]}}],"collection":[{"href":"https:\/\/www.delicias-uk.com\/pt-pt\/wp-json\/wp\/v2\/product"}],"about":[{"href":"https:\/\/www.delicias-uk.com\/pt-pt\/wp-json\/wp\/v2\/types\/product"}],"author":[{"embeddable":true,"href":"https:\/\/www.delicias-uk.com\/pt-pt\/wp-json\/wp\/v2\/users\/43533"}],"replies":[{"embeddable":true,"href":"https:\/\/www.delicias-uk.com\/pt-pt\/wp-json\/wp\/v2\/comments?post=214662"}],"wp:featuredmedia":[{"embeddable":true,"href":"https:\/\/www.delicias-uk.com\/pt-pt\/wp-json\/wp\/v2\/media\/90186"}],"wp:attachment":[{"href":"https:\/\/www.delicias-uk.com\/pt-pt\/wp-json\/wp\/v2\/media?parent=214662"}],"wp:term":[{"taxonomy":"pwb-brand","embeddable":true,"href":"https:\/\/www.delicias-uk.com\/pt-pt\/wp-json\/wp\/v2\/pwb-brand?post=214662"},{"taxonomy":"product_brand","embeddable":true,"href":"https:\/\/www.delicias-uk.com\/pt-pt\/wp-json\/wp\/v2\/product_brand?post=214662"},{"taxonomy":"product_cat","embeddable":true,"href":"https:\/\/www.delicias-uk.com\/pt-pt\/wp-json\/wp\/v2\/product_cat?post=214662"},{"taxonomy":"product_tag","embeddable":true,"href":"https:\/\/www.delicias-uk.com\/pt-pt\/wp-json\/wp\/v2\/product_tag?post=214662"}],"curies":[{"name":"wp","href":"https:\/\/api.w.org\/{rel}","templated":true}]}}