{"id":214660,"date":"2022-01-17T12:26:51","date_gmt":"2022-01-17T12:26:51","guid":{"rendered":"https:\/\/www.delicias-uk.com\/product\/paia-de-toucinho-varanegra-sel-fatiado-200g\/"},"modified":"2025-02-06T17:13:55","modified_gmt":"2025-02-06T17:13:55","slug":"paia-de-toucinho-varanegra-sel-fatiado-200g","status":"publish","type":"product","link":"https:\/\/www.delicias-uk.com\/pt-pt\/produto\/paia-de-toucinho-varanegra-sel-fatiado-200g\/","title":{"rendered":"Paia de Toucinho Varanegra Fatiado 200g"},"content":{"rendered":"<p>Conhecido como \u201cbacon alentejano\u201d, \u00e9 obtido a partir da carne de porco preto selvagem, que revela um aroma intenso, curado e persistente. Com uma untuosidade de gordura e um aspeto rubi, marmoreado e brilhante, este produto apresenta um sabor suave fumado, ligeiramente salgado e ligeiramente \u00e1cido.<\/p>\n<p><strong>Ingredientes<\/strong>: Carne de porco (Origem: UE) (90%), \u00e1gua, sal, pasta de pimenta, alho, conservantes: (nitrito de s\u00f3dio e nitrato de pot\u00e1ssio) e antioxidantes: (\u00e1cido asc\u00f3rbico, ascorbato de s\u00f3dio, citrato de s\u00f3dio). Enchimento em tripa natural. Fumado com madeira de azinheira.<\/p>\n<p><strong>Alerg\u00e9nios<\/strong>: nenhum.<\/p>\n<p><strong>Informa\u00e7\u00e3o nutricional por 100g:<\/strong><\/p>\n<ul>\n<li>Energia 2221 kJ \/ 537 Kcal<\/li>\n<li>Lip\u00eddios 50 g<\/li>\n<li>dos quais saturados 22 g<\/li>\n<li>Carboidratos 1,8 g<\/li>\n<li>dos quais a\u00e7\u00facares 0 g<\/li>\n<li>Fibra 0 g<\/li>\n<li>Prote\u00edna 20 g<\/li>\n<li>Sal 4,3 g<\/li>\n<\/ul>\n<p><strong>Pa\u00eds de origem<\/strong>: UE<\/p>\n","protected":false},"excerpt":{"rendered":"<ul style=\"list-style-type:disc;\">\n<li>Peso l\u00edquido 200g<\/li>\n<li>Sem lactose e gl\u00faten<\/li>\n<li>Curado e fumado<\/li>\n<\/ul>\n","protected":false},"author":43533,"featured_media":90180,"comment_status":"open","ping_status":"closed","template":"","meta":[],"pwb-brand":[],"product_brand":[],"product_cat":[8289,8291,8337,8669,8499],"product_tag":[],"class_list":{"0":"post-214660","1":"product","2":"type-product","3":"status-publish","4":"has-post-thumbnail","6":"product_cat-inicio","7":"product_cat-produtos-portugueses","8":"product_cat-charcutaria","9":"product_cat-paio-outros","10":"product_cat-sem-glutem","12":"first","13":"instock","14":"taxable","15":"shipping-taxable","16":"purchasable","17":"product-type-simple"},"aioseo_notices":[],"brands":[],"_links":{"self":[{"href":"https:\/\/www.delicias-uk.com\/pt-pt\/wp-json\/wp\/v2\/product\/214660","targetHints":{"allow":["GET"]}}],"collection":[{"href":"https:\/\/www.delicias-uk.com\/pt-pt\/wp-json\/wp\/v2\/product"}],"about":[{"href":"https:\/\/www.delicias-uk.com\/pt-pt\/wp-json\/wp\/v2\/types\/product"}],"author":[{"embeddable":true,"href":"https:\/\/www.delicias-uk.com\/pt-pt\/wp-json\/wp\/v2\/users\/43533"}],"replies":[{"embeddable":true,"href":"https:\/\/www.delicias-uk.com\/pt-pt\/wp-json\/wp\/v2\/comments?post=214660"}],"wp:featuredmedia":[{"embeddable":true,"href":"https:\/\/www.delicias-uk.com\/pt-pt\/wp-json\/wp\/v2\/media\/90180"}],"wp:attachment":[{"href":"https:\/\/www.delicias-uk.com\/pt-pt\/wp-json\/wp\/v2\/media?parent=214660"}],"wp:term":[{"taxonomy":"pwb-brand","embeddable":true,"href":"https:\/\/www.delicias-uk.com\/pt-pt\/wp-json\/wp\/v2\/pwb-brand?post=214660"},{"taxonomy":"product_brand","embeddable":true,"href":"https:\/\/www.delicias-uk.com\/pt-pt\/wp-json\/wp\/v2\/product_brand?post=214660"},{"taxonomy":"product_cat","embeddable":true,"href":"https:\/\/www.delicias-uk.com\/pt-pt\/wp-json\/wp\/v2\/product_cat?post=214660"},{"taxonomy":"product_tag","embeddable":true,"href":"https:\/\/www.delicias-uk.com\/pt-pt\/wp-json\/wp\/v2\/product_tag?post=214660"}],"curies":[{"name":"wp","href":"https:\/\/api.w.org\/{rel}","templated":true}]}}