{"id":214628,"date":"2021-12-30T09:05:07","date_gmt":"2021-12-30T09:05:07","guid":{"rendered":"https:\/\/www.delicias-uk.com\/product\/pequi-fatiado-em-conserva-sabores-das-indias-340g-2\/"},"modified":"2025-07-11T17:15:20","modified_gmt":"2025-07-11T16:15:20","slug":"pequi-fatiado-aroma-dminas-300g","status":"publish","type":"product","link":"https:\/\/www.delicias-uk.com\/pt-pt\/produto\/pequi-fatiado-aroma-dminas-300g\/","title":{"rendered":"Pequi Fatiado Aroma D&#8217;Minas 300g"},"content":{"rendered":"<p>O fruto do pequi \u00e9 muito popular no Brasil, principalmente nos estados de Goi\u00e1s e Minas Gerais. Os frutos s\u00e3o consumidos crus, cozinhados com arroz mas tamb\u00e9m transformados em licor, sumo e gelado. O beneficiamento da fruta est\u00e1 profundamente enraizado na cultura e na gastronomia regional dos habitantes da regi\u00e3o do cerrado mineiro.<\/p>\n","protected":false},"excerpt":{"rendered":"<div class=\"OutlineElement Ltr SCXW73269173 BCX8\" style=\"margin: 0px; padding: 0px; clear: both; font-family: 'Segoe UI', 'Segoe UI Web', Arial, Verdana, sans-serif; font-size: 12px; background-color: #ffffff;\">\n<p class=\"Paragraph SCXW73269173 BCX8\" style=\"margin: 0px 0px 10.6667px; padding: 0px; vertical-align: baseline; background-color: transparent;\"><span class=\"TextRun SCXW73269173 BCX8\" lang=\"pt-br\" style=\"margin: 0px; padding: 0px; color: #242424; font-size: 11pt; line-height: 19.7625px; font-family: Calibri, 'Calibri_EmbeddedFont', 'Calibri_MSFontService', sans-serif;\" xml:lang=\"pt-br\"><span class=\"NormalTextRun SCXW73269173 BCX8\" style=\"margin: 0px; padding: 0px;\">. <\/span><span class=\"NormalTextRun SCXW73269173 BCX8\" style=\"margin: 0px; padding: 0px;\">I<\/span><span class=\"NormalTextRun SCXW73269173 BCX8\" style=\"margin: 0px; padding: 0px;\">ntensidade e sabor marcante.<\/span><\/span><span class=\"EOP SCXW73269173 BCX8\" style=\"margin: 0px; padding: 0px; font-size: 11pt; line-height: 19.7625px; font-family: Calibri, 'Calibri_EmbeddedFont', 'Calibri_MSFontService', sans-serif; color: #242424;\">\u00a0<\/span><\/p>\n<\/div>\n<div class=\"OutlineElement Ltr SCXW73269173 BCX8\" style=\"margin: 0px; padding: 0px; clear: both; font-family: 'Segoe UI', 'Segoe UI Web', Arial, Verdana, sans-serif; font-size: 12px; background-color: #ffffff;\">\n<p class=\"Paragraph SCXW73269173 BCX8\" style=\"margin: 0px 0px 10.6667px; padding: 0px; vertical-align: baseline; background-color: transparent;\"><span class=\"TextRun SCXW73269173 BCX8\" lang=\"pt-br\" style=\"margin: 0px; padding: 0px; color: #242424; font-size: 11pt; line-height: 19.7625px; font-family: Calibri, 'Calibri_EmbeddedFont', 'Calibri_MSFontService', sans-serif;\" xml:lang=\"pt-br\"><span class=\"NormalTextRun SCXW73269173 BCX8\" style=\"margin: 0px; padding: 0px;\">. <\/span><span class=\"NormalTextRun SCXW73269173 BCX8\" style=\"margin: 0px; padding: 0px;\">R<\/span><span class=\"NormalTextRun SCXW73269173 BCX8\" style=\"margin: 0px; padding: 0px;\">ica em vitaminas e antioxidantes.<\/span><\/span><span class=\"EOP SCXW73269173 BCX8\" style=\"margin: 0px; padding: 0px; font-size: 11pt; line-height: 19.7625px; font-family: Calibri, 'Calibri_EmbeddedFont', 'Calibri_MSFontService', sans-serif; color: #242424;\">\u00a0<\/span><\/p>\n<\/div>\n<div class=\"OutlineElement Ltr SCXW73269173 BCX8\" style=\"margin: 0px; padding: 0px; clear: both; font-family: 'Segoe UI', 'Segoe UI Web', Arial, Verdana, sans-serif; font-size: 12px; background-color: #ffffff;\">\n<p class=\"Paragraph SCXW73269173 BCX8\" style=\"margin: 0px 0px 10.6667px; padding: 0px; vertical-align: baseline; background-color: transparent;\"><span class=\"TextRun SCXW73269173 BCX8\" lang=\"pt-br\" style=\"margin: 0px; padding: 0px; color: #242424; font-size: 11pt; line-height: 19.7625px; font-family: Calibri, 'Calibri_EmbeddedFont', 'Calibri_MSFontService', sans-serif;\" xml:lang=\"pt-br\"><span class=\"NormalTextRun SCXW73269173 BCX8\" style=\"margin: 0px; padding: 0px;\">. <\/span><span class=\"NormalTextRun SCXW73269173 BCX8\" style=\"margin: 0px; padding: 0px;\">P<\/span><span class=\"NormalTextRun SCXW73269173 BCX8\" style=\"margin: 0px; padding: 0px;\">roduto t\u00edpico da culin\u00e1ria mineira.<\/span><\/span><\/p>\n<\/div>\n","protected":false},"author":43533,"featured_media":90115,"comment_status":"open","ping_status":"closed","template":"","meta":[],"pwb-brand":[],"product_brand":[],"product_cat":[8289,8293,8409,8549],"product_tag":[],"class_list":{"0":"post-214628","1":"product","2":"type-product","3":"status-publish","4":"has-post-thumbnail","6":"product_cat-inicio","7":"product_cat-produtos-brasileiros","8":"product_cat-temperos-molhos-e-legumes","9":"product_cat-legumes","11":"first","12":"instock","13":"taxable","14":"shipping-taxable","15":"purchasable","16":"product-type-simple"},"aioseo_notices":[],"brands":[],"_links":{"self":[{"href":"https:\/\/www.delicias-uk.com\/pt-pt\/wp-json\/wp\/v2\/product\/214628","targetHints":{"allow":["GET"]}}],"collection":[{"href":"https:\/\/www.delicias-uk.com\/pt-pt\/wp-json\/wp\/v2\/product"}],"about":[{"href":"https:\/\/www.delicias-uk.com\/pt-pt\/wp-json\/wp\/v2\/types\/product"}],"author":[{"embeddable":true,"href":"https:\/\/www.delicias-uk.com\/pt-pt\/wp-json\/wp\/v2\/users\/43533"}],"replies":[{"embeddable":true,"href":"https:\/\/www.delicias-uk.com\/pt-pt\/wp-json\/wp\/v2\/comments?post=214628"}],"wp:featuredmedia":[{"embeddable":true,"href":"https:\/\/www.delicias-uk.com\/pt-pt\/wp-json\/wp\/v2\/media\/90115"}],"wp:attachment":[{"href":"https:\/\/www.delicias-uk.com\/pt-pt\/wp-json\/wp\/v2\/media?parent=214628"}],"wp:term":[{"taxonomy":"pwb-brand","embeddable":true,"href":"https:\/\/www.delicias-uk.com\/pt-pt\/wp-json\/wp\/v2\/pwb-brand?post=214628"},{"taxonomy":"product_brand","embeddable":true,"href":"https:\/\/www.delicias-uk.com\/pt-pt\/wp-json\/wp\/v2\/product_brand?post=214628"},{"taxonomy":"product_cat","embeddable":true,"href":"https:\/\/www.delicias-uk.com\/pt-pt\/wp-json\/wp\/v2\/product_cat?post=214628"},{"taxonomy":"product_tag","embeddable":true,"href":"https:\/\/www.delicias-uk.com\/pt-pt\/wp-json\/wp\/v2\/product_tag?post=214628"}],"curies":[{"name":"wp","href":"https:\/\/api.w.org\/{rel}","templated":true}]}}