{"id":214608,"date":"2021-12-29T15:15:13","date_gmt":"2021-12-29T15:15:13","guid":{"rendered":"https:\/\/www.delicias-uk.com\/product\/parrilla-grill-argentina-45c-x-30l-x-29a-cm-2\/"},"modified":"2025-02-06T17:13:09","modified_gmt":"2025-02-06T17:13:09","slug":"parrilla-grill-argentina-45c-x-30l-x-29a-cm-2","status":"publish","type":"product","link":"https:\/\/www.delicias-uk.com\/pt-pt\/produto\/parrilla-grill-argentina-45c-x-30l-x-29a-cm-2\/","title":{"rendered":"Churrasqueira Parrilla Argentina (45C X 30L X 29A)"},"content":{"rendered":"<p>\u00c9 um tipo de fog\u00e3o em que toda a superf\u00edcie superior \u00e9 uma grelha colocada sobre uma fonte de fogo aberto, que pode ser lenha, carv\u00e3o vegetal (o mais comum), g\u00e1s ou at\u00e9 mesmo a eletricidade.<\/p>\n","protected":false},"excerpt":{"rendered":"<p>\u00c9 um tipo de fog\u00e3o em que toda a superf\u00edcie superior \u00e9 uma grelha colocada sobre uma fonte de fogo aberto, que pode ser lenha, carv\u00e3o vegetal (o mais comum), g\u00e1s ou at\u00e9 mesmo a eletricidade.<\/p>\n","protected":false},"author":43533,"featured_media":90074,"comment_status":"open","ping_status":"closed","template":"","meta":[],"pwb-brand":[],"product_brand":[],"product_cat":[8289,8293,8425],"product_tag":[],"class_list":{"0":"post-214608","1":"product","2":"type-product","3":"status-publish","4":"has-post-thumbnail","6":"product_cat-inicio","7":"product_cat-produtos-brasileiros","8":"product_cat-utensilios-de-cozinha","10":"first","11":"instock","12":"taxable","13":"shipping-taxable","14":"purchasable","15":"product-type-simple"},"aioseo_notices":[],"brands":[],"_links":{"self":[{"href":"https:\/\/www.delicias-uk.com\/pt-pt\/wp-json\/wp\/v2\/product\/214608","targetHints":{"allow":["GET"]}}],"collection":[{"href":"https:\/\/www.delicias-uk.com\/pt-pt\/wp-json\/wp\/v2\/product"}],"about":[{"href":"https:\/\/www.delicias-uk.com\/pt-pt\/wp-json\/wp\/v2\/types\/product"}],"author":[{"embeddable":true,"href":"https:\/\/www.delicias-uk.com\/pt-pt\/wp-json\/wp\/v2\/users\/43533"}],"replies":[{"embeddable":true,"href":"https:\/\/www.delicias-uk.com\/pt-pt\/wp-json\/wp\/v2\/comments?post=214608"}],"wp:featuredmedia":[{"embeddable":true,"href":"https:\/\/www.delicias-uk.com\/pt-pt\/wp-json\/wp\/v2\/media\/90074"}],"wp:attachment":[{"href":"https:\/\/www.delicias-uk.com\/pt-pt\/wp-json\/wp\/v2\/media?parent=214608"}],"wp:term":[{"taxonomy":"pwb-brand","embeddable":true,"href":"https:\/\/www.delicias-uk.com\/pt-pt\/wp-json\/wp\/v2\/pwb-brand?post=214608"},{"taxonomy":"product_brand","embeddable":true,"href":"https:\/\/www.delicias-uk.com\/pt-pt\/wp-json\/wp\/v2\/product_brand?post=214608"},{"taxonomy":"product_cat","embeddable":true,"href":"https:\/\/www.delicias-uk.com\/pt-pt\/wp-json\/wp\/v2\/product_cat?post=214608"},{"taxonomy":"product_tag","embeddable":true,"href":"https:\/\/www.delicias-uk.com\/pt-pt\/wp-json\/wp\/v2\/product_tag?post=214608"}],"curies":[{"name":"wp","href":"https:\/\/api.w.org\/{rel}","templated":true}]}}