{"id":214592,"date":"2021-12-16T11:45:43","date_gmt":"2021-12-16T11:45:43","guid":{"rendered":"https:\/\/www.delicias-uk.com\/product\/caminhos-cruzados-colheita-2020-75cl-2\/"},"modified":"2025-04-15T02:00:16","modified_gmt":"2025-04-15T01:00:16","slug":"caminhos-cruzados-colheita-2020-75cl-2","status":"publish","type":"product","link":"https:\/\/www.delicias-uk.com\/pt-pt\/produto\/caminhos-cruzados-colheita-2020-75cl-2\/","title":{"rendered":"Caminhos Cruzados Colheita 2020 75cl"},"content":{"rendered":"<p>Um lote de tr\u00eas castas brancas do D\u00e3o, onde se pretende conjugar as diferentes caracter\u00edsticas das castas que o comp\u00f5em de modo a atingir um equil\u00edbrio e harmonia, bem como uma aptid\u00e3o gastron\u00f3mica que caracterizam os bons vinhos brancos desta regi\u00e3o. Em poucas palavras: elegantes, frescos e vibrantes! Ao estagiar parte do lote de Encruzado em barricas de carvalho franc\u00eas, pretendeu-se refor\u00e7ar a sua complexidade, bem como o seu volume e estrutura.<\/p>\n","protected":false},"excerpt":{"rendered":"<ul style=\"list-style-type:disc;\">\n<li><strong>Produtor<\/strong>:\u00a0 Caminhos Cruzados<\/li>\n<li><strong>Regi\u00e3o<\/strong>: D\u00e3o<\/li>\n<li><strong>Pa\u00eds<\/strong>: Portugal<\/li>\n<li><strong>Estilo<\/strong> <strong>de<\/strong> <strong>Vinho<\/strong>: Vinho Branco<\/li>\n<li><strong>Casta<\/strong>:\u00a0 Encruzado, Cerceal-Branco e Malvasia-fina<\/li>\n<li><strong>Garrafa<\/strong>: 750ml<\/li>\n<li><strong>Teor<\/strong> <strong>de<\/strong> <strong>\u00e1lcool<\/strong>: 13%<\/li>\n<\/ul>\n","protected":false},"author":43533,"featured_media":65428,"comment_status":"open","ping_status":"closed","template":"","meta":[],"pwb-brand":[],"product_brand":[],"product_cat":[8289,8291,8431,8489,8793],"product_tag":[],"class_list":{"0":"post-214592","1":"product","2":"type-product","3":"status-publish","4":"has-post-thumbnail","6":"product_cat-inicio","7":"product_cat-produtos-portugueses","8":"product_cat-vinhos-pt-pt","9":"product_cat-vinho-branco","10":"product_cat-dao-pt-pt-vinho-branco","12":"first","13":"outofstock","14":"taxable","15":"shipping-taxable","16":"purchasable","17":"product-type-simple"},"aioseo_notices":[],"brands":[],"_links":{"self":[{"href":"https:\/\/www.delicias-uk.com\/pt-pt\/wp-json\/wp\/v2\/product\/214592","targetHints":{"allow":["GET"]}}],"collection":[{"href":"https:\/\/www.delicias-uk.com\/pt-pt\/wp-json\/wp\/v2\/product"}],"about":[{"href":"https:\/\/www.delicias-uk.com\/pt-pt\/wp-json\/wp\/v2\/types\/product"}],"author":[{"embeddable":true,"href":"https:\/\/www.delicias-uk.com\/pt-pt\/wp-json\/wp\/v2\/users\/43533"}],"replies":[{"embeddable":true,"href":"https:\/\/www.delicias-uk.com\/pt-pt\/wp-json\/wp\/v2\/comments?post=214592"}],"wp:featuredmedia":[{"embeddable":true,"href":"https:\/\/www.delicias-uk.com\/pt-pt\/wp-json\/wp\/v2\/media\/65428"}],"wp:attachment":[{"href":"https:\/\/www.delicias-uk.com\/pt-pt\/wp-json\/wp\/v2\/media?parent=214592"}],"wp:term":[{"taxonomy":"pwb-brand","embeddable":true,"href":"https:\/\/www.delicias-uk.com\/pt-pt\/wp-json\/wp\/v2\/pwb-brand?post=214592"},{"taxonomy":"product_brand","embeddable":true,"href":"https:\/\/www.delicias-uk.com\/pt-pt\/wp-json\/wp\/v2\/product_brand?post=214592"},{"taxonomy":"product_cat","embeddable":true,"href":"https:\/\/www.delicias-uk.com\/pt-pt\/wp-json\/wp\/v2\/product_cat?post=214592"},{"taxonomy":"product_tag","embeddable":true,"href":"https:\/\/www.delicias-uk.com\/pt-pt\/wp-json\/wp\/v2\/product_tag?post=214592"}],"curies":[{"name":"wp","href":"https:\/\/api.w.org\/{rel}","templated":true}]}}