{"id":214588,"date":"2021-12-16T11:23:14","date_gmt":"2021-12-16T11:23:14","guid":{"rendered":"https:\/\/www.delicias-uk.com\/product\/caminhos-cruzados-teixuga-2015-75cl-2\/"},"modified":"2021-12-16T11:23:14","modified_gmt":"2021-12-16T11:23:14","slug":"caminhos-cruzados-teixuga-2015-75cl-2","status":"publish","type":"product","link":"https:\/\/www.delicias-uk.com\/pt-pt\/produto\/caminhos-cruzados-teixuga-2015-75cl-2\/","title":{"rendered":"Caminhos Cruzados Teixuga 2015 75cl"},"content":{"rendered":"<p style=\"margin-top:0pt;margin-bottom:0pt;margin-left:0in;text-align:left;\"><span style=\"font-size:12pt;font-family:Rajdhani;color:#545454;font-weight:normal;font-style:normal;\">Das vinhas da Quinta da Teixuga vieram as uvas da casta Encruzado, de h\u00e1 longos anos consideradas de grande potencial qualitativo por quem teve a felicidade de as vinificar. Nascido de um lote exclusivo. estagiou durante 19 meses em barricas de carvalho franc\u00eas novas, at\u00e9 se alcan\u00e7ar a total integra\u00e7\u00e3o do vinho com a barrica, revelando <\/span><span style=\"font-size:12pt;font-family:Rajdhani;color:#545454;font-weight:normal;font-style:normal;\">a<\/span><span style=\"font-size:12pt;font-family:Rajdhani;color:#545454;font-weight:normal;font-style:normal;\"> estrutura e complexidade caracter\u00edstica desta casta rainha. Car\u00e1cter, eleg\u00e2ncia e ousadia \u00e9 o que define este Teixuga Branco.<\/span><\/p>\n<p style=\"margin-top:0pt;margin-bottom:0pt;margin-left:0in;text-align:left;\">\n<p style=\"margin-top:0pt;margin-bottom:0pt;margin-left:0in;text-align:left;\"><span style=\"font-size:12pt;font-family:Rajdhani;color:#545454;font-weight:normal;font-style:normal;\">Este vinho apresenta-se de cor amarelo palha, com aroma de grande intensidade, revelando a complexidade arom\u00e1tica que se deve \u00e0s particulares condi\u00e7\u00f5es de est\u00e1gio e \u00e0s caracter\u00edsticas da casta Encruzado. No nariz, destaca-se a superior integra\u00e7\u00e3o dos aromas oriundos do carvalho franc\u00eas onde estagiou. Na boca, o ataque \u00e9 intenso, volumoso, revelando uma acidez viva mas muito integrada. O final \u00e9 longo e memor\u00e1vel.<\/span><\/p>\n<p style=\"margin-top:0pt;margin-bottom:0pt;margin-left:0in;text-align:left;\"><span style=\"font-size:12pt;font-family:Calibri;color:#000000;font-weight:normal;font-style:normal;\"><br \/><\/span><span style=\"font-size:12pt;font-family:Calibri;color:#000000;font-weight:normal;font-style:normal;\">Produtor<\/span><span style=\"font-size:12pt;font-family:Calibri;color:#000000;font-weight:normal;font-style:normal;\">:\u00a0<\/span><span style=\"font-size:12pt;font-family:Rajdhani;color:#545454;font-weight:normal;font-style:normal;\"> Quinta da <\/span><span style=\"font-size:12pt;font-family:Rajdhani;color:#545454;font-weight:normal;font-style:normal;\">Teixuga<\/span><span style=\"font-size:12pt;font-family:Rajdhani;color:#545454;font-weight:normal;font-style:normal;\"> <\/span><\/p>\n<p style=\"margin-top:0pt;margin-bottom:0pt;margin-left:0in;text-align:left;\"><span style=\"font-size:12pt;font-family:Calibri;color:#000000;font-weight:normal;font-style:normal;\">Regi\u00e3o:\u00a0D\u00e3o<\/span><\/p>\n<p style=\"margin-top:0pt;margin-bottom:0pt;margin-left:0in;text-align:left;\"><span style=\"font-size:12pt;font-family:Calibri;color:#000000;font-weight:normal;font-style:normal;\">Pa\u00eds<\/span><span style=\"font-size:12pt;font-family:Calibri;color:#000000;font-weight:normal;font-style:normal;\">: Portugal<\/span><\/p>\n<p style=\"text-indent:0in;text-align:left;vertical-align:baseline;margin:0pt 0in 0pt 0in;\"><span style=\"font-size:12pt;font-family:Calibri;color:#000000;font-weight:normal;font-style:normal;\">Estilo de Vinho: Vinho\u00a0<\/span><span style=\"font-size:12pt;font-family:Calibri;color:#000000;font-weight:normal;font-style:normal;\">Branco<\/span><\/p>\n<p style=\"margin-top:0pt;margin-bottom:0pt;margin-left:0in;text-align:left;vertical-align:baseline;\"><span style=\"font-size:12pt;font-family:Calibri;color:#000000;font-weight:normal;font-style:normal;\">Casta:\u00a0<\/span><span style=\"font-size:12pt;font-family:Calibri;color:#000000;font-weight:normal;font-style:normal;\"> <\/span><span style=\"font-size:12pt;font-family:Calibri;color:#000000;font-weight:normal;font-style:normal;\">Encruzado<\/span><\/p>\n<p style=\"margin-top:0pt;margin-bottom:0pt;margin-left:0in;text-align:left;vertical-align:baseline;\"><span style=\"font-size:12pt;font-family:Calibri;color:#000000;font-weight:normal;font-style:normal;\">Garrafa<\/span><span style=\"font-size:12pt;font-family:Calibri;color:#000000;font-weight:normal;font-style:normal;\">: 750ml<\/span><\/p>\n<p style=\"text-indent:0in;text-align:left;vertical-align:baseline;margin:0pt 0in 0pt 0in;\"><span style=\"font-size:12pt;font-family:Calibri;color:#000000;font-weight:normal;font-style:normal;\">Teor\u00a0de \u00e1lcool:\u00a0<\/span><span style=\"font-size:12pt;font-family:Calibri;color:#000000;font-weight:normal;font-style:normal;\">14%<\/span><\/p>\n","protected":false},"excerpt":{"rendered":"<p style=\"margin-top:0pt;margin-bottom:0pt;margin-left:0in;text-align:left;\"><span style=\"font-size:12pt;font-family:Calibri;color:#000000;font-weight:normal;font-style:normal;\">Produtor<\/span><span style=\"font-size:12pt;font-family:Calibri;color:#000000;font-weight:normal;font-style:normal;\">:\u00a0<\/span><span style=\"font-size:12pt;font-family:Rajdhani;color:#545454;font-weight:normal;font-style:normal;\">\u00a0Quinta da\u00a0<\/span><span style=\"font-size:12pt;font-family:Rajdhani;color:#545454;font-weight:normal;font-style:normal;\">Teixuga<\/span><span style=\"font-size:12pt;font-family:Rajdhani;color:#545454;font-weight:normal;font-style:normal;\"><\/span><\/p>\n<p style=\"margin-top:0pt;margin-bottom:0pt;margin-left:0in;text-align:left;\"><span style=\"font-size:12pt;font-family:Calibri;color:#000000;font-weight:normal;font-style:normal;\">Regi\u00e3o:\u00a0D\u00e3o<\/span><\/p>\n<p style=\"margin-top:0pt;margin-bottom:0pt;margin-left:0in;text-align:left;\"><span style=\"font-size:12pt;font-family:Calibri;color:#000000;font-weight:normal;font-style:normal;\">Pa\u00eds<\/span><span style=\"font-size:12pt;font-family:Calibri;color:#000000;font-weight:normal;font-style:normal;\">: Portugal<\/span><\/p>\n<p style=\"text-indent:0in;text-align:left;vertical-align:baseline;margin:0pt 0in 0pt 0in;\"><span style=\"font-size:12pt;font-family:Calibri;color:#000000;font-weight:normal;font-style:normal;\">Estilo de Vinho: Vinho\u00a0<\/span><span style=\"font-size:12pt;font-family:Calibri;color:#000000;font-weight:normal;font-style:normal;\">Branco<\/span><\/p>\n<p style=\"margin-top:0pt;margin-bottom:0pt;margin-left:0in;text-align:left;vertical-align:baseline;\"><span style=\"font-size:12pt;font-family:Calibri;color:#000000;font-weight:normal;font-style:normal;\">Casta:\u00a0<\/span><span style=\"font-size:12pt;font-family:Calibri;color:#000000;font-weight:normal;font-style:normal;\">\u00a0<\/span><span style=\"font-size:12pt;font-family:Calibri;color:#000000;font-weight:normal;font-style:normal;\">Encruzado<\/span><\/p>\n<p style=\"margin-top:0pt;margin-bottom:0pt;margin-left:0in;text-align:left;vertical-align:baseline;\"><span style=\"font-size:12pt;font-family:Calibri;color:#000000;font-weight:normal;font-style:normal;\">Garrafa<\/span><span style=\"font-size:12pt;font-family:Calibri;color:#000000;font-weight:normal;font-style:normal;\">: 750ml<\/span><\/p>\n<p style=\"text-indent:0in;text-align:left;vertical-align:baseline;margin:0pt 0in 0pt 0in;\"><span style=\"font-size:12pt;font-family:Calibri;color:#000000;font-weight:normal;font-style:normal;\">Teor\u00a0de \u00e1lcool:\u00a0<\/span><span style=\"font-size:12pt;font-family:Calibri;color:#000000;font-weight:normal;font-style:normal;\">14%<\/span><\/p>\n","protected":false},"author":43533,"featured_media":65420,"comment_status":"open","ping_status":"closed","template":"","meta":[],"pwb-brand":[],"product_brand":[],"product_cat":[8289,8291,8431,8489,8793],"product_tag":[],"class_list":{"0":"post-214588","1":"product","2":"type-product","3":"status-publish","4":"has-post-thumbnail","6":"product_cat-inicio","7":"product_cat-produtos-portugueses","8":"product_cat-vinhos-pt-pt","9":"product_cat-vinho-branco","10":"product_cat-dao-pt-pt-vinho-branco","12":"first","13":"outofstock","14":"taxable","15":"shipping-taxable","16":"purchasable","17":"product-type-simple"},"aioseo_notices":[],"brands":[],"_links":{"self":[{"href":"https:\/\/www.delicias-uk.com\/pt-pt\/wp-json\/wp\/v2\/product\/214588","targetHints":{"allow":["GET"]}}],"collection":[{"href":"https:\/\/www.delicias-uk.com\/pt-pt\/wp-json\/wp\/v2\/product"}],"about":[{"href":"https:\/\/www.delicias-uk.com\/pt-pt\/wp-json\/wp\/v2\/types\/product"}],"author":[{"embeddable":true,"href":"https:\/\/www.delicias-uk.com\/pt-pt\/wp-json\/wp\/v2\/users\/43533"}],"replies":[{"embeddable":true,"href":"https:\/\/www.delicias-uk.com\/pt-pt\/wp-json\/wp\/v2\/comments?post=214588"}],"wp:featuredmedia":[{"embeddable":true,"href":"https:\/\/www.delicias-uk.com\/pt-pt\/wp-json\/wp\/v2\/media\/65420"}],"wp:attachment":[{"href":"https:\/\/www.delicias-uk.com\/pt-pt\/wp-json\/wp\/v2\/media?parent=214588"}],"wp:term":[{"taxonomy":"pwb-brand","embeddable":true,"href":"https:\/\/www.delicias-uk.com\/pt-pt\/wp-json\/wp\/v2\/pwb-brand?post=214588"},{"taxonomy":"product_brand","embeddable":true,"href":"https:\/\/www.delicias-uk.com\/pt-pt\/wp-json\/wp\/v2\/product_brand?post=214588"},{"taxonomy":"product_cat","embeddable":true,"href":"https:\/\/www.delicias-uk.com\/pt-pt\/wp-json\/wp\/v2\/product_cat?post=214588"},{"taxonomy":"product_tag","embeddable":true,"href":"https:\/\/www.delicias-uk.com\/pt-pt\/wp-json\/wp\/v2\/product_tag?post=214588"}],"curies":[{"name":"wp","href":"https:\/\/api.w.org\/{rel}","templated":true}]}}