{"id":214584,"date":"2021-12-16T10:22:36","date_gmt":"2021-12-16T10:22:36","guid":{"rendered":"https:\/\/www.delicias-uk.com\/product\/caminhos-cruzados-encruzado-reserva-2019-75cl-2\/"},"modified":"2021-12-16T10:22:36","modified_gmt":"2021-12-16T10:22:36","slug":"caminhos-cruzados-encruzado-reserva-2019-75cl-2","status":"publish","type":"product","link":"https:\/\/www.delicias-uk.com\/pt-pt\/produto\/caminhos-cruzados-encruzado-reserva-2019-75cl-2\/","title":{"rendered":"Caminhos Cruzados Encruzado Reserva 2019 75cl"},"content":{"rendered":"<p style=\"margin-top:0pt;margin-bottom:0pt;margin-left:0in;text-align:left;\"><span style=\"font-size:12pt;font-family:Calibri;color:#000000;font-weight:normal;font-style:normal;\">Um lote de tr\u00eas castas brancas do D\u00e3o, cada uma com a sua personalidade! O Encruzado, maiorit\u00e1rio, confere volume e complexidade, bem como a frescura associada \u00e0 sua componente arom\u00e1tica mais vegetal, enquanto o Gouveio refor\u00e7a esta frescura e contribui decididamente para harmonizar o final de boca, e a sua persist\u00eancia. O Bical como que une todos estes atributos, refor\u00e7ando desta forma a grande delicadeza do conjunto, onde as notas subtis da madeira de carvalho onde estagiou se apresentam muito bem integradas.<\/span><\/p>\n<p style=\"margin-top:0pt;margin-bottom:0pt;margin-left:0in;text-align:left;\">\n<p style=\"margin-top:0pt;margin-bottom:0pt;margin-left:0in;text-align:left;\"><span style=\"font-size:12pt;font-family:Calibri;color:#000000;font-weight:normal;font-style:normal;\"><br \/><\/span><span style=\"font-size:12pt;font-family:Calibri;color:#000000;font-weight:normal;font-style:normal;\">Produtor<\/span><span style=\"font-size:12pt;font-family:Calibri;color:#000000;font-weight:normal;font-style:normal;\">:\u00a0<\/span><span style=\"font-size:12pt;font-family:Calibri;color:#000000;font-weight:normal;font-style:normal;\">Caminhos<\/span><span style=\"font-size:12pt;font-family:Calibri;color:#000000;font-weight:normal;font-style:normal;\"> Cruzados<\/span><\/p>\n<p style=\"margin-top:0pt;margin-bottom:0pt;margin-left:0in;text-align:left;\"><span style=\"font-size:12pt;font-family:Calibri;color:#000000;font-weight:normal;font-style:normal;\">Regi\u00e3o:\u00a0D\u00e3o<\/span><\/p>\n<p style=\"margin-top:0pt;margin-bottom:0pt;margin-left:0in;text-align:left;\"><span style=\"font-size:12pt;font-family:Calibri;color:#000000;font-weight:normal;font-style:normal;\">Pa\u00eds<\/span><span style=\"font-size:12pt;font-family:Calibri;color:#000000;font-weight:normal;font-style:normal;\">: Portugal<\/span><\/p>\n<p style=\"text-indent:0in;text-align:left;vertical-align:baseline;margin:0pt 0in 0pt 0in;\"><span style=\"font-size:12pt;font-family:Calibri;color:#000000;font-weight:normal;font-style:normal;\">Estilo de Vinho: Vinho\u00a0<\/span><span style=\"font-size:12pt;font-family:Calibri;color:#000000;font-weight:normal;font-style:normal;\">Branco<\/span><\/p>\n<p style=\"margin-top:0pt;margin-bottom:0pt;margin-left:0in;text-align:left;vertical-align:baseline;\"><span style=\"font-size:12pt;font-family:Calibri;color:#000000;font-weight:normal;font-style:normal;\">Casta:\u00a0<\/span><span style=\"font-size:12pt;font-family:Calibri;color:#000000;font-weight:normal;font-style:normal;\"> <\/span><span style=\"font-size:12pt;font-family:Calibri;color:#000000;font-weight:normal;font-style:normal;\">Encruzado<\/span><span style=\"font-size:12pt;font-family:Calibri;color:#000000;font-weight:normal;font-style:normal;\">, <\/span><span style=\"font-size:12pt;font-family:Calibri;color:#000000;font-weight:normal;font-style:normal;\">Bical<\/span><span style=\"font-size:12pt;font-family:Calibri;color:#000000;font-weight:normal;font-style:normal;\"> &amp; Verdelho<\/span><\/p>\n<p style=\"margin-top:0pt;margin-bottom:0pt;margin-left:0in;text-align:left;vertical-align:baseline;\"><span style=\"font-size:12pt;font-family:Calibri;color:#000000;font-weight:normal;font-style:normal;\">Garrafa<\/span><span style=\"font-size:12pt;font-family:Calibri;color:#000000;font-weight:normal;font-style:normal;\">: 750ml<\/span><\/p>\n<p style=\"text-indent:0in;text-align:left;vertical-align:baseline;margin:0pt 0in 0pt 0in;\"><span style=\"font-size:12pt;font-family:Calibri;color:#000000;font-weight:normal;font-style:normal;\">Teor\u00a0de \u00e1lcool:\u00a014%<\/span><\/p>\n","protected":false},"excerpt":{"rendered":"<p style=\"margin-top:0pt;margin-bottom:0pt;margin-left:0in;text-align:left;\"><span style=\"font-size:12pt;font-family:Calibri;color:#000000;font-weight:normal;font-style:normal;\">Produtor<\/span><span style=\"font-size:12pt;font-family:Calibri;color:#000000;font-weight:normal;font-style:normal;\">:\u00a0<\/span><span style=\"font-size:12pt;font-family:Calibri;color:#000000;font-weight:normal;font-style:normal;\">Caminhos<\/span><span style=\"font-size:12pt;font-family:Calibri;color:#000000;font-weight:normal;font-style:normal;\">\u00a0Cruzados<\/span><\/p>\n<p style=\"margin-top:0pt;margin-bottom:0pt;margin-left:0in;text-align:left;\"><span style=\"font-size:12pt;font-family:Calibri;color:#000000;font-weight:normal;font-style:normal;\">Regi\u00e3o:\u00a0D\u00e3o<\/span><\/p>\n<p style=\"margin-top:0pt;margin-bottom:0pt;margin-left:0in;text-align:left;\"><span style=\"font-size:12pt;font-family:Calibri;color:#000000;font-weight:normal;font-style:normal;\">Pa\u00eds<\/span><span style=\"font-size:12pt;font-family:Calibri;color:#000000;font-weight:normal;font-style:normal;\">: Portugal<\/span><\/p>\n<p style=\"text-indent:0in;text-align:left;vertical-align:baseline;margin:0pt 0in 0pt 0in;\"><span style=\"font-size:12pt;font-family:Calibri;color:#000000;font-weight:normal;font-style:normal;\">Estilo de Vinho: Vinho\u00a0<\/span><span style=\"font-size:12pt;font-family:Calibri;color:#000000;font-weight:normal;font-style:normal;\">Branco<\/span><\/p>\n<p style=\"margin-top:0pt;margin-bottom:0pt;margin-left:0in;text-align:left;vertical-align:baseline;\"><span style=\"font-size:12pt;font-family:Calibri;color:#000000;font-weight:normal;font-style:normal;\">Casta:\u00a0<\/span><span style=\"font-size:12pt;font-family:Calibri;color:#000000;font-weight:normal;font-style:normal;\">\u00a0<\/span><span style=\"font-size:12pt;font-family:Calibri;color:#000000;font-weight:normal;font-style:normal;\">Encruzado<\/span><span style=\"font-size:12pt;font-family:Calibri;color:#000000;font-weight:normal;font-style:normal;\">,\u00a0<\/span><span style=\"font-size:12pt;font-family:Calibri;color:#000000;font-weight:normal;font-style:normal;\">Bical<\/span><span style=\"font-size:12pt;font-family:Calibri;color:#000000;font-weight:normal;font-style:normal;\">\u00a0&amp; Verdelho<\/span><\/p>\n<p style=\"margin-top:0pt;margin-bottom:0pt;margin-left:0in;text-align:left;vertical-align:baseline;\"><span style=\"font-size:12pt;font-family:Calibri;color:#000000;font-weight:normal;font-style:normal;\">Garrafa<\/span><span style=\"font-size:12pt;font-family:Calibri;color:#000000;font-weight:normal;font-style:normal;\">: 750ml<\/span><\/p>\n<p style=\"text-indent:0in;text-align:left;vertical-align:baseline;margin:0pt 0in 0pt 0in;\"><span style=\"font-size:12pt;font-family:Calibri;color:#000000;font-weight:normal;font-style:normal;\">Teor de \u00e1lcool: 14%<\/span><\/p>\n","protected":false},"author":43533,"featured_media":65412,"comment_status":"open","ping_status":"closed","template":"","meta":[],"pwb-brand":[],"product_brand":[],"product_cat":[8289,8291,8431,8489,8793],"product_tag":[],"class_list":{"0":"post-214584","1":"product","2":"type-product","3":"status-publish","4":"has-post-thumbnail","6":"product_cat-inicio","7":"product_cat-produtos-portugueses","8":"product_cat-vinhos-pt-pt","9":"product_cat-vinho-branco","10":"product_cat-dao-pt-pt-vinho-branco","12":"first","13":"outofstock","14":"taxable","15":"shipping-taxable","16":"purchasable","17":"product-type-simple"},"aioseo_notices":[],"brands":[],"_links":{"self":[{"href":"https:\/\/www.delicias-uk.com\/pt-pt\/wp-json\/wp\/v2\/product\/214584","targetHints":{"allow":["GET"]}}],"collection":[{"href":"https:\/\/www.delicias-uk.com\/pt-pt\/wp-json\/wp\/v2\/product"}],"about":[{"href":"https:\/\/www.delicias-uk.com\/pt-pt\/wp-json\/wp\/v2\/types\/product"}],"author":[{"embeddable":true,"href":"https:\/\/www.delicias-uk.com\/pt-pt\/wp-json\/wp\/v2\/users\/43533"}],"replies":[{"embeddable":true,"href":"https:\/\/www.delicias-uk.com\/pt-pt\/wp-json\/wp\/v2\/comments?post=214584"}],"wp:featuredmedia":[{"embeddable":true,"href":"https:\/\/www.delicias-uk.com\/pt-pt\/wp-json\/wp\/v2\/media\/65412"}],"wp:attachment":[{"href":"https:\/\/www.delicias-uk.com\/pt-pt\/wp-json\/wp\/v2\/media?parent=214584"}],"wp:term":[{"taxonomy":"pwb-brand","embeddable":true,"href":"https:\/\/www.delicias-uk.com\/pt-pt\/wp-json\/wp\/v2\/pwb-brand?post=214584"},{"taxonomy":"product_brand","embeddable":true,"href":"https:\/\/www.delicias-uk.com\/pt-pt\/wp-json\/wp\/v2\/product_brand?post=214584"},{"taxonomy":"product_cat","embeddable":true,"href":"https:\/\/www.delicias-uk.com\/pt-pt\/wp-json\/wp\/v2\/product_cat?post=214584"},{"taxonomy":"product_tag","embeddable":true,"href":"https:\/\/www.delicias-uk.com\/pt-pt\/wp-json\/wp\/v2\/product_tag?post=214584"}],"curies":[{"name":"wp","href":"https:\/\/api.w.org\/{rel}","templated":true}]}}