{"id":214576,"date":"2021-12-15T16:29:28","date_gmt":"2021-12-15T16:29:28","guid":{"rendered":"https:\/\/www.delicias-uk.com\/product\/qta-do-ortigao-reserva-2016-75cl-2\/"},"modified":"2025-08-29T12:39:03","modified_gmt":"2025-08-29T11:39:03","slug":"quinta-do-ortigao-reserva","status":"publish","type":"product","link":"https:\/\/www.delicias-uk.com\/pt-pt\/produto\/quinta-do-ortigao-reserva\/","title":{"rendered":"Quinta do Ortig\u00e3o Reserva 2016 75cl"},"content":{"rendered":"<p data-start=\"0\" data-end=\"31\"><strong>Quinta do Ortig\u00e3o Reserve Red<\/strong><\/p>\n<p data-start=\"33\" data-end=\"241\"><strong>Notas de prova<\/strong><br data-start=\"47\" data-end=\"50\" \/>Cor gren\u00e1 definida. Predom\u00ednio de frutos vermelhos maduros e frutos do bosque, com nuances tostadas. Frutado, com taninos redondos que evidenciam a sua eleg\u00e2ncia, final persistente e longo.<\/p>\n<p data-start=\"243\" data-end=\"428\"><strong>Produtor:<\/strong> Quinta do Encontro<br data-start=\"271\" data-end=\"274\" \/><strong>Regi\u00e3o:<\/strong> Bairrada, Portugal<br data-start=\"300\" data-end=\"303\" \/><strong>Estilo:<\/strong> Vinho Tinto<br data-start=\"322\" data-end=\"325\" \/><strong>Castas:<\/strong> 100% Baga<br data-start=\"342\" data-end=\"345\" \/><strong>Volume da Garrafa:<\/strong> 75cl<br data-start=\"368\" data-end=\"371\" \/><strong>Teor Alco\u00f3lico:<\/strong> 13,5%<br data-start=\"392\" data-end=\"395\" \/><strong>Temperatura de Servi\u00e7o:<\/strong> 16\u201318\u00baC<\/p>\n<p data-start=\"430\" data-end=\"497\"><strong>Harmoniza\u00e7\u00e3o<\/strong><br data-start=\"442\" data-end=\"445\" \/>Pratos de carne vermelha simples e queijos suaves.<\/p>\n<p data-start=\"499\" data-end=\"682\" data-is-last-node=\"\" data-is-only-node=\"\"><strong>Vinifica\u00e7\u00e3o<\/strong><br data-start=\"510\" data-end=\"513\" \/>Desengace total, macera\u00e7\u00e3o prolongada das pel\u00edculas, fermenta\u00e7\u00e3o alco\u00f3lica a 26\u00baC e est\u00e1gio de 12 meses em barricas de carvalho franc\u00eas (30% novas e 70% de segundo uso).<\/p>\n","protected":false},"excerpt":{"rendered":"<ul>\n<li><strong>Produtor:<\/strong> Quinta do Encontro<\/li>\n<li><strong>Regi\u00e3o:<\/strong> Bairrada, Portugal<\/li>\n<li><strong>Estilo:<\/strong> Vinho Tinto<\/li>\n<li><strong>Castas:<\/strong> 100% Baga<\/li>\n<li><strong>Volume da Garrafa:<\/strong> 75cl<\/li>\n<li><strong>Teor Alco\u00f3lico:<\/strong> 13,5%<\/li>\n<li><strong>Temperatura de Servi\u00e7o:<\/strong> 16\u201318\u00baC<\/li>\n<\/ul>\n","protected":false},"author":43533,"featured_media":234197,"comment_status":"open","ping_status":"closed","template":"","meta":[],"pwb-brand":[],"product_brand":[],"product_cat":[8289,8291,8431,8449,8723],"product_tag":[9237,9238],"class_list":{"0":"post-214576","1":"product","2":"type-product","3":"status-publish","4":"has-post-thumbnail","6":"product_cat-inicio","7":"product_cat-produtos-portugueses","8":"product_cat-vinhos-pt-pt","9":"product_cat-vinho-tinto","10":"product_cat-bairrada-pt-pt","11":"product_tag-red-wine-pt-pt","12":"product_tag-wine-pt-pt","14":"first","15":"outofstock","16":"taxable","17":"shipping-taxable","18":"purchasable","19":"product-type-simple"},"aioseo_notices":[],"brands":[],"_links":{"self":[{"href":"https:\/\/www.delicias-uk.com\/pt-pt\/wp-json\/wp\/v2\/product\/214576","targetHints":{"allow":["GET"]}}],"collection":[{"href":"https:\/\/www.delicias-uk.com\/pt-pt\/wp-json\/wp\/v2\/product"}],"about":[{"href":"https:\/\/www.delicias-uk.com\/pt-pt\/wp-json\/wp\/v2\/types\/product"}],"author":[{"embeddable":true,"href":"https:\/\/www.delicias-uk.com\/pt-pt\/wp-json\/wp\/v2\/users\/43533"}],"replies":[{"embeddable":true,"href":"https:\/\/www.delicias-uk.com\/pt-pt\/wp-json\/wp\/v2\/comments?post=214576"}],"wp:featuredmedia":[{"embeddable":true,"href":"https:\/\/www.delicias-uk.com\/pt-pt\/wp-json\/wp\/v2\/media\/234197"}],"wp:attachment":[{"href":"https:\/\/www.delicias-uk.com\/pt-pt\/wp-json\/wp\/v2\/media?parent=214576"}],"wp:term":[{"taxonomy":"pwb-brand","embeddable":true,"href":"https:\/\/www.delicias-uk.com\/pt-pt\/wp-json\/wp\/v2\/pwb-brand?post=214576"},{"taxonomy":"product_brand","embeddable":true,"href":"https:\/\/www.delicias-uk.com\/pt-pt\/wp-json\/wp\/v2\/product_brand?post=214576"},{"taxonomy":"product_cat","embeddable":true,"href":"https:\/\/www.delicias-uk.com\/pt-pt\/wp-json\/wp\/v2\/product_cat?post=214576"},{"taxonomy":"product_tag","embeddable":true,"href":"https:\/\/www.delicias-uk.com\/pt-pt\/wp-json\/wp\/v2\/product_tag?post=214576"}],"curies":[{"name":"wp","href":"https:\/\/api.w.org\/{rel}","templated":true}]}}