{"id":214574,"date":"2021-12-15T16:21:23","date_gmt":"2021-12-15T16:21:23","guid":{"rendered":"https:\/\/www.delicias-uk.com\/product\/qta-do-ortigao-sauvignon-blanc-75cl-2\/"},"modified":"2021-12-15T16:21:23","modified_gmt":"2021-12-15T16:21:23","slug":"qta-do-ortigao-sauvignon-blanc-75cl-2","status":"publish","type":"product","link":"https:\/\/www.delicias-uk.com\/pt-pt\/produto\/qta-do-ortigao-sauvignon-blanc-75cl-2\/","title":{"rendered":"Quinta do Ortig\u00e3o Sauvignon Blanc 2020 75cl"},"content":{"rendered":"<p>Reflete a tipicidade da casta numa exuber\u00e2ncia contida. Frescura e equil\u00edbrio muito bem conseguidos.<\/p>\n<p>Produtor: Quinta do Ortigao<\/p>\n<p>Regiao: Bairrada<\/p>\n<p>Pa\u00eds: Portugal<\/p>\n<p>Tipo de Vinho: Branco<\/p>\n<p>Castas: Sauvignon Blanc<\/p>\n<p>Garrafa: 750ml<\/p>\n<p>Teor Alcoolico: 12.5%<\/p>\n","protected":false},"excerpt":{"rendered":"<ul>\n<li>Produtor: Quinta do Ortigao<\/li>\n<li>Regiao: Bairrada<\/li>\n<li>Pa\u00eds: Portugal<\/li>\n<li>Tipo de Vinho: Branco<\/li>\n<li>Castas: Sauvignon Blanc<\/li>\n<li>Garrafa: 750ml<\/li>\n<li>Teor Alcoolico: 12.5%<\/li>\n<\/ul>\n","protected":false},"author":43533,"featured_media":65392,"comment_status":"open","ping_status":"closed","template":"","meta":[],"pwb-brand":[],"product_brand":[],"product_cat":[8289,8291,8431,8489,8725],"product_tag":[],"class_list":{"0":"post-214574","1":"product","2":"type-product","3":"status-publish","4":"has-post-thumbnail","6":"product_cat-inicio","7":"product_cat-produtos-portugueses","8":"product_cat-vinhos-pt-pt","9":"product_cat-vinho-branco","10":"product_cat-bairrada-pt-pt-vinho-branco","12":"first","13":"outofstock","14":"taxable","15":"shipping-taxable","16":"purchasable","17":"product-type-simple"},"aioseo_notices":[],"brands":[],"_links":{"self":[{"href":"https:\/\/www.delicias-uk.com\/pt-pt\/wp-json\/wp\/v2\/product\/214574","targetHints":{"allow":["GET"]}}],"collection":[{"href":"https:\/\/www.delicias-uk.com\/pt-pt\/wp-json\/wp\/v2\/product"}],"about":[{"href":"https:\/\/www.delicias-uk.com\/pt-pt\/wp-json\/wp\/v2\/types\/product"}],"author":[{"embeddable":true,"href":"https:\/\/www.delicias-uk.com\/pt-pt\/wp-json\/wp\/v2\/users\/43533"}],"replies":[{"embeddable":true,"href":"https:\/\/www.delicias-uk.com\/pt-pt\/wp-json\/wp\/v2\/comments?post=214574"}],"wp:featuredmedia":[{"embeddable":true,"href":"https:\/\/www.delicias-uk.com\/pt-pt\/wp-json\/wp\/v2\/media\/65392"}],"wp:attachment":[{"href":"https:\/\/www.delicias-uk.com\/pt-pt\/wp-json\/wp\/v2\/media?parent=214574"}],"wp:term":[{"taxonomy":"pwb-brand","embeddable":true,"href":"https:\/\/www.delicias-uk.com\/pt-pt\/wp-json\/wp\/v2\/pwb-brand?post=214574"},{"taxonomy":"product_brand","embeddable":true,"href":"https:\/\/www.delicias-uk.com\/pt-pt\/wp-json\/wp\/v2\/product_brand?post=214574"},{"taxonomy":"product_cat","embeddable":true,"href":"https:\/\/www.delicias-uk.com\/pt-pt\/wp-json\/wp\/v2\/product_cat?post=214574"},{"taxonomy":"product_tag","embeddable":true,"href":"https:\/\/www.delicias-uk.com\/pt-pt\/wp-json\/wp\/v2\/product_tag?post=214574"}],"curies":[{"name":"wp","href":"https:\/\/api.w.org\/{rel}","templated":true}]}}