{"id":214572,"date":"2021-12-15T16:10:48","date_gmt":"2021-12-15T16:10:48","guid":{"rendered":"https:\/\/www.delicias-uk.com\/product\/sparkling-white-qta-do-ortigao-baga-75cl-2\/"},"modified":"2021-12-15T16:10:48","modified_gmt":"2021-12-15T16:10:48","slug":"sparkling-white-qta-do-ortigao-baga-75cl-2","status":"publish","type":"product","link":"https:\/\/www.delicias-uk.com\/pt-pt\/produto\/sparkling-white-qta-do-ortigao-baga-75cl-2\/","title":{"rendered":"Espumante Branco Quinta do Ortig\u00e3o Baga 2019 75cl"},"content":{"rendered":"<p>Feito pelo m\u00e9todo cl\u00e1ssico (fermenta\u00e7\u00e3o em garrafa). O \u201cremuage\u201d manual e o \u201cdesgorgement\u201d, opera\u00e7\u00e3o manual que segue as antigas tradi\u00e7\u00f5es dos monges de Champagne, garantem a boa qualidade deste espumante.<\/p>\n<p>Notas de Prova: Cor amarela definida. Aroma intenso a frutos vermelhos, predominando as cerejas. Frutado e fresco. Final equilibrado com excelente volume de boca.<\/p>\n<p>Conselhos de Conserva\u00e7\u00e3o e Servir: Beber \u00e0 temperatura de 8\u00baC.<\/p>\n<\/p>\n<p>Produtor: Quinta do Ortig\u00e3o<\/p>\n<p>Pa\u00eds: Portugal<\/p>\n<p>Regi\u00e3o: Bairrada<\/p>\n<p>Tipo de Vinho: Branco<\/p>\n<p>Castas:\u00a0 Baga<\/p>\n<p>Garrafa: 750ml<\/p>\n<p>Teor Alcoolico: 12.5%<\/p>\n","protected":false},"excerpt":{"rendered":"<ul>\n<li>Produtor: Quinta do Ortig\u00e3o<\/li>\n<li>Pa\u00eds: Portugal<\/li>\n<li>Regi\u00e3o: Bairrada<\/li>\n<li>Tipo de Vinho: Branco<\/li>\n<li>Castas:\u00a0 Baga<\/li>\n<li>Garrafa: 750ml<\/li>\n<li>Teor Alcoolico: 12.5%<\/li>\n<\/ul>\n","protected":false},"author":43533,"featured_media":90024,"comment_status":"open","ping_status":"closed","template":"","meta":[],"pwb-brand":[],"product_brand":[],"product_cat":[8289,8291,8431,8563],"product_tag":[],"class_list":{"0":"post-214572","1":"product","2":"type-product","3":"status-publish","4":"has-post-thumbnail","6":"product_cat-inicio","7":"product_cat-produtos-portugueses","8":"product_cat-vinhos-pt-pt","9":"product_cat-espumantes","11":"first","12":"outofstock","13":"taxable","14":"shipping-taxable","15":"purchasable","16":"product-type-simple"},"aioseo_notices":[],"brands":[],"_links":{"self":[{"href":"https:\/\/www.delicias-uk.com\/pt-pt\/wp-json\/wp\/v2\/product\/214572","targetHints":{"allow":["GET"]}}],"collection":[{"href":"https:\/\/www.delicias-uk.com\/pt-pt\/wp-json\/wp\/v2\/product"}],"about":[{"href":"https:\/\/www.delicias-uk.com\/pt-pt\/wp-json\/wp\/v2\/types\/product"}],"author":[{"embeddable":true,"href":"https:\/\/www.delicias-uk.com\/pt-pt\/wp-json\/wp\/v2\/users\/43533"}],"replies":[{"embeddable":true,"href":"https:\/\/www.delicias-uk.com\/pt-pt\/wp-json\/wp\/v2\/comments?post=214572"}],"wp:featuredmedia":[{"embeddable":true,"href":"https:\/\/www.delicias-uk.com\/pt-pt\/wp-json\/wp\/v2\/media\/90024"}],"wp:attachment":[{"href":"https:\/\/www.delicias-uk.com\/pt-pt\/wp-json\/wp\/v2\/media?parent=214572"}],"wp:term":[{"taxonomy":"pwb-brand","embeddable":true,"href":"https:\/\/www.delicias-uk.com\/pt-pt\/wp-json\/wp\/v2\/pwb-brand?post=214572"},{"taxonomy":"product_brand","embeddable":true,"href":"https:\/\/www.delicias-uk.com\/pt-pt\/wp-json\/wp\/v2\/product_brand?post=214572"},{"taxonomy":"product_cat","embeddable":true,"href":"https:\/\/www.delicias-uk.com\/pt-pt\/wp-json\/wp\/v2\/product_cat?post=214572"},{"taxonomy":"product_tag","embeddable":true,"href":"https:\/\/www.delicias-uk.com\/pt-pt\/wp-json\/wp\/v2\/product_tag?post=214572"}],"curies":[{"name":"wp","href":"https:\/\/api.w.org\/{rel}","templated":true}]}}