{"id":214568,"date":"2021-12-15T15:53:30","date_gmt":"2021-12-15T15:53:30","guid":{"rendered":"https:\/\/www.delicias-uk.com\/product\/qta-do-ortigao-colheita-2018-2\/"},"modified":"2026-02-24T11:57:02","modified_gmt":"2026-02-24T11:57:02","slug":"qta-do-ortigao-colheita-2018-2","status":"publish","type":"product","link":"https:\/\/www.delicias-uk.com\/pt-pt\/produto\/qta-do-ortigao-colheita-2018-2\/","title":{"rendered":"Quinta do Ortig\u00e3o Colheita 2018 75cl"},"content":{"rendered":"<p data-start=\"47\" data-end=\"79\"><strong data-start=\"47\" data-end=\"77\">Quinta do Ortig\u00e3o Colheita<\/strong><\/p>\n<p data-start=\"81\" data-end=\"327\">As vinhas da Quinta do Ortig\u00e3o est\u00e3o localizadas no cora\u00e7\u00e3o da Bairrada, em Anadia, entre as serras do Caramulo e do Bu\u00e7aco, a cerca de 50 metros de altitude. As vinhas mais antigas foram plantadas em 1972, seguidas de novas planta\u00e7\u00f5es em 1999.<\/p>\n<p data-start=\"329\" data-end=\"550\"><strong data-start=\"329\" data-end=\"342\">Produtor:<\/strong> Quinta do Ortig\u00e3o<br data-start=\"360\" data-end=\"363\" \/><strong data-start=\"363\" data-end=\"374\">Regi\u00e3o:<\/strong> Bairrada, Portugal<br data-start=\"393\" data-end=\"396\" \/><strong data-start=\"396\" data-end=\"407\">Estilo:<\/strong> Vinho Tinto<br data-start=\"419\" data-end=\"422\" \/><strong data-start=\"422\" data-end=\"433\">Castas:<\/strong> Baga, Tinta Roriz e Touriga Nacional<br data-start=\"470\" data-end=\"473\" \/><strong data-start=\"473\" data-end=\"485\">Garrafa:<\/strong> 75cl<br data-start=\"490\" data-end=\"493\" data-is-only-node=\"\" \/><strong data-start=\"493\" data-end=\"504\">\u00c1lcool:<\/strong> 13,5%<br data-start=\"510\" data-end=\"513\" \/><strong data-start=\"513\" data-end=\"540\">Temperatura de Servi\u00e7o:<\/strong> 16\u201318\u00baC<\/p>\n<p data-start=\"552\" data-end=\"676\"><strong data-start=\"552\" data-end=\"570\">Notas de Prova<\/strong><br data-start=\"570\" data-end=\"573\" \/>Cor rubi com nuances de violeta. Aroma a frutos vermelhos e morangos. Jovem, macio e bem equilibrado.<\/p>\n<p data-start=\"678\" data-end=\"715\"><strong data-start=\"678\" data-end=\"694\">Harmoniza\u00e7\u00e3o<\/strong><br data-start=\"694\" data-end=\"697\" \/>Pratos de carne.<\/p>\n<p data-start=\"717\" data-end=\"899\"><strong data-start=\"717\" data-end=\"732\">Vinifica\u00e7\u00e3o<\/strong><br data-start=\"732\" data-end=\"735\" \/>Desengace e esmagamento, fermenta\u00e7\u00e3o tradicional em cubas de inox com macera\u00e7\u00e3o pelicular prolongada, mas suave. Fermenta\u00e7\u00e3o alco\u00f3lica a temperaturas controladas.<\/p>\n","protected":false},"excerpt":{"rendered":"<ul>\n<li><strong data-start=\"329\" data-end=\"342\">Produtor:<\/strong> Quinta do Ortig\u00e3o<\/li>\n<li><strong data-start=\"363\" data-end=\"374\">Regi\u00e3o:<\/strong> Bairrada, Portugal<\/li>\n<li><strong data-start=\"396\" data-end=\"407\">Estilo:<\/strong> Vinho Tinto<\/li>\n<li><strong data-start=\"422\" data-end=\"433\">Castas:<\/strong> Baga, Tinta Roriz e Touriga Nacional<\/li>\n<li><strong data-start=\"473\" data-end=\"485\">Garrafa:<\/strong> 75cl<\/li>\n<li><strong data-start=\"493\" data-end=\"504\">\u00c1lcool:<\/strong> 13,5%<\/li>\n<li><strong data-start=\"513\" data-end=\"540\">Temperatura de Servi\u00e7o:<\/strong> 16\u201318\u00baC<\/li>\n<\/ul>\n","protected":false},"author":43533,"featured_media":234171,"comment_status":"open","ping_status":"closed","template":"","meta":[],"pwb-brand":[],"product_brand":[],"product_cat":[8289,8291,8431,8449,8723],"product_tag":[9237,9238],"class_list":{"0":"post-214568","1":"product","2":"type-product","3":"status-publish","4":"has-post-thumbnail","6":"product_cat-inicio","7":"product_cat-produtos-portugueses","8":"product_cat-vinhos-pt-pt","9":"product_cat-vinho-tinto","10":"product_cat-bairrada-pt-pt","11":"product_tag-red-wine-pt-pt","12":"product_tag-wine-pt-pt","14":"first","15":"instock","16":"taxable","17":"shipping-taxable","18":"purchasable","19":"product-type-simple"},"aioseo_notices":[],"brands":[],"_links":{"self":[{"href":"https:\/\/www.delicias-uk.com\/pt-pt\/wp-json\/wp\/v2\/product\/214568","targetHints":{"allow":["GET"]}}],"collection":[{"href":"https:\/\/www.delicias-uk.com\/pt-pt\/wp-json\/wp\/v2\/product"}],"about":[{"href":"https:\/\/www.delicias-uk.com\/pt-pt\/wp-json\/wp\/v2\/types\/product"}],"author":[{"embeddable":true,"href":"https:\/\/www.delicias-uk.com\/pt-pt\/wp-json\/wp\/v2\/users\/43533"}],"replies":[{"embeddable":true,"href":"https:\/\/www.delicias-uk.com\/pt-pt\/wp-json\/wp\/v2\/comments?post=214568"}],"wp:featuredmedia":[{"embeddable":true,"href":"https:\/\/www.delicias-uk.com\/pt-pt\/wp-json\/wp\/v2\/media\/234171"}],"wp:attachment":[{"href":"https:\/\/www.delicias-uk.com\/pt-pt\/wp-json\/wp\/v2\/media?parent=214568"}],"wp:term":[{"taxonomy":"pwb-brand","embeddable":true,"href":"https:\/\/www.delicias-uk.com\/pt-pt\/wp-json\/wp\/v2\/pwb-brand?post=214568"},{"taxonomy":"product_brand","embeddable":true,"href":"https:\/\/www.delicias-uk.com\/pt-pt\/wp-json\/wp\/v2\/product_brand?post=214568"},{"taxonomy":"product_cat","embeddable":true,"href":"https:\/\/www.delicias-uk.com\/pt-pt\/wp-json\/wp\/v2\/product_cat?post=214568"},{"taxonomy":"product_tag","embeddable":true,"href":"https:\/\/www.delicias-uk.com\/pt-pt\/wp-json\/wp\/v2\/product_tag?post=214568"}],"curies":[{"name":"wp","href":"https:\/\/api.w.org\/{rel}","templated":true}]}}