{"id":214552,"date":"2021-12-13T17:29:28","date_gmt":"2021-12-13T17:29:28","guid":{"rendered":"https:\/\/www.delicias-uk.com\/product\/natal-bolo-rei-ambiente-alvorada-ccaixa-1kg-3\/"},"modified":"2025-12-20T15:53:34","modified_gmt":"2025-12-20T15:53:34","slug":"natal-bolo-rei-ambiente-alvorada-ccaixa-1kg-3","status":"publish","type":"product","link":"https:\/\/www.delicias-uk.com\/pt-pt\/produto\/natal-bolo-rei-ambiente-alvorada-ccaixa-1kg-3\/","title":{"rendered":"Bolo Rainha (Temperatura Ambiente) Confeitaria do Vale 900g"},"content":{"rendered":"<p>O Bolo Rainha feito inteiramente \u00e0 m\u00e3o segundo receitas tradicionais em forma de coroa. Usando massa l\u00eaveda rica, fruta caramelizada e frutos secos. Produto ambiente. Pronto para consumo.<\/p>\n","protected":false},"excerpt":{"rendered":"<ul style=\"list-style-type:disc;\">\n<li>Bolo Rainha<\/li>\n<li>Marca: Confeitaria do Vale<\/li>\n<li>Tamanho: 900g<\/li>\n<\/ul>\n","protected":false},"author":43533,"featured_media":241461,"comment_status":"open","ping_status":"closed","template":"","meta":[],"pwb-brand":[],"product_brand":[],"product_cat":[9313,8289],"product_tag":[],"class_list":{"0":"post-214552","1":"product","2":"type-product","3":"status-publish","4":"has-post-thumbnail","6":"product_cat-bolos-de-natal","7":"product_cat-inicio","9":"first","10":"outofstock","11":"taxable","12":"shipping-taxable","13":"purchasable","14":"product-type-simple"},"aioseo_notices":[],"brands":[],"_links":{"self":[{"href":"https:\/\/www.delicias-uk.com\/pt-pt\/wp-json\/wp\/v2\/product\/214552","targetHints":{"allow":["GET"]}}],"collection":[{"href":"https:\/\/www.delicias-uk.com\/pt-pt\/wp-json\/wp\/v2\/product"}],"about":[{"href":"https:\/\/www.delicias-uk.com\/pt-pt\/wp-json\/wp\/v2\/types\/product"}],"author":[{"embeddable":true,"href":"https:\/\/www.delicias-uk.com\/pt-pt\/wp-json\/wp\/v2\/users\/43533"}],"replies":[{"embeddable":true,"href":"https:\/\/www.delicias-uk.com\/pt-pt\/wp-json\/wp\/v2\/comments?post=214552"}],"wp:featuredmedia":[{"embeddable":true,"href":"https:\/\/www.delicias-uk.com\/pt-pt\/wp-json\/wp\/v2\/media\/241461"}],"wp:attachment":[{"href":"https:\/\/www.delicias-uk.com\/pt-pt\/wp-json\/wp\/v2\/media?parent=214552"}],"wp:term":[{"taxonomy":"pwb-brand","embeddable":true,"href":"https:\/\/www.delicias-uk.com\/pt-pt\/wp-json\/wp\/v2\/pwb-brand?post=214552"},{"taxonomy":"product_brand","embeddable":true,"href":"https:\/\/www.delicias-uk.com\/pt-pt\/wp-json\/wp\/v2\/product_brand?post=214552"},{"taxonomy":"product_cat","embeddable":true,"href":"https:\/\/www.delicias-uk.com\/pt-pt\/wp-json\/wp\/v2\/product_cat?post=214552"},{"taxonomy":"product_tag","embeddable":true,"href":"https:\/\/www.delicias-uk.com\/pt-pt\/wp-json\/wp\/v2\/product_tag?post=214552"}],"curies":[{"name":"wp","href":"https:\/\/api.w.org\/{rel}","templated":true}]}}