{"id":214550,"date":"2021-12-09T14:10:15","date_gmt":"2021-12-09T14:10:15","guid":{"rendered":"https:\/\/www.delicias-uk.com\/product\/presunto-varanegra-fatiado-a-mao-80g\/"},"modified":"2025-02-06T17:17:35","modified_gmt":"2025-02-06T17:17:35","slug":"presunto-varanegra-fatiado-a-mao-80g","status":"publish","type":"product","link":"https:\/\/www.delicias-uk.com\/pt-pt\/produto\/presunto-varanegra-fatiado-a-mao-80g\/","title":{"rendered":"Presunto Varanegra Fatiado \u00e0 M\u00e3o 80g"},"content":{"rendered":"<p>Presunto varanegra, com muito rigor e arte no corte, obtemos o nosso produto fatiado \u00e0 m\u00e3o. Esta forma de apresentar o produto foi pensada para si, pois tem todo o sabor e requinte das fatias vivas, acrescentando rentabilidade, tempo, seguran\u00e7a e qualidade alimentar ao seu neg\u00f3cio. 24 \u2013 30 meses de matura\u00e7\u00e3o. Ideal para consumo entre 23\u00baC e 25\u00baC<\/p>\n<p><strong>Ingredientes<\/strong>: Perna de porco preto do campo (Origem: 100% portuguesa) (97%), sal e conservantes (Nitrato de Pot\u00e1ssio e Nitrito de S\u00f3dio).<\/p>\n<p><strong>Al\u00e9rgenos<\/strong>: nenhum<\/p>\n<p><strong>Informa\u00e7\u00f5es nutricionais por 100g:<\/strong><\/p>\n<ul style=\"list-style-type:disc;\">\n<li>Energia 1956 kJ \/ 473 Kcal<\/li>\n<li>L\u00edpidos 42 g<\/li>\n<li>dos quais saturados 17 g<\/li>\n<li>Carboidratos 0,6 g<\/li>\n<li>dos quais a\u00e7\u00facares 0 g<\/li>\n<li>Fibra 0 g<\/li>\n<li>Prote\u00edna 22 g<\/li>\n<li>Sal 3,9 g<\/li>\n<\/ul>\n<p><strong>Pa\u00eds de origem<\/strong>: Portugal<\/p>\n","protected":false},"excerpt":{"rendered":"<ul style=\"list-style-type:disc;\">\n<li>Peso l\u00edquido 80g<\/li>\n<li>Fatiado \u00e0 m\u00e3o<\/li>\n<li>Sem gl\u00faten, lactose e a\u00e7\u00facar<\/li>\n<\/ul>\n","protected":false},"author":43533,"featured_media":89978,"comment_status":"open","ping_status":"closed","template":"","meta":[],"pwb-brand":[],"product_brand":[],"product_cat":[9336,8289,8291,8337,8665,8499],"product_tag":[],"class_list":{"0":"post-214550","1":"product","2":"type-product","3":"status-publish","4":"has-post-thumbnail","6":"product_cat-presunto-curado-fatiado","7":"product_cat-inicio","8":"product_cat-produtos-portugueses","9":"product_cat-charcutaria","10":"product_cat-presunto-curado","11":"product_cat-sem-glutem","13":"first","14":"instock","15":"taxable","16":"shipping-taxable","17":"purchasable","18":"product-type-simple"},"aioseo_notices":[],"brands":[],"_links":{"self":[{"href":"https:\/\/www.delicias-uk.com\/pt-pt\/wp-json\/wp\/v2\/product\/214550","targetHints":{"allow":["GET"]}}],"collection":[{"href":"https:\/\/www.delicias-uk.com\/pt-pt\/wp-json\/wp\/v2\/product"}],"about":[{"href":"https:\/\/www.delicias-uk.com\/pt-pt\/wp-json\/wp\/v2\/types\/product"}],"author":[{"embeddable":true,"href":"https:\/\/www.delicias-uk.com\/pt-pt\/wp-json\/wp\/v2\/users\/43533"}],"replies":[{"embeddable":true,"href":"https:\/\/www.delicias-uk.com\/pt-pt\/wp-json\/wp\/v2\/comments?post=214550"}],"wp:featuredmedia":[{"embeddable":true,"href":"https:\/\/www.delicias-uk.com\/pt-pt\/wp-json\/wp\/v2\/media\/89978"}],"wp:attachment":[{"href":"https:\/\/www.delicias-uk.com\/pt-pt\/wp-json\/wp\/v2\/media?parent=214550"}],"wp:term":[{"taxonomy":"pwb-brand","embeddable":true,"href":"https:\/\/www.delicias-uk.com\/pt-pt\/wp-json\/wp\/v2\/pwb-brand?post=214550"},{"taxonomy":"product_brand","embeddable":true,"href":"https:\/\/www.delicias-uk.com\/pt-pt\/wp-json\/wp\/v2\/product_brand?post=214550"},{"taxonomy":"product_cat","embeddable":true,"href":"https:\/\/www.delicias-uk.com\/pt-pt\/wp-json\/wp\/v2\/product_cat?post=214550"},{"taxonomy":"product_tag","embeddable":true,"href":"https:\/\/www.delicias-uk.com\/pt-pt\/wp-json\/wp\/v2\/product_tag?post=214550"}],"curies":[{"name":"wp","href":"https:\/\/api.w.org\/{rel}","templated":true}]}}