{"id":214540,"date":"2021-12-07T12:07:36","date_gmt":"2021-12-07T12:07:36","guid":{"rendered":"https:\/\/www.delicias-uk.com\/product\/mel-serramel-cpropolis-fr-300g-2\/"},"modified":"2021-12-07T12:07:36","modified_gmt":"2021-12-07T12:07:36","slug":"mel-serramel-cpropolis-fr-300g-2","status":"publish","type":"product","link":"https:\/\/www.delicias-uk.com\/pt-pt\/produto\/mel-serramel-cpropolis-fr-300g-2\/","title":{"rendered":"Mel Com Pr\u00f3polis Serramel Frasco 300g"},"content":{"rendered":"<p style=\"margin-top:0pt;margin-bottom:0pt;margin-left:0in;text-align:left;\"><span style=\"font-size:11pt;font-family:Calibri;color:#000000;font-weight:normal;font-style:normal;\">O pr\u00f3polis \u00e9 uma subst\u00e2ncia proveniente de resinas recolhidas pelas abelhas nos rebentos novos de algumas \u00e1rvores. Os seus principais constituintes pertencem \u00e0 classe dos flavon\u00f3ides. \u00c9 a estes componentes que o pr\u00f3polis deve as suas propriedades mais importantes: bactericida, bacteriost\u00e1tico, anti-inflamat\u00f3rio, cicatrizante e anest\u00e9sico.<\/span><\/p>\n<p style=\"margin-top:0pt;margin-bottom:0pt;margin-left:0in;text-align:left;\">\n<p style=\"margin-top:0pt;margin-bottom:0pt;margin-left:0in;text-align:left;\"><span style=\"font-size:11pt;font-family:Calibri;color:#000000;font-weight:normal;font-style:normal;\">O Mel com Pr\u00f3polis (mel de rosmaninho com 3% de Pr\u00f3polis) \u00e9 aconselh\u00e1vel nos casos de afec\u00e7\u00f5es das vias respirat\u00f3rias, aftas da boca e les\u00f5es da pele ou das mucosas.<\/span><\/p>\n<p style=\"margin-top:0pt;margin-bottom:0pt;margin-left:0in;text-align:left;\">\n<p style=\"margin-top:0pt;margin-bottom:0pt;margin-left:0in;text-align:left;\">\n<p style=\"margin-top:0pt;margin-bottom:0pt;margin-left:0in;text-align:left;\"><span style=\"font-size:11pt;font-family:Calibri;color:#000000;\">Composi\u00e7\u00e3o do Pr\u00f3polis:<\/span><\/p>\n<p style=\"margin-top:0pt;margin-bottom:0pt;margin-left:0in;text-align:left;\">\n<p style=\"margin-top:0pt;margin-bottom:0pt;margin-left:0in;text-align:left;\"><span style=\"font-size:11pt;font-family:Calibri;color:#000000;\">50% a 55% &#8211; resinas e b\u00e1lsamos<\/span><\/p>\n<p style=\"margin-top:0pt;margin-bottom:0pt;margin-left:0in;text-align:left;\"><span style=\"font-size:11pt;font-family:Calibri;color:#000000;\">25% a 35% &#8211; cera<\/span><\/p>\n<p style=\"margin-top:0pt;margin-bottom:0pt;margin-left:0in;text-align:left;\"><span style=\"font-size:11pt;font-family:Calibri;color:#000000;\">10% &#8211; componentes vol\u00e1teis<\/span><\/p>\n<p style=\"margin-top:0pt;margin-bottom:0pt;margin-left:0in;text-align:left;\"><span style=\"font-size:11pt;font-family:Calibri;color:#000000;\">5% &#8211; p\u00f3len<\/span><\/p>\n<p style=\"margin-top:0pt;margin-bottom:0pt;margin-left:0in;text-align:left;\"><span style=\"font-size:11pt;font-family:Calibri;color:#000000;\">5% &#8211; diversas subst\u00e2ncias org\u00e2nicas e minerais (ferro, c\u00e1lcio, alum\u00ednio, magn\u00e9sio, cobre, zinco) provitamina A, vitaminas B1, B2, C, E, PP, P, hormonas, enzimas.<\/span><\/p>\n<p style=\"margin-top:0pt;margin-bottom:0pt;margin-left:0in;text-align:left;\"><span style=\"font-size:11pt;font-family:Calibri;color:#000000;\">Os seus principais constituintes pertencem \u00e0 classe dos flavonoides, aos quais o Pr\u00f3polis deve as suas propriedades mais importantes.<\/span><\/p>\n<p style=\"margin-top:0pt;margin-bottom:0pt;margin-left:0in;text-align:left;\">\n<p style=\"margin-top:0pt;margin-bottom:0pt;margin-left:0in;text-align:left;\"><span style=\"font-size:11pt;font-family:Calibri;color:#000000;\">Serramel p\u00f5e \u00e0 sua disposi\u00e7\u00e3o Mel com Pr\u00f3polis &#8211; mel de rosmaninho com 3% de pr\u00f3polis.<\/span><\/p>\n<p style=\"margin-top:0pt;margin-bottom:0pt;margin-left:0in;text-align:left;\">\n<p style=\"margin-top:0pt;margin-bottom:0pt;margin-left:0in;text-align:left;\"><span style=\"font-size:11pt;font-family:Calibri;color:#000000;\">Aconselha-se a dose di\u00e1ria de uma colher de sopa de Mel com Pr\u00f3polis que se deve manter na boca durante alguns momentos.<\/span><\/p>\n","protected":false},"excerpt":{"rendered":"<p>O pr\u00f3polis \u00e9 uma subst\u00e2ncia proveniente de resinas recolhidas pelas abelhas nos rebentos novos de algumas \u00e1rvores. Os seus principais constituintes pertencem \u00e0 classe dos flavon\u00f3ides. \u00c9 a estes componentes que o pr\u00f3polis deve as suas propriedades mais importantes: bactericida, bacteriost\u00e1tico, anti-inflamat\u00f3rio, cicatrizante e anest\u00e9sico. O Mel com Pr\u00f3polis (mel de rosmaninho com 3% de [&hellip;]<\/p>\n","protected":false},"author":43533,"featured_media":89956,"comment_status":"open","ping_status":"closed","template":"","meta":[],"pwb-brand":[],"product_brand":[],"product_cat":[8743],"product_tag":[],"class_list":{"0":"post-214540","1":"product","2":"type-product","3":"status-publish","4":"has-post-thumbnail","6":"product_cat-mel-pt-pt","8":"first","9":"instock","10":"taxable","11":"shipping-taxable","12":"purchasable","13":"product-type-simple"},"aioseo_notices":[],"brands":[],"_links":{"self":[{"href":"https:\/\/www.delicias-uk.com\/pt-pt\/wp-json\/wp\/v2\/product\/214540","targetHints":{"allow":["GET"]}}],"collection":[{"href":"https:\/\/www.delicias-uk.com\/pt-pt\/wp-json\/wp\/v2\/product"}],"about":[{"href":"https:\/\/www.delicias-uk.com\/pt-pt\/wp-json\/wp\/v2\/types\/product"}],"author":[{"embeddable":true,"href":"https:\/\/www.delicias-uk.com\/pt-pt\/wp-json\/wp\/v2\/users\/43533"}],"replies":[{"embeddable":true,"href":"https:\/\/www.delicias-uk.com\/pt-pt\/wp-json\/wp\/v2\/comments?post=214540"}],"wp:featuredmedia":[{"embeddable":true,"href":"https:\/\/www.delicias-uk.com\/pt-pt\/wp-json\/wp\/v2\/media\/89956"}],"wp:attachment":[{"href":"https:\/\/www.delicias-uk.com\/pt-pt\/wp-json\/wp\/v2\/media?parent=214540"}],"wp:term":[{"taxonomy":"pwb-brand","embeddable":true,"href":"https:\/\/www.delicias-uk.com\/pt-pt\/wp-json\/wp\/v2\/pwb-brand?post=214540"},{"taxonomy":"product_brand","embeddable":true,"href":"https:\/\/www.delicias-uk.com\/pt-pt\/wp-json\/wp\/v2\/product_brand?post=214540"},{"taxonomy":"product_cat","embeddable":true,"href":"https:\/\/www.delicias-uk.com\/pt-pt\/wp-json\/wp\/v2\/product_cat?post=214540"},{"taxonomy":"product_tag","embeddable":true,"href":"https:\/\/www.delicias-uk.com\/pt-pt\/wp-json\/wp\/v2\/product_tag?post=214540"}],"curies":[{"name":"wp","href":"https:\/\/api.w.org\/{rel}","templated":true}]}}