{"id":214522,"date":"2021-11-25T17:51:38","date_gmt":"2021-11-25T17:51:38","guid":{"rendered":"https:\/\/www.delicias-uk.com\/product\/tapioca-hidratada-granum-400g\/"},"modified":"2026-04-13T14:47:32","modified_gmt":"2026-04-13T13:47:32","slug":"tapioca-hidratada-granum-400g","status":"publish","type":"product","link":"https:\/\/www.delicias-uk.com\/pt-pt\/produto\/tapioca-hidratada-granum-400g\/","title":{"rendered":"Tapioca Hidratada Granum 400g"},"content":{"rendered":"<p>Saud\u00e1vel, saborosa e nutritiva, a Tapioca Granum vai bem a qualquer hora do dia e pode ser recheada com seu sabor preferido, seja doce, salgado ou agridoce! Sem gl\u00faten, sem lactose, sem s\u00f3dio, sem colesterol. Recomendado para todas as idades!<\/p>\n<p><strong>Prepara\u00e7\u00e3o:<\/strong><\/p>\n<ol>\n<li>Adicione 5 colheres de sopa de tapioca em uma frigideira m\u00e9dia e espalhe com a colher. N\u00e3o use \u00f3leo ou \u00e1gua. Peneire a farinha para obter uma panqueca mais uniforme.<\/li>\n<li>Cozinhe em fogo baixo por 2 minutos at\u00e9 formar uma panqueca.<\/li>\n<li>Adicione um recheio de sua prefer\u00eancia: a tapioca \u00e9 vers\u00e1til ent\u00e3o voc\u00ea pode optar por doce ou salgado. Dobre ao meio ou como um burrito<\/li>\n<\/ol>\n<p><strong>Armazenar: <\/strong>Conservar em local fresco e ventilado, protegido da luz solar. Ap\u00f3s aberto conservar na geladeira por at\u00e9 15 dias.<\/p>\n<p><strong>Ingredientes: <\/strong>Amido de mandioca, \u00e1gua, \u00e1cido c\u00edtrico e sorbato de pot\u00e1ssio. <strong>N\u00c3O CONT\u00c9M GLUTEN<\/strong>.<\/p>\n","protected":false},"excerpt":{"rendered":"<ul style=\"list-style-type:disc\">\n<li>Ingredientes naturais, sem aromatizantes ou corantes<\/li>\n<li>Produto com certifica\u00e7\u00e3o vegano<\/li>\n<li>N\u00e3o cont\u00e9m gluten<\/li>\n<\/ul>\n","protected":false},"author":43533,"featured_media":89894,"comment_status":"open","ping_status":"closed","template":"","meta":[],"pwb-brand":[],"product_brand":[],"product_cat":[8289,8293,8319,8401,8517,8841],"product_tag":[],"class_list":{"0":"post-214522","1":"product","2":"type-product","3":"status-publish","4":"has-post-thumbnail","6":"product_cat-inicio","7":"product_cat-produtos-brasileiros","8":"product_cat-especiais-do-mes-pt-pt","9":"product_cat-mercearia-pt-pt","10":"product_cat-farinhas-e-graos","11":"product_cat-tapioca","13":"first","14":"instock","15":"featured","16":"taxable","17":"shipping-taxable","18":"purchasable","19":"product-type-simple"},"aioseo_notices":[],"brands":[],"_links":{"self":[{"href":"https:\/\/www.delicias-uk.com\/pt-pt\/wp-json\/wp\/v2\/product\/214522","targetHints":{"allow":["GET"]}}],"collection":[{"href":"https:\/\/www.delicias-uk.com\/pt-pt\/wp-json\/wp\/v2\/product"}],"about":[{"href":"https:\/\/www.delicias-uk.com\/pt-pt\/wp-json\/wp\/v2\/types\/product"}],"author":[{"embeddable":true,"href":"https:\/\/www.delicias-uk.com\/pt-pt\/wp-json\/wp\/v2\/users\/43533"}],"replies":[{"embeddable":true,"href":"https:\/\/www.delicias-uk.com\/pt-pt\/wp-json\/wp\/v2\/comments?post=214522"}],"wp:featuredmedia":[{"embeddable":true,"href":"https:\/\/www.delicias-uk.com\/pt-pt\/wp-json\/wp\/v2\/media\/89894"}],"wp:attachment":[{"href":"https:\/\/www.delicias-uk.com\/pt-pt\/wp-json\/wp\/v2\/media?parent=214522"}],"wp:term":[{"taxonomy":"pwb-brand","embeddable":true,"href":"https:\/\/www.delicias-uk.com\/pt-pt\/wp-json\/wp\/v2\/pwb-brand?post=214522"},{"taxonomy":"product_brand","embeddable":true,"href":"https:\/\/www.delicias-uk.com\/pt-pt\/wp-json\/wp\/v2\/product_brand?post=214522"},{"taxonomy":"product_cat","embeddable":true,"href":"https:\/\/www.delicias-uk.com\/pt-pt\/wp-json\/wp\/v2\/product_cat?post=214522"},{"taxonomy":"product_tag","embeddable":true,"href":"https:\/\/www.delicias-uk.com\/pt-pt\/wp-json\/wp\/v2\/product_tag?post=214522"}],"curies":[{"name":"wp","href":"https:\/\/api.w.org\/{rel}","templated":true}]}}