{"id":214498,"date":"2021-11-24T15:55:19","date_gmt":"2021-11-24T15:55:19","guid":{"rendered":"https:\/\/www.delicias-uk.com\/product\/sumo-compal-laranja-do-algarve-200ml-x-15\/"},"modified":"2026-03-31T14:56:46","modified_gmt":"2026-03-31T13:56:46","slug":"sumo-compal-laranja-do-algarve-200ml-x-15","status":"publish","type":"product","link":"https:\/\/www.delicias-uk.com\/pt-pt\/produto\/sumo-compal-laranja-do-algarve-200ml-x-15\/","title":{"rendered":"Sumo Laranja do Algarve Compal 200mll x 15"},"content":{"rendered":"<p>N\u00e3o foi preciso ir longe para descobrir as laranjas perfeitas. No Algarve a Compal encontrou o equilibrio ideal entre as horas de sol e a qualidade da terra para as laranjas mais sumarentas e doces a utilizar nos seus sumos.<\/p>\n<p>Ingredientes: Sumo e polpa de laranja, \u00e1gua, a\u00e7\u00facar e \u00e1cido asc\u00f3rbico (vitamina C).<\/p>\n","protected":false},"excerpt":{"rendered":"<ul>\n<li>N\u00e9ctar com sabor de laranja.<\/li>\n<li>Laranjas produzidas no Algarve.<\/li>\n<li>15 unidades, em garrafa de vidro, 200 ml cada.<\/li>\n<li>Min\u00edmo de 50% de fruta.<\/li>\n<\/ul>\n","protected":false},"author":43533,"featured_media":89849,"comment_status":"open","ping_status":"closed","template":"","meta":[],"pwb-brand":[],"product_brand":[],"product_cat":[8289,8291,8455],"product_tag":[],"class_list":{"0":"post-214498","1":"product","2":"type-product","3":"status-publish","4":"has-post-thumbnail","6":"product_cat-inicio","7":"product_cat-produtos-portugueses","8":"product_cat-sumos","10":"first","11":"instock","12":"taxable","13":"shipping-taxable","14":"purchasable","15":"product-type-simple"},"aioseo_notices":[],"brands":[],"_links":{"self":[{"href":"https:\/\/www.delicias-uk.com\/pt-pt\/wp-json\/wp\/v2\/product\/214498","targetHints":{"allow":["GET"]}}],"collection":[{"href":"https:\/\/www.delicias-uk.com\/pt-pt\/wp-json\/wp\/v2\/product"}],"about":[{"href":"https:\/\/www.delicias-uk.com\/pt-pt\/wp-json\/wp\/v2\/types\/product"}],"author":[{"embeddable":true,"href":"https:\/\/www.delicias-uk.com\/pt-pt\/wp-json\/wp\/v2\/users\/43533"}],"replies":[{"embeddable":true,"href":"https:\/\/www.delicias-uk.com\/pt-pt\/wp-json\/wp\/v2\/comments?post=214498"}],"wp:featuredmedia":[{"embeddable":true,"href":"https:\/\/www.delicias-uk.com\/pt-pt\/wp-json\/wp\/v2\/media\/89849"}],"wp:attachment":[{"href":"https:\/\/www.delicias-uk.com\/pt-pt\/wp-json\/wp\/v2\/media?parent=214498"}],"wp:term":[{"taxonomy":"pwb-brand","embeddable":true,"href":"https:\/\/www.delicias-uk.com\/pt-pt\/wp-json\/wp\/v2\/pwb-brand?post=214498"},{"taxonomy":"product_brand","embeddable":true,"href":"https:\/\/www.delicias-uk.com\/pt-pt\/wp-json\/wp\/v2\/product_brand?post=214498"},{"taxonomy":"product_cat","embeddable":true,"href":"https:\/\/www.delicias-uk.com\/pt-pt\/wp-json\/wp\/v2\/product_cat?post=214498"},{"taxonomy":"product_tag","embeddable":true,"href":"https:\/\/www.delicias-uk.com\/pt-pt\/wp-json\/wp\/v2\/product_tag?post=214498"}],"curies":[{"name":"wp","href":"https:\/\/api.w.org\/{rel}","templated":true}]}}