{"id":214494,"date":"2021-11-24T15:32:02","date_gmt":"2021-11-24T15:32:02","guid":{"rendered":"https:\/\/www.delicias-uk.com\/product\/licor-beirao-com-estojo-cartao-70cl\/"},"modified":"2026-02-24T11:54:14","modified_gmt":"2026-02-24T11:54:14","slug":"licor-beirao-com-estojo-cartao-70cl","status":"publish","type":"product","link":"https:\/\/www.delicias-uk.com\/pt-pt\/produto\/licor-beirao-com-estojo-cartao-70cl\/","title":{"rendered":"Licor Beir\u00e3o com Estojo Cart\u00e3o 70cl"},"content":{"rendered":"<p>Produzido na regi\u00e3o da Beira e sementes, aromatizado com ervas (entre elas, menta, eucalipto, canela, cardamomo, lavanda e rosmaninho), este \u00e9 o licor mais consumido em Portugal. Pode servir simples, com uma pedra de gelo e uma rodela de lim\u00e3o ou deixar a criatividade fluir e criar os seus cocktails.<\/p>\n<p><strong>Ingredientes<\/strong>: \u00c1gua, \u00e1lcool, a\u00e7\u00facar, destilado de plantas e sementes arom\u00e1ticas, caramelo.<\/p>\n","protected":false},"excerpt":{"rendered":"<ul style=\"list-style-type:disc;\">\n<li>Licor caracter\u00edstico da regi\u00e3o da Beira<\/li>\n<li>Teor \u00e1lcoolico: 22%<\/li>\n<li>Garrafa de vidro, 70 cl<\/li>\n<\/ul>\n","protected":false},"author":43533,"featured_media":89836,"comment_status":"open","ping_status":"closed","template":"","meta":[],"pwb-brand":[],"product_brand":[],"product_cat":[9345,8289,8291,8417,8509],"product_tag":[],"class_list":{"0":"post-214494","1":"product","2":"type-product","3":"status-publish","4":"has-post-thumbnail","6":"product_cat-gift-pack-pt-pt","7":"product_cat-inicio","8":"product_cat-produtos-portugueses","9":"product_cat-espirituosas-licor","10":"product_cat-licor","12":"first","13":"instock","14":"taxable","15":"shipping-taxable","16":"purchasable","17":"product-type-simple"},"aioseo_notices":[],"brands":[],"_links":{"self":[{"href":"https:\/\/www.delicias-uk.com\/pt-pt\/wp-json\/wp\/v2\/product\/214494","targetHints":{"allow":["GET"]}}],"collection":[{"href":"https:\/\/www.delicias-uk.com\/pt-pt\/wp-json\/wp\/v2\/product"}],"about":[{"href":"https:\/\/www.delicias-uk.com\/pt-pt\/wp-json\/wp\/v2\/types\/product"}],"author":[{"embeddable":true,"href":"https:\/\/www.delicias-uk.com\/pt-pt\/wp-json\/wp\/v2\/users\/43533"}],"replies":[{"embeddable":true,"href":"https:\/\/www.delicias-uk.com\/pt-pt\/wp-json\/wp\/v2\/comments?post=214494"}],"wp:featuredmedia":[{"embeddable":true,"href":"https:\/\/www.delicias-uk.com\/pt-pt\/wp-json\/wp\/v2\/media\/89836"}],"wp:attachment":[{"href":"https:\/\/www.delicias-uk.com\/pt-pt\/wp-json\/wp\/v2\/media?parent=214494"}],"wp:term":[{"taxonomy":"pwb-brand","embeddable":true,"href":"https:\/\/www.delicias-uk.com\/pt-pt\/wp-json\/wp\/v2\/pwb-brand?post=214494"},{"taxonomy":"product_brand","embeddable":true,"href":"https:\/\/www.delicias-uk.com\/pt-pt\/wp-json\/wp\/v2\/product_brand?post=214494"},{"taxonomy":"product_cat","embeddable":true,"href":"https:\/\/www.delicias-uk.com\/pt-pt\/wp-json\/wp\/v2\/product_cat?post=214494"},{"taxonomy":"product_tag","embeddable":true,"href":"https:\/\/www.delicias-uk.com\/pt-pt\/wp-json\/wp\/v2\/product_tag?post=214494"}],"curies":[{"name":"wp","href":"https:\/\/api.w.org\/{rel}","templated":true}]}}