{"id":214490,"date":"2025-09-23T11:44:45","date_gmt":"2025-09-23T10:44:45","guid":{"rendered":"https:\/\/www.delicias-uk.com\/?post_type=product&#038;p=214490"},"modified":"2026-02-27T14:45:21","modified_gmt":"2026-02-27T14:45:21","slug":"trigo-para-kibe-granfino-500g-x-1","status":"publish","type":"product","link":"https:\/\/www.delicias-uk.com\/pt-pt\/produto\/trigo-para-kibe-granfino-500g-x-1\/","title":{"rendered":"Trigo Para Kibe Granfino 500G"},"content":{"rendered":"<p>O Trigo para Kibe Granfino \u00e9 obtido a partir do trigo em gr\u00e3o integral, torrado e mo\u00eddo. Essencial na culin\u00e1ria \u00e1rabe e naturalista, \u00e9 rico em prote\u00ednas e fibras insol\u00faveis que estimulam o sistema gastrointestinal. Com seu sabor inconfund\u00edvel, \u00e9 ideal no preparo de kibes, saladas e p\u00e3es.<\/p>\n","protected":false},"excerpt":{"rendered":"<ul style=\"list-style-type:disc\">\n<li>Embalagem 500g<\/li>\n<li>Trigo para kibe<\/li>\n<li>Granfino \u00e9 uma marca Brasileira<\/li>\n<\/ul>\n","protected":false},"author":43533,"featured_media":89828,"comment_status":"open","ping_status":"closed","template":"","meta":[],"pwb-brand":[],"product_brand":[],"product_cat":[8289,8293],"product_tag":[],"class_list":{"0":"post-214490","1":"product","2":"type-product","3":"status-publish","4":"has-post-thumbnail","6":"product_cat-inicio","7":"product_cat-produtos-brasileiros","9":"first","10":"outofstock","11":"taxable","12":"shipping-taxable","13":"purchasable","14":"product-type-simple"},"aioseo_notices":[],"brands":[],"_links":{"self":[{"href":"https:\/\/www.delicias-uk.com\/pt-pt\/wp-json\/wp\/v2\/product\/214490","targetHints":{"allow":["GET"]}}],"collection":[{"href":"https:\/\/www.delicias-uk.com\/pt-pt\/wp-json\/wp\/v2\/product"}],"about":[{"href":"https:\/\/www.delicias-uk.com\/pt-pt\/wp-json\/wp\/v2\/types\/product"}],"author":[{"embeddable":true,"href":"https:\/\/www.delicias-uk.com\/pt-pt\/wp-json\/wp\/v2\/users\/43533"}],"replies":[{"embeddable":true,"href":"https:\/\/www.delicias-uk.com\/pt-pt\/wp-json\/wp\/v2\/comments?post=214490"}],"wp:featuredmedia":[{"embeddable":true,"href":"https:\/\/www.delicias-uk.com\/pt-pt\/wp-json\/wp\/v2\/media\/89828"}],"wp:attachment":[{"href":"https:\/\/www.delicias-uk.com\/pt-pt\/wp-json\/wp\/v2\/media?parent=214490"}],"wp:term":[{"taxonomy":"pwb-brand","embeddable":true,"href":"https:\/\/www.delicias-uk.com\/pt-pt\/wp-json\/wp\/v2\/pwb-brand?post=214490"},{"taxonomy":"product_brand","embeddable":true,"href":"https:\/\/www.delicias-uk.com\/pt-pt\/wp-json\/wp\/v2\/product_brand?post=214490"},{"taxonomy":"product_cat","embeddable":true,"href":"https:\/\/www.delicias-uk.com\/pt-pt\/wp-json\/wp\/v2\/product_cat?post=214490"},{"taxonomy":"product_tag","embeddable":true,"href":"https:\/\/www.delicias-uk.com\/pt-pt\/wp-json\/wp\/v2\/product_tag?post=214490"}],"curies":[{"name":"wp","href":"https:\/\/api.w.org\/{rel}","templated":true}]}}