{"id":214484,"date":"2021-11-23T18:15:19","date_gmt":"2021-11-23T18:15:19","guid":{"rendered":"https:\/\/www.delicias-uk.com\/product\/licor-35-creme-de-pastel-de-nata-70cl-2\/"},"modified":"2025-11-20T19:40:26","modified_gmt":"2025-11-20T19:40:26","slug":"licor-35-creme-de-pastel-de-nata-70cl-2","status":"publish","type":"product","link":"https:\/\/www.delicias-uk.com\/pt-pt\/produto\/licor-35-creme-de-pastel-de-nata-70cl-2\/","title":{"rendered":"Licor de Creme de Pastel de Nata Licor 35 70cl"},"content":{"rendered":"<p>Um sabor doce, intenso e envolvente. Apresentamos-lhe o Licor 35: um creme que nasce da fus\u00e3o do popular licor com o tradicional pastel de nata.<\/p>\n<p>Concebido para se beber em qualquer ocasi\u00e3o e a qualquer hora, este licor, \u00fanico com sabor a Portugal, apresenta 14,5% de \u00e1lcool, oferecendo um toque mais leve \u00e0 sua degusta\u00e7\u00e3o.<\/p>\n<p>Para quem pretende conferir originalidade a um cocktail, tomar um agrad\u00e1vel digestivo ou at\u00e9 acompanhar um caf\u00e9, o Licor 35 \u00e9 sempre a certeza de um prazer para todos os sentidos.<\/p>\n","protected":false},"excerpt":{"rendered":"<ul>\n<li>O sabor do Pastel de Nata em garrafa.<\/li>\n<li>Teor de \u00e1lcool: 14.5%.<\/li>\n<li>Garrafa de vidro, 70 cl.<\/li>\n<\/ul>\n","protected":false},"author":43533,"featured_media":89812,"comment_status":"open","ping_status":"closed","template":"","meta":[],"pwb-brand":[],"product_brand":[],"product_cat":[9347,8289,8291,8417,8509],"product_tag":[],"class_list":{"0":"post-214484","1":"product","2":"type-product","3":"status-publish","4":"has-post-thumbnail","6":"product_cat-licores","7":"product_cat-inicio","8":"product_cat-produtos-portugueses","9":"product_cat-espirituosas-licor","10":"product_cat-licor","12":"first","13":"instock","14":"taxable","15":"shipping-taxable","16":"purchasable","17":"product-type-simple"},"aioseo_notices":[],"brands":[],"_links":{"self":[{"href":"https:\/\/www.delicias-uk.com\/pt-pt\/wp-json\/wp\/v2\/product\/214484","targetHints":{"allow":["GET"]}}],"collection":[{"href":"https:\/\/www.delicias-uk.com\/pt-pt\/wp-json\/wp\/v2\/product"}],"about":[{"href":"https:\/\/www.delicias-uk.com\/pt-pt\/wp-json\/wp\/v2\/types\/product"}],"author":[{"embeddable":true,"href":"https:\/\/www.delicias-uk.com\/pt-pt\/wp-json\/wp\/v2\/users\/43533"}],"replies":[{"embeddable":true,"href":"https:\/\/www.delicias-uk.com\/pt-pt\/wp-json\/wp\/v2\/comments?post=214484"}],"wp:featuredmedia":[{"embeddable":true,"href":"https:\/\/www.delicias-uk.com\/pt-pt\/wp-json\/wp\/v2\/media\/89812"}],"wp:attachment":[{"href":"https:\/\/www.delicias-uk.com\/pt-pt\/wp-json\/wp\/v2\/media?parent=214484"}],"wp:term":[{"taxonomy":"pwb-brand","embeddable":true,"href":"https:\/\/www.delicias-uk.com\/pt-pt\/wp-json\/wp\/v2\/pwb-brand?post=214484"},{"taxonomy":"product_brand","embeddable":true,"href":"https:\/\/www.delicias-uk.com\/pt-pt\/wp-json\/wp\/v2\/product_brand?post=214484"},{"taxonomy":"product_cat","embeddable":true,"href":"https:\/\/www.delicias-uk.com\/pt-pt\/wp-json\/wp\/v2\/product_cat?post=214484"},{"taxonomy":"product_tag","embeddable":true,"href":"https:\/\/www.delicias-uk.com\/pt-pt\/wp-json\/wp\/v2\/product_tag?post=214484"}],"curies":[{"name":"wp","href":"https:\/\/api.w.org\/{rel}","templated":true}]}}