{"id":214472,"date":"2021-11-23T14:54:58","date_gmt":"2021-11-23T14:54:58","guid":{"rendered":"https:\/\/www.delicias-uk.com\/product\/polvilho-azedo-granfino-500g-2\/"},"modified":"2026-02-27T14:16:11","modified_gmt":"2026-02-27T14:16:11","slug":"polvilho-azedo-granfino-500g-2","status":"publish","type":"product","link":"https:\/\/www.delicias-uk.com\/pt-pt\/produto\/polvilho-azedo-granfino-500g-2\/","title":{"rendered":"Polvilho Azedo Prata 500g"},"content":{"rendered":"<p><span xml:lang=\"en-us\" lang=\"en-us\" class=\"TextRun SCXW96055325 BCX8\" style=\"margin:0px;padding:0px;background-color:#ffffff;font-size:11pt;line-height:19.7625px;font-family:Calibri, 'Calibri_EmbeddedFont', 'Calibri_MSFontService', sans-serif;\"><span class=\"NormalTextRun SCXW96055325 BCX8\" style=\"margin:0px;padding:0px;\">O <\/span><span class=\"NormalTextRun SpellingErrorV2Themed SCXW96055325 BCX8\" style=\"margin:0px;padding:0px;background-position:0px 100%;background-repeat:repeat-x;border-bottom:1px solid transparent;\">polvilho<\/span><span class=\"NormalTextRun SCXW96055325 BCX8\" style=\"margin:0px;padding:0px;\"> <\/span><span class=\"NormalTextRun SpellingErrorV2Themed SCXW96055325 BCX8\" style=\"margin:0px;padding:0px;background-position:0px 100%;background-repeat:repeat-x;border-bottom:1px solid transparent;\">azedo<\/span><span class=\"NormalTextRun SCXW96055325 BCX8\" style=\"margin:0px;padding:0px;\"> <\/span><span class=\"NormalTextRun SpellingErrorV2Themed SCXW96055325 BCX8\" style=\"margin:0px;padding:0px;background-position:0px 100%;background-repeat:repeat-x;border-bottom:1px solid transparent;\">passa<\/span><span class=\"NormalTextRun SCXW96055325 BCX8\" style=\"margin:0px;padding:0px;\"> <\/span><span class=\"NormalTextRun SpellingErrorV2Themed SCXW96055325 BCX8\" style=\"margin:0px;padding:0px;background-position:0px 100%;background-repeat:repeat-x;border-bottom:1px solid transparent;\">por<\/span><span class=\"NormalTextRun SCXW96055325 BCX8\" style=\"margin:0px;padding:0px;\"> um <\/span><span class=\"NormalTextRun SpellingErrorV2Themed SCXW96055325 BCX8\" style=\"margin:0px;padding:0px;background-position:0px 100%;background-repeat:repeat-x;border-bottom:1px solid transparent;\">processo<\/span><span class=\"NormalTextRun SCXW96055325 BCX8\" style=\"margin:0px;padding:0px;\"> de <\/span><span class=\"NormalTextRun SpellingErrorV2Themed SCXW96055325 BCX8\" style=\"margin:0px;padding:0px;background-position:0px 100%;background-repeat:repeat-x;border-bottom:1px solid transparent;\">fermenta\u00e7\u00e3o<\/span><span class=\"NormalTextRun SCXW96055325 BCX8\" style=\"margin:0px;padding:0px;\"> antes de ser <\/span><span class=\"NormalTextRun SpellingErrorV2Themed SCXW96055325 BCX8\" style=\"margin:0px;padding:0px;background-position:0px 100%;background-repeat:repeat-x;border-bottom:1px solid transparent;\">mo\u00eddo<\/span><span class=\"NormalTextRun SCXW96055325 BCX8\" style=\"margin:0px;padding:0px;\">, o que <\/span><span class=\"NormalTextRun SpellingErrorV2Themed SCXW96055325 BCX8\" style=\"margin:0px;padding:0px;background-position:0px 100%;background-repeat:repeat-x;border-bottom:1px solid transparent;\">resultar\u00e1<\/span><span class=\"NormalTextRun SCXW96055325 BCX8\" style=\"margin:0px;padding:0px;\"> <\/span><span class=\"NormalTextRun SpellingErrorV2Themed SCXW96055325 BCX8\" style=\"margin:0px;padding:0px;background-position:0px 100%;background-repeat:repeat-x;border-bottom:1px solid transparent;\">em<\/span><span class=\"NormalTextRun SCXW96055325 BCX8\" style=\"margin:0px;padding:0px;\"> um <\/span><span class=\"NormalTextRun SpellingErrorV2Themed SCXW96055325 BCX8\" style=\"margin:0px;padding:0px;background-position:0px 100%;background-repeat:repeat-x;border-bottom:1px solid transparent;\">sabor<\/span><span class=\"NormalTextRun SCXW96055325 BCX8\" style=\"margin:0px;padding:0px;\"> <\/span><span class=\"NormalTextRun SpellingErrorV2Themed SCXW96055325 BCX8\" style=\"margin:0px;padding:0px;background-position:0px 100%;background-repeat:repeat-x;border-bottom:1px solid transparent;\">mais<\/span><span class=\"NormalTextRun SCXW96055325 BCX8\" style=\"margin:0px;padding:0px;\"> <\/span><span class=\"NormalTextRun SpellingErrorV2Themed SCXW96055325 BCX8\" style=\"margin:0px;padding:0px;background-position:0px 100%;background-repeat:repeat-x;border-bottom:1px solid transparent;\">\u00e1cido<\/span><span class=\"NormalTextRun SCXW96055325 BCX8\" style=\"margin:0px;padding:0px;\"> e <\/span><span class=\"NormalTextRun SpellingErrorV2Themed SCXW96055325 BCX8\" style=\"margin:0px;padding:0px;background-position:0px 100%;background-repeat:repeat-x;border-bottom:1px solid transparent;\">intenso<\/span><span class=\"NormalTextRun SCXW96055325 BCX8\" style=\"margin:0px;padding:0px;\">. <\/span><span class=\"NormalTextRun SCXW96055325 BCX8\" style=\"margin:0px;padding:0px;\">&#8220;O\u00a0<\/span><span class=\"NormalTextRun SpellingErrorV2Themed SCXW96055325 BCX8\" style=\"margin:0px;padding:0px;background-position:0px 100%;background-repeat:repeat-x;border-bottom:1px solid transparent;\">azedo<\/span><span class=\"NormalTextRun SCXW96055325 BCX8\" style=\"margin:0px;padding:0px;\">\u00a0<\/span><span class=\"NormalTextRun SpellingErrorV2Themed SCXW96055325 BCX8\" style=\"margin:0px;padding:0px;background-position:0px 100%;background-repeat:repeat-x;border-bottom:1px solid transparent;\">deixa<\/span><span class=\"NormalTextRun SCXW96055325 BCX8\" style=\"margin:0px;padding:0px;\"> <\/span><span class=\"NormalTextRun SpellingErrorV2Themed SCXW96055325 BCX8\" style=\"margin:0px;padding:0px;background-position:0px 100%;background-repeat:repeat-x;border-bottom:1px solid transparent;\">tudo<\/span><span class=\"NormalTextRun SCXW96055325 BCX8\" style=\"margin:0px;padding:0px;\"> <\/span><span class=\"NormalTextRun SpellingErrorV2Themed SCXW96055325 BCX8\" style=\"margin:0px;padding:0px;background-position:0px 100%;background-repeat:repeat-x;border-bottom:1px solid transparent;\">mais<\/span><span class=\"NormalTextRun SCXW96055325 BCX8\" style=\"margin:0px;padding:0px;\"> seco e <\/span><span class=\"NormalTextRun SpellingErrorV2Themed SCXW96055325 BCX8\" style=\"margin:0px;padding:0px;background-position:0px 100%;background-repeat:repeat-x;border-bottom:1px solid transparent;\">crocante<\/span><span class=\"NormalTextRun SCXW96055325 BCX8\" style=\"margin:0px;padding:0px;\">. Por <\/span><span class=\"NormalTextRun SpellingErrorV2Themed SCXW96055325 BCX8\" style=\"margin:0px;padding:0px;background-position:0px 100%;background-repeat:repeat-x;border-bottom:1px solid transparent;\">isso<\/span><span class=\"NormalTextRun SCXW96055325 BCX8\" style=\"margin:0px;padding:0px;\"> \u00e9 <\/span><span class=\"NormalTextRun SpellingErrorV2Themed SCXW96055325 BCX8\" style=\"margin:0px;padding:0px;background-position:0px 100%;background-repeat:repeat-x;border-bottom:1px solid transparent;\">indicado<\/span><span class=\"NormalTextRun SCXW96055325 BCX8\" style=\"margin:0px;padding:0px;\"> para <\/span><span class=\"NormalTextRun SpellingErrorV2Themed SCXW96055325 BCX8\" style=\"margin:0px;padding:0px;background-position:0px 100%;background-repeat:repeat-x;border-bottom:1px solid transparent;\">receitas<\/span><span class=\"NormalTextRun SCXW96055325 BCX8\" style=\"margin:0px;padding:0px;\"> <\/span><span class=\"NormalTextRun SpellingErrorV2Themed SCXW96055325 BCX8\" style=\"margin:0px;padding:0px;background-position:0px 100%;background-repeat:repeat-x;border-bottom:1px solid transparent;\">salgadas<\/span><span class=\"NormalTextRun SCXW96055325 BCX8\" style=\"margin:0px;padding:0px;\"> <\/span><span class=\"NormalTextRun SpellingErrorV2Themed SCXW96055325 BCX8\" style=\"margin:0px;padding:0px;background-position:0px 100%;background-repeat:repeat-x;border-bottom:1px solid transparent;\">como<\/span><span class=\"NormalTextRun SCXW96055325 BCX8\" style=\"margin:0px;padding:0px;\"> <\/span><span class=\"NormalTextRun SpellingErrorV2Themed SCXW96055325 BCX8\" style=\"margin:0px;padding:0px;background-position:0px 100%;background-repeat:repeat-x;border-bottom:1px solid transparent;\">biscoito<\/span><span class=\"NormalTextRun SCXW96055325 BCX8\" style=\"margin:0px;padding:0px;\">, pastel de <\/span><span class=\"NormalTextRun SpellingErrorV2Themed SCXW96055325 BCX8\" style=\"margin:0px;padding:0px;background-position:0px 100%;background-repeat:repeat-x;border-bottom:1px solid transparent;\">forno<\/span><span class=\"NormalTextRun SCXW96055325 BCX8\" style=\"margin:0px;padding:0px;\"> <\/span><span class=\"NormalTextRun SpellingErrorV2Themed SCXW96055325 BCX8\" style=\"margin:0px;padding:0px;background-position:0px 100%;background-repeat:repeat-x;border-bottom:1px solid transparent;\">ou<\/span><span class=\"NormalTextRun SCXW96055325 BCX8\" style=\"margin:0px;padding:0px;\"> torta&#8221;.<\/span><\/span><span class=\"EOP SCXW96055325 BCX8\" style=\"margin:0px;padding:0px;background-color:#ffffff;font-size:11pt;line-height:19.7625px;font-family:Calibri, 'Calibri_EmbeddedFont', 'Calibri_MSFontService', sans-serif;\"> <\/span><\/p>\n","protected":false},"excerpt":{"rendered":"<div class=\"OutlineElement Ltr SCXW214055650 BCX8\" style=\"margin:0px;padding:0px;clear:both;font-family:'Segoe UI', 'Segoe UI Web', Arial, Verdana, sans-serif;font-size:12px;background-color:#ffffff;\">\n<p class=\"Paragraph SCXW214055650 BCX8\" xml:lang=\"pt-br\" lang=\"pt-br\" style=\"margin:0px 0px 10.6667px;padding:0px;vertical-align:baseline;background-color:transparent;\"><span xml:lang=\"pt-br\" lang=\"pt-br\" class=\"TextRun SCXW214055650 BCX8\" style=\"margin:0px;padding:0px;font-size:11pt;line-height:19.7625px;font-family:Calibri, 'Calibri_EmbeddedFont', 'Calibri_MSFontService', sans-serif;\"><span class=\"NormalTextRun SCXW214055650 BCX8\" style=\"margin:0px;padding:0px;\">. <\/span><span class=\"NormalTextRun SCXW214055650 BCX8\" style=\"margin:0px;padding:0px;\">F<\/span><span class=\"NormalTextRun SCXW214055650 BCX8\" style=\"margin:0px;padding:0px;\">abricados a partir da decanta\u00e7\u00e3o da mandioca<\/span><\/span><span class=\"EOP SCXW214055650 BCX8\" style=\"margin:0px;padding:0px;font-size:11pt;line-height:19.7625px;font-family:Calibri, 'Calibri_EmbeddedFont', 'Calibri_MSFontService', sans-serif;\">\u00a0<\/span><\/p>\n<\/p><\/div>\n<div class=\"OutlineElement Ltr SCXW214055650 BCX8\" style=\"margin:0px;padding:0px;clear:both;font-family:'Segoe UI', 'Segoe UI Web', Arial, Verdana, sans-serif;font-size:12px;background-color:#ffffff;\">\n<p class=\"Paragraph SCXW214055650 BCX8\" xml:lang=\"pt-br\" lang=\"pt-br\" style=\"margin:0px 0px 10.6667px;padding:0px;vertical-align:baseline;background-color:transparent;\"><span xml:lang=\"pt-br\" lang=\"pt-br\" class=\"TextRun SCXW214055650 BCX8\" style=\"margin:0px;padding:0px;font-size:11pt;line-height:19.7625px;font-family:Calibri, 'Calibri_EmbeddedFont', 'Calibri_MSFontService', sans-serif;\"><span class=\"NormalTextRun SCXW214055650 BCX8\" style=\"margin:0px;padding:0px;\">. <\/span><span class=\"NormalTextRun SCXW214055650 BCX8\" style=\"margin:0px;padding:0px;\">Polvilho Azedo<\/span><span class=\"NormalTextRun SCXW214055650 BCX8\" style=\"margin:0px;padding:0px;\">\u00a0ir\u00e1 promover expans\u00e3o e croc\u00e2ncia as massas<\/span><\/span><span class=\"EOP SCXW214055650 BCX8\" style=\"margin:0px;padding:0px;font-size:11pt;line-height:19.7625px;font-family:Calibri, 'Calibri_EmbeddedFont', 'Calibri_MSFontService', sans-serif;\">\u00a0<\/span><\/p>\n<\/p><\/div>\n<div class=\"OutlineElement Ltr SCXW214055650 BCX8\" style=\"margin:0px;padding:0px;clear:both;font-family:'Segoe UI', 'Segoe UI Web', Arial, Verdana, sans-serif;font-size:12px;background-color:#ffffff;\">\n<p class=\"Paragraph SCXW214055650 BCX8\" xml:lang=\"pt-br\" lang=\"pt-br\" style=\"margin:0px 0px 10.6667px;padding:0px;vertical-align:baseline;background-color:transparent;\"><span xml:lang=\"pt-br\" lang=\"pt-br\" class=\"TextRun SCXW214055650 BCX8\" style=\"margin:0px;padding:0px;font-size:11pt;line-height:19.7625px;font-family:Calibri, 'Calibri_EmbeddedFont', 'Calibri_MSFontService', sans-serif;\"><span class=\"NormalTextRun SCXW214055650 BCX8\" style=\"margin:0px;padding:0px;\">. <\/span><span class=\"NormalTextRun SCXW214055650 BCX8\" style=\"margin:0px;padding:0px;\">Indicado para receitas salgadas como biscoito, pastel de forno ou torta<\/span><\/span><span class=\"EOP SCXW214055650 BCX8\" style=\"margin:0px;padding:0px;font-size:11pt;line-height:19.7625px;font-family:Calibri, 'Calibri_EmbeddedFont', 'Calibri_MSFontService', sans-serif;\"> <\/span><\/p>\n<\/p><\/div>\n","protected":false},"author":43533,"featured_media":89786,"comment_status":"open","ping_status":"closed","template":"","meta":[],"pwb-brand":[],"product_brand":[],"product_cat":[8289,8293,8401,8517,8711],"product_tag":[],"class_list":{"0":"post-214472","1":"product","2":"type-product","3":"status-publish","4":"has-post-thumbnail","6":"product_cat-inicio","7":"product_cat-produtos-brasileiros","8":"product_cat-mercearia-pt-pt","9":"product_cat-farinhas-e-graos","10":"product_cat-farinha-de-mandioca","12":"first","13":"instock","14":"taxable","15":"shipping-taxable","16":"purchasable","17":"product-type-simple"},"aioseo_notices":[],"brands":[],"_links":{"self":[{"href":"https:\/\/www.delicias-uk.com\/pt-pt\/wp-json\/wp\/v2\/product\/214472","targetHints":{"allow":["GET"]}}],"collection":[{"href":"https:\/\/www.delicias-uk.com\/pt-pt\/wp-json\/wp\/v2\/product"}],"about":[{"href":"https:\/\/www.delicias-uk.com\/pt-pt\/wp-json\/wp\/v2\/types\/product"}],"author":[{"embeddable":true,"href":"https:\/\/www.delicias-uk.com\/pt-pt\/wp-json\/wp\/v2\/users\/43533"}],"replies":[{"embeddable":true,"href":"https:\/\/www.delicias-uk.com\/pt-pt\/wp-json\/wp\/v2\/comments?post=214472"}],"wp:featuredmedia":[{"embeddable":true,"href":"https:\/\/www.delicias-uk.com\/pt-pt\/wp-json\/wp\/v2\/media\/89786"}],"wp:attachment":[{"href":"https:\/\/www.delicias-uk.com\/pt-pt\/wp-json\/wp\/v2\/media?parent=214472"}],"wp:term":[{"taxonomy":"pwb-brand","embeddable":true,"href":"https:\/\/www.delicias-uk.com\/pt-pt\/wp-json\/wp\/v2\/pwb-brand?post=214472"},{"taxonomy":"product_brand","embeddable":true,"href":"https:\/\/www.delicias-uk.com\/pt-pt\/wp-json\/wp\/v2\/product_brand?post=214472"},{"taxonomy":"product_cat","embeddable":true,"href":"https:\/\/www.delicias-uk.com\/pt-pt\/wp-json\/wp\/v2\/product_cat?post=214472"},{"taxonomy":"product_tag","embeddable":true,"href":"https:\/\/www.delicias-uk.com\/pt-pt\/wp-json\/wp\/v2\/product_tag?post=214472"}],"curies":[{"name":"wp","href":"https:\/\/api.w.org\/{rel}","templated":true}]}}