{"id":214424,"date":"2021-11-11T14:44:50","date_gmt":"2021-11-11T14:44:50","guid":{"rendered":"https:\/\/www.delicias-uk.com\/product\/licor-beirao-estojo-ccopo-exclusivo-70cl-2\/"},"modified":"2026-02-24T11:52:50","modified_gmt":"2026-02-24T11:52:50","slug":"licor-beirao-estojo-ccopo-exclusivo-70cl-2","status":"publish","type":"product","link":"https:\/\/www.delicias-uk.com\/pt-pt\/produto\/licor-beirao-estojo-ccopo-exclusivo-70cl-2\/","title":{"rendered":"Licor Beir\u00e3o Estojo com Copo Exclusivo 70cl"},"content":{"rendered":"<p>Produzido na regi\u00e3o da Beira e sementes, aromatizado com ervas (entre elas, menta, eucalipto, canela, cardamomo, lavanda e rosmaninho), este \u00e9 o licor mais consumido em Portugal. Pode servir simples, com uma pedra de gelo e uma rodela de lim\u00e3o ou deixar a criatividade fluir e criar os seus cocktails.<\/p>\n<p>Ingredientes: \u00c1gua, \u00e1lcool, a\u00e7\u00facar, destilado de plantas e sementes arom\u00e1ticas, caramelo.<\/p>\n<p>Teor alco\u00f3lico: 22%<\/p>\n","protected":false},"excerpt":{"rendered":"<ul>\n<li>Licor caracter\u00edstico da regi\u00e3o da Beira.<\/li>\n<li>Teor \u00e1lcoolico: 22%.<\/li>\n<li>Garrafa de vidro, 70 cl.<\/li>\n<li>Oferta copo exclusivo.\u00a0<\/li>\n<\/ul>\n","protected":false},"author":43533,"featured_media":89683,"comment_status":"open","ping_status":"closed","template":"","meta":[],"pwb-brand":[],"product_brand":[],"product_cat":[9345,8289,8291,8417,8509],"product_tag":[],"class_list":{"0":"post-214424","1":"product","2":"type-product","3":"status-publish","4":"has-post-thumbnail","6":"product_cat-gift-pack-pt-pt","7":"product_cat-inicio","8":"product_cat-produtos-portugueses","9":"product_cat-espirituosas-licor","10":"product_cat-licor","12":"first","13":"instock","14":"taxable","15":"shipping-taxable","16":"purchasable","17":"product-type-simple"},"aioseo_notices":[],"brands":[],"_links":{"self":[{"href":"https:\/\/www.delicias-uk.com\/pt-pt\/wp-json\/wp\/v2\/product\/214424","targetHints":{"allow":["GET"]}}],"collection":[{"href":"https:\/\/www.delicias-uk.com\/pt-pt\/wp-json\/wp\/v2\/product"}],"about":[{"href":"https:\/\/www.delicias-uk.com\/pt-pt\/wp-json\/wp\/v2\/types\/product"}],"author":[{"embeddable":true,"href":"https:\/\/www.delicias-uk.com\/pt-pt\/wp-json\/wp\/v2\/users\/43533"}],"replies":[{"embeddable":true,"href":"https:\/\/www.delicias-uk.com\/pt-pt\/wp-json\/wp\/v2\/comments?post=214424"}],"wp:featuredmedia":[{"embeddable":true,"href":"https:\/\/www.delicias-uk.com\/pt-pt\/wp-json\/wp\/v2\/media\/89683"}],"wp:attachment":[{"href":"https:\/\/www.delicias-uk.com\/pt-pt\/wp-json\/wp\/v2\/media?parent=214424"}],"wp:term":[{"taxonomy":"pwb-brand","embeddable":true,"href":"https:\/\/www.delicias-uk.com\/pt-pt\/wp-json\/wp\/v2\/pwb-brand?post=214424"},{"taxonomy":"product_brand","embeddable":true,"href":"https:\/\/www.delicias-uk.com\/pt-pt\/wp-json\/wp\/v2\/product_brand?post=214424"},{"taxonomy":"product_cat","embeddable":true,"href":"https:\/\/www.delicias-uk.com\/pt-pt\/wp-json\/wp\/v2\/product_cat?post=214424"},{"taxonomy":"product_tag","embeddable":true,"href":"https:\/\/www.delicias-uk.com\/pt-pt\/wp-json\/wp\/v2\/product_tag?post=214424"}],"curies":[{"name":"wp","href":"https:\/\/api.w.org\/{rel}","templated":true}]}}