{"id":214410,"date":"2021-11-02T15:27:49","date_gmt":"2021-11-02T15:27:49","guid":{"rendered":"https:\/\/www.delicias-uk.com\/product\/it-amaretti-classic-choco-dolcezze-di-nanni-240g-2\/"},"modified":"2025-02-20T11:55:41","modified_gmt":"2025-02-20T11:55:41","slug":"it-amaretti-classic-choco-dolcezze-di-nanni-240g-2","status":"publish","type":"product","link":"https:\/\/www.delicias-uk.com\/pt-pt\/produto\/it-amaretti-classic-choco-dolcezze-di-nanni-240g-2\/","title":{"rendered":"Cantucci al Chocolate Scatola (ref: anc250) 250g"},"content":{"rendered":"<p class=\"MsoNormal\"><span class=\"TextRun SCXW13090347 BCX8\" lang=\"pt\" style=\"margin: 0px; padding: 0px; background-color: #ffffff; color: #1f1f1f; font-size: 11pt; line-height: 19.7625px; font-family: Calibri, 'Calibri_EmbeddedFont', 'Calibri_MSFontService', sans-serif;\" xml:lang=\"pt\"><span class=\"NormalTextRun SpellingErrorV2Themed SpellingErrorHighlight SCXW13090347 BCX8\" style=\"margin: 0px; padding: 0px; background-position: 0px 100%; background-repeat: repeat-x; border-bottom: 1px solid transparent;\">Cantucci<\/span><span class=\"NormalTextRun SCXW13090347 BCX8\" style=\"margin: 0px; padding: 0px;\"> inspira-se numa receita toscana centen\u00e1ria, garantindo um sabor aut\u00eantico que resistiu ao teste do tempo. Esses biscoitos passam por um processo exclusivo de cozimento duplo, resultando em um exterior deliciosamente crocante e um centro macio e mastig\u00e1vel.<\/span><\/span><span class=\"LineBreakBlob BlobObject DragDrop SCXW13090347 BCX8\" style=\"margin: 0px; padding: 0px; background-color: #ffffff; font-size: 11pt; line-height: 19.7625px; font-family: 'WordVisiCarriageReturn_MSFontService', Calibri, 'Calibri_EmbeddedFont', 'Calibri_MSFontService', sans-serif; color: #1f1f1f;\"><span class=\"SCXW13090347 BCX8\" style=\"margin: 0px; padding: 0px;\">\u00a0<\/span><br class=\"SCXW13090347 BCX8\" style=\"margin: 0px; padding: 0px;\" \/><\/span><span class=\"LineBreakBlob BlobObject DragDrop SCXW13090347 BCX8\" style=\"margin: 0px; padding: 0px; background-color: #ffffff; font-size: 11pt; line-height: 19.7625px; font-family: 'WordVisiCarriageReturn_MSFontService', Calibri, 'Calibri_EmbeddedFont', 'Calibri_MSFontService', sans-serif; color: #1f1f1f;\"><span class=\"SCXW13090347 BCX8\" style=\"margin: 0px; padding: 0px;\">\u00a0<\/span><br class=\"SCXW13090347 BCX8\" style=\"margin: 0px; padding: 0px;\" \/><\/span><span class=\"TextRun SCXW13090347 BCX8\" lang=\"pt\" style=\"margin: 0px; padding: 0px; background-color: #ffffff; color: #1f1f1f; font-size: 11pt; line-height: 19.7625px; font-family: Calibri, 'Calibri_EmbeddedFont', 'Calibri_MSFontService', sans-serif;\" xml:lang=\"pt\"><span class=\"NormalTextRun SCXW13090347 BCX8\" style=\"margin: 0px; padding: 0px;\">Esses deliciosos biscoitos, tamb\u00e9m conhecidos como <\/span><span class=\"NormalTextRun SpellingErrorV2Themed SCXW13090347 BCX8\" style=\"margin: 0px; padding: 0px; background-position: 0px 100%; background-repeat: repeat-x; border-bottom: 1px solid transparent;\">biscotti<\/span> <span class=\"NormalTextRun SpellingErrorV2Themed SCXW13090347 BCX8\" style=\"margin: 0px; padding: 0px; background-position: 0px 100%; background-repeat: repeat-x; border-bottom: 1px solid transparent;\">di<\/span><span class=\"NormalTextRun SCXW13090347 BCX8\" style=\"margin: 0px; padding: 0px;\"> Prato, s\u00e3o um verdadeiro testemunho do artesanato italiano e um item obrigat\u00f3rio para qualquer amante do bom <\/span><span class=\"NormalTextRun SpellingErrorV2Themed SCXW13090347 BCX8\" style=\"margin: 0px; padding: 0px; background-position: 0px 100%; background-repeat: repeat-x; border-bottom: 1px solid transparent;\">dolci<\/span><span class=\"NormalTextRun SCXW13090347 BCX8\" style=\"margin: 0px; padding: 0px;\">.<\/span><\/span><span class=\"LineBreakBlob BlobObject DragDrop SCXW13090347 BCX8\" style=\"margin: 0px; padding: 0px; background-color: #ffffff; font-size: 11pt; line-height: 19.7625px; font-family: 'WordVisiCarriageReturn_MSFontService', Calibri, 'Calibri_EmbeddedFont', 'Calibri_MSFontService', sans-serif; color: #1f1f1f;\"><span class=\"SCXW13090347 BCX8\" style=\"margin: 0px; padding: 0px;\">\u00a0<\/span><br class=\"SCXW13090347 BCX8\" style=\"margin: 0px; padding: 0px;\" \/><\/span><span class=\"TextRun SCXW13090347 BCX8\" lang=\"pt\" style=\"margin: 0px; padding: 0px; background-color: #ffffff; color: #1f1f1f; font-size: 11pt; line-height: 19.7625px; font-family: Calibri, 'Calibri_EmbeddedFont', 'Calibri_MSFontService', sans-serif;\" xml:lang=\"pt\"><span class=\"NormalTextRun SCXW13090347 BCX8\" style=\"margin: 0px; padding: 0px;\">Infundidos com o decadente chocolate preto, estes biscoitos oferecem um sabor profundo e intenso que complementa na perfei\u00e7\u00e3o as notas de am\u00eandoa dos biscoitos<\/span><span class=\"NormalTextRun SCXW13090347 BCX8\" style=\"margin: 0px; padding: 0px;\">, <\/span><\/span><span class=\"TextRun SCXW13090347 BCX8\" lang=\"pt-br\" style=\"margin: 0px; padding: 0px; background-color: #ffffff; color: #292929; font-size: 11pt; line-height: 19.7625px; font-family: Calibri, 'Calibri_EmbeddedFont', 'Calibri_MSFontService', sans-serif;\" xml:lang=\"pt-br\"><span class=\"NormalTextRun SCXW13090347 BCX8\" style=\"margin: 0px; padding: 0px;\">estes biscoitos podem ser saboreados sozinhos, acompanhados de caf\u00e9 ou ch\u00e1.\u00a0 Tradicional <\/span><span class=\"NormalTextRun SpellingErrorV2Themed SCXW13090347 BCX8\" style=\"margin: 0px; padding: 0px; background-position: 0px 100%; background-repeat: repeat-x; border-bottom: 1px solid transparent;\">Cantuccini<\/span><span class=\"NormalTextRun SCXW13090347 BCX8\" style=\"margin: 0px; padding: 0px;\"> longo artesanal com am\u00eandoas italianas.<\/span><\/span><\/p>\n","protected":false},"excerpt":{"rendered":"<ul>\n<li>Crocante<\/li>\n<li>Produto Italiano<\/li>\n<li>Data de Validade: 01\/05\/2025<\/li>\n<\/ul>\n","protected":false},"author":43533,"featured_media":196505,"comment_status":"open","ping_status":"closed","template":"","meta":[],"pwb-brand":[],"product_brand":[],"product_cat":[9182,9187,8289],"product_tag":[],"class_list":{"0":"post-214410","1":"product","2":"type-product","3":"status-publish","4":"has-post-thumbnail","6":"product_cat-natal","7":"product_cat-chocolates-pt-pt","8":"product_cat-inicio","10":"first","11":"outofstock","12":"taxable","13":"shipping-taxable","14":"purchasable","15":"product-type-simple"},"aioseo_notices":[],"brands":[],"_links":{"self":[{"href":"https:\/\/www.delicias-uk.com\/pt-pt\/wp-json\/wp\/v2\/product\/214410","targetHints":{"allow":["GET"]}}],"collection":[{"href":"https:\/\/www.delicias-uk.com\/pt-pt\/wp-json\/wp\/v2\/product"}],"about":[{"href":"https:\/\/www.delicias-uk.com\/pt-pt\/wp-json\/wp\/v2\/types\/product"}],"author":[{"embeddable":true,"href":"https:\/\/www.delicias-uk.com\/pt-pt\/wp-json\/wp\/v2\/users\/43533"}],"replies":[{"embeddable":true,"href":"https:\/\/www.delicias-uk.com\/pt-pt\/wp-json\/wp\/v2\/comments?post=214410"}],"wp:featuredmedia":[{"embeddable":true,"href":"https:\/\/www.delicias-uk.com\/pt-pt\/wp-json\/wp\/v2\/media\/196505"}],"wp:attachment":[{"href":"https:\/\/www.delicias-uk.com\/pt-pt\/wp-json\/wp\/v2\/media?parent=214410"}],"wp:term":[{"taxonomy":"pwb-brand","embeddable":true,"href":"https:\/\/www.delicias-uk.com\/pt-pt\/wp-json\/wp\/v2\/pwb-brand?post=214410"},{"taxonomy":"product_brand","embeddable":true,"href":"https:\/\/www.delicias-uk.com\/pt-pt\/wp-json\/wp\/v2\/product_brand?post=214410"},{"taxonomy":"product_cat","embeddable":true,"href":"https:\/\/www.delicias-uk.com\/pt-pt\/wp-json\/wp\/v2\/product_cat?post=214410"},{"taxonomy":"product_tag","embeddable":true,"href":"https:\/\/www.delicias-uk.com\/pt-pt\/wp-json\/wp\/v2\/product_tag?post=214410"}],"curies":[{"name":"wp","href":"https:\/\/api.w.org\/{rel}","templated":true}]}}