{"id":214408,"date":"2021-11-02T15:12:48","date_gmt":"2021-11-02T15:12:48","guid":{"rendered":"https:\/\/www.delicias-uk.com\/product\/it-morbiducci-caramello-dolcezze-de-nanni-200g-2\/"},"modified":"2025-02-06T17:14:08","modified_gmt":"2025-02-06T17:14:08","slug":"it-morbiducci-caramello-dolcezze-de-nanni-200g-2","status":"publish","type":"product","link":"https:\/\/www.delicias-uk.com\/pt-pt\/produto\/it-morbiducci-caramello-dolcezze-de-nanni-200g-2\/","title":{"rendered":"Pandoro Classico Scarpato (ref: 14088) 1kg"},"content":{"rendered":"<div class=\"OutlineElement Ltr SCXW104155408 BCX8\" style=\"margin:0px;padding:0px;clear:both;font-family:'Segoe UI', 'Segoe UI Web', Arial, Verdana, sans-serif;font-size:12px;background-color:#ffffff;\">\n<p class=\"Paragraph SCXW104155408 BCX8\" xml:lang=\"pt-br\" lang=\"pt-br\" style=\"margin:0px 0px 10.6667px;padding:0px;vertical-align:baseline;background-color:transparent;\"><span xml:lang=\"pt-br\" lang=\"pt-br\" class=\"TextRun SCXW104155408 BCX8\" style=\"margin:0px;padding:0px;color:#292929;font-size:11pt;line-height:19.7625px;font-family:Calibri, 'Calibri_EmbeddedFont', 'Calibri_MSFontService', sans-serif;\"><span class=\"NormalTextRun SCXW104155408 BCX8\" style=\"margin:0px;padding:0px;\">A suavidade do cl\u00e1ssico <\/span><span class=\"NormalTextRun SpellingErrorV2Themed SCXW104155408 BCX8\" style=\"margin:0px;padding:0px;background-position:0px 100%;background-repeat:repeat-x;border-bottom:1px solid transparent;\">Pandoro<\/span><span class=\"NormalTextRun SCXW104155408 BCX8\" style=\"margin:0px;padding:0px;\">, a eleg\u00e2ncia de uma caixa decorada. Uma cria\u00e7\u00e3o tradicional atemporal para presentear e compartilhar com familiares e amigos para uma intensa experi\u00eancia sensorial, para ser apreciada com um v\u00e9u de a\u00e7\u00facar. <\/span><\/span><span class=\"EOP SCXW104155408 BCX8\" style=\"margin:0px;padding:0px;font-size:11pt;line-height:19.7625px;font-family:Calibri, 'Calibri_EmbeddedFont', 'Calibri_MSFontService', sans-serif;color:#292929;\">\u00a0<\/span><\/p>\n<\/p><\/div>\n<div class=\"OutlineElement Ltr SCXW104155408 BCX8\" style=\"margin:0px;padding:0px;clear:both;font-family:'Segoe UI', 'Segoe UI Web', Arial, Verdana, sans-serif;font-size:12px;background-color:#ffffff;\">\n<p class=\"Paragraph SCXW104155408 BCX8\" xml:lang=\"pt-br\" lang=\"pt-br\" style=\"margin:0px 0px 10.6667px;padding:0px;vertical-align:baseline;background-color:transparent;\"><strong><span xml:lang=\"pt-br\" lang=\"pt-br\" class=\"TextRun SCXW104155408 BCX8\" style=\"margin:0px;padding:0px;color:#292929;font-size:11pt;line-height:19.7625px;font-family:Calibri, 'Calibri_EmbeddedFont', 'Calibri_MSFontService', sans-serif;\">Ingredientes<\/span><span class=\"EOP SCXW104155408 BCX8\" style=\"margin:0px;padding:0px;font-size:11pt;line-height:19.7625px;font-family:Calibri, 'Calibri_EmbeddedFont', 'Calibri_MSFontService', sans-serif;color:#292929;\">\u00a0<\/span><\/strong><\/p>\n<\/p><\/div>\n<div class=\"OutlineElement Ltr SCXW104155408 BCX8\" style=\"margin:0px;padding:0px;clear:both;font-family:'Segoe UI', 'Segoe UI Web', Arial, Verdana, sans-serif;font-size:12px;background-color:#ffffff;\">\n<p class=\"Paragraph SCXW104155408 BCX8\" xml:lang=\"pt-br\" lang=\"pt-br\" style=\"margin:0px 0px 10.6667px;padding:0px;vertical-align:baseline;background-color:transparent;\"><span xml:lang=\"pt-br\" lang=\"pt-br\" class=\"TextRun SCXW104155408 BCX8\" style=\"margin:0px;padding:0px;color:#292929;font-size:11pt;line-height:19.7625px;font-family:Calibri, 'Calibri_EmbeddedFont', 'Calibri_MSFontService', sans-serif;\"><span class=\"NormalTextRun SCXW104155408 BCX8\" style=\"margin:0px;padding:0px;\">Farinha de TRIGO, fermento natural (farinha de TRIGO, \u00e1gua), MANTEIGA, a\u00e7\u00facar, OVOS frescos de galinha caipira, xarope de glicose, LEITE parcialmente desnatado, emulsificantes: mono e diglicer\u00eddeos de \u00e1cidos graxos de origem vegetal, gema de ovo <\/span><span class=\"NormalTextRun SpellingErrorV2Themed SCXW104155408 BCX8\" style=\"margin:0px;padding:0px;background-position:0px 100%;background-repeat:repeat-x;border-bottom:1px solid transparent;\">OVO<\/span><span class=\"NormalTextRun SCXW104155408 BCX8\" style=\"margin:0px;padding:0px;\"> fresco de livre &#8211; galinhas, manteiga de cacau, sal, LEITE em p\u00f3 desnatado, aromas naturais, aroma natural de baunilha Bourbon Madagascar, 0,05%, saco de 30g de a\u00e7\u00facar de confeiteiro: a\u00e7\u00facar, amido de TRIGO, aromas. <\/span><\/span><span class=\"EOP SCXW104155408 BCX8\" style=\"margin:0px;padding:0px;font-size:11pt;line-height:19.7625px;font-family:Calibri, 'Calibri_EmbeddedFont', 'Calibri_MSFontService', sans-serif;color:#292929;\"> <\/span><span xml:lang=\"pt-br\" lang=\"pt-br\" class=\"TextRun SCXW104155408 BCX8\" style=\"background-color:transparent;margin:0px;padding:0px;color:#292929;font-size:11pt;line-height:19.7625px;font-family:Calibri, 'Calibri_EmbeddedFont', 'Calibri_MSFontService', sans-serif;\"><span class=\"NormalTextRun SpellingErrorV2Themed SCXW104155408 BCX8\" style=\"margin:0px;padding:0px;background-position:0px 100%;background-repeat:repeat-x;border-bottom:1px solid transparent;\">Al\u00e9rgenicos<\/span><span class=\"NormalTextRun SpellingErrorV2Themed SCXW104155408 BCX8\" style=\"margin:0px;padding:0px;background-position:0px 100%;background-repeat:repeat-x;border-bottom:1px solid transparent;\">:<\/span><span class=\"NormalTextRun SpellingErrorV2Themed SCXW104155408 BCX8\" style=\"margin:0px;padding:0px;background-position:0px 100%;background-repeat:repeat-x;border-bottom:1px solid transparent;\">Cont\u00e9m<\/span><span class=\"NormalTextRun SCXW104155408 BCX8\" style=\"margin:0px;padding:0px;\">: ovos, leite, trigo (gl\u00faten). Pode conter AM\u00caNDOAS, AVEL\u00c3S, PISTACHES e SOJA<\/span><\/span><span class=\"EOP SCXW104155408 BCX8\" style=\"background-color:transparent;margin:0px;padding:0px;font-size:11pt;line-height:19.7625px;font-family:Calibri, 'Calibri_EmbeddedFont', 'Calibri_MSFontService', sans-serif;color:#292929;\">\u00a0<\/span><\/p>\n<\/p><\/div>\n<div class=\"OutlineElement Ltr SCXW104155408 BCX8\" style=\"margin:0px;padding:0px;clear:both;font-family:'Segoe UI', 'Segoe UI Web', Arial, Verdana, sans-serif;font-size:12px;background-color:#ffffff;\">\n<p class=\"Paragraph SCXW104155408 BCX8\" xml:lang=\"pt-br\" lang=\"pt-br\" style=\"margin:0px 0px 10.6667px;padding:0px;vertical-align:baseline;background-color:transparent;\"><span xml:lang=\"en-us\" lang=\"en-us\" class=\"TextRun SCXW104155408 BCX8\" style=\"margin:0px;padding:0px;color:#292929;font-size:11pt;line-height:19.7625px;font-family:Calibri, 'Calibri_EmbeddedFont', 'Calibri_MSFontService', sans-serif;\"><span class=\"NormalTextRun SpellingErrorV2Themed SCXW104155408 BCX8\" style=\"margin:0px;padding:0px;background-position:0px 100%;background-repeat:repeat-x;border-bottom:1px solid transparent;\">Conserva\u00e7\u00e3o<\/span><span class=\"NormalTextRun SCXW104155408 BCX8\" style=\"margin:0px;padding:0px;\">:<\/span><\/span><span xml:lang=\"pt-br\" lang=\"pt-br\" class=\"TextRun SCXW104155408 BCX8\" style=\"margin:0px;padding:0px;color:#292929;font-size:11pt;line-height:19.7625px;font-family:Calibri, 'Calibri_EmbeddedFont', 'Calibri_MSFontService', sans-serif;\"><span class=\"NormalTextRun SCXW104155408 BCX8\" style=\"margin:0px;padding:0px;\">Ser\u00e1 mantido <\/span><span class=\"NormalTextRun ContextualSpellingAndGrammarErrorV2Themed SCXW104155408 BCX8\" style=\"margin:0px;padding:0px;background-position:0px 100%;background-repeat:repeat-x;border-bottom:1px solid transparent;\">fresco.<\/span><span class=\"NormalTextRun SCXW104155408 BCX8\" style=\"margin:0px;padding:0px;\"> Evite a exposi\u00e7\u00e3o direta \u00e0s fontes de luz e calor.<\/span><\/span><span class=\"EOP SCXW104155408 BCX8\" style=\"margin:0px;padding:0px;font-size:11pt;line-height:19.7625px;font-family:Calibri, 'Calibri_EmbeddedFont', 'Calibri_MSFontService', sans-serif;color:#292929;\"> <\/span><\/p>\n<\/p><\/div>\n","protected":false},"excerpt":{"rendered":"<div class=\"ListContainerWrapper SCXW175363463 BCX8\" style=\"margin:0px;padding:0px;font-family:Poppins, 'Poppins_MSFontService', sans-serif;font-size:14px;background-color:#ffffff;\">\n<ul class=\"BulletListStyle1 SCXW175363463 BCX8\" style=\"margin:0px;padding:0px;font-family:verdana;\">\n<li class=\"OutlineElement Ltr SCXW175363463 BCX8\" style=\"margin:0px 0px 0px 24px;padding:0px;clear:both;font-size:11pt;font-family:Calibri, 'Calibri_MSFontService', sans-serif;vertical-align:baseline;\">\n<p class=\"Paragraph SCXW175363463 BCX8\" xml:lang=\"pt-br\" lang=\"pt-br\" style=\"margin:0px;padding:0px;vertical-align:baseline;\"><span xml:lang=\"en-us\" lang=\"en-us\" class=\"TextRun SCXW175363463 BCX8\" style=\"margin:0px;padding:0px;font-size:11pt;line-height:19.7625px;font-family:Calibri, 'Calibri_EmbeddedFont', 'Calibri_MSFontService', sans-serif;\"><span class=\"NormalTextRun SCXW175363463 BCX8\" style=\"margin:0px;padding:0px;\">. Peso <\/span><span class=\"NormalTextRun SpellingErrorV2Themed SCXW175363463 BCX8\" style=\"margin:0px;padding:0px;background-position:0px 100%;background-repeat:repeat-x;border-bottom:1px solid transparent;\">l\u00edquido<\/span><span class=\"NormalTextRun SCXW175363463 BCX8\" style=\"margin:0px;padding:0px;\"> 1kg<\/span><\/span><span class=\"EOP SCXW175363463 BCX8\" style=\"margin:0px;padding:0px;font-size:11pt;line-height:19.7625px;font-family:Calibri, 'Calibri_EmbeddedFont', 'Calibri_MSFontService', sans-serif;\">\u00a0<\/span><\/p>\n<\/li>\n<\/ul><\/div>\n<div class=\"ListContainerWrapper SCXW175363463 BCX8\" style=\"margin:0px;padding:0px;font-family:Poppins, 'Poppins_MSFontService', sans-serif;font-size:14px;background-color:#ffffff;\">\n<ul class=\"BulletListStyle1 SCXW175363463 BCX8\" style=\"margin:0px;padding:0px;font-family:verdana;\">\n<li class=\"OutlineElement Ltr SCXW175363463 BCX8\" style=\"margin:0px 0px 0px 24px;padding:0px;clear:both;font-size:11pt;font-family:Calibri, 'Calibri_MSFontService', sans-serif;vertical-align:baseline;\">\n<p class=\"Paragraph SCXW175363463 BCX8\" xml:lang=\"pt-br\" lang=\"pt-br\" style=\"margin:0px;padding:0px;vertical-align:baseline;\"><span xml:lang=\"en-us\" lang=\"en-us\" class=\"TextRun SCXW175363463 BCX8\" style=\"margin:0px;padding:0px;font-size:11pt;line-height:19.7625px;font-family:Calibri, 'Calibri_EmbeddedFont', 'Calibri_MSFontService', sans-serif;\"><span class=\"NormalTextRun SCXW175363463 BCX8\" style=\"margin:0px;padding:0px;\">. Ideal para <\/span><span class=\"NormalTextRun SpellingErrorV2Themed SCXW175363463 BCX8\" style=\"margin:0px;padding:0px;background-position:0px 100%;background-repeat:repeat-x;border-bottom:1px solid transparent;\">oferecer<\/span><span class=\"NormalTextRun SCXW175363463 BCX8\" style=\"margin:0px;padding:0px;\"> e <\/span><span class=\"NormalTextRun SpellingErrorV2Themed SCXW175363463 BCX8\" style=\"margin:0px;padding:0px;background-position:0px 100%;background-repeat:repeat-x;border-bottom:1px solid transparent;\">partilhar<\/span><\/span><span class=\"EOP SCXW175363463 BCX8\" style=\"margin:0px;padding:0px;font-size:11pt;line-height:19.7625px;font-family:Calibri, 'Calibri_EmbeddedFont', 'Calibri_MSFontService', sans-serif;\">\u00a0<\/span><\/p>\n<\/li>\n<\/ul><\/div>\n<div class=\"ListContainerWrapper SCXW175363463 BCX8\" style=\"margin:0px;padding:0px;font-family:Poppins, 'Poppins_MSFontService', sans-serif;font-size:14px;background-color:#ffffff;\">\n<ul class=\"BulletListStyle1 SCXW175363463 BCX8\" style=\"margin:0px;padding:0px;font-family:verdana;\">\n<li class=\"OutlineElement Ltr SCXW175363463 BCX8\" style=\"margin:0px 0px 0px 24px;padding:0px;clear:both;font-size:11pt;font-family:Calibri, 'Calibri_MSFontService', sans-serif;vertical-align:baseline;\">\n<p class=\"Paragraph SCXW175363463 BCX8\" xml:lang=\"pt-br\" lang=\"pt-br\" style=\"margin:0px;padding:0px;vertical-align:baseline;\"><span xml:lang=\"en-us\" lang=\"en-us\" class=\"TextRun SCXW175363463 BCX8\" style=\"margin:0px;padding:0px;font-size:11pt;line-height:19.7625px;font-family:Calibri, 'Calibri_EmbeddedFont', 'Calibri_MSFontService', sans-serif;\"><span class=\"NormalTextRun SpellingErrorV2Themed SCXW175363463 BCX8\" style=\"margin:0px;padding:0px;background-position:0px 100%;background-repeat:repeat-x;border-bottom:1px solid transparent;\">. Levedura<\/span><span class=\"NormalTextRun SCXW175363463 BCX8\" style=\"margin:0px;padding:0px;\"> natural<\/span><\/span><span class=\"EOP SCXW175363463 BCX8\" style=\"margin:0px;padding:0px;font-size:11pt;line-height:19.7625px;font-family:Calibri, 'Calibri_EmbeddedFont', 'Calibri_MSFontService', sans-serif;\">\u00a0<\/span><\/p>\n<\/li>\n<\/ul><\/div>\n<div class=\"ListContainerWrapper SCXW175363463 BCX8\" style=\"margin:0px;padding:0px;font-family:Poppins, 'Poppins_MSFontService', sans-serif;font-size:14px;background-color:#ffffff;\">\n<ul class=\"BulletListStyle1 SCXW175363463 BCX8\" style=\"margin:0px;padding:0px;font-family:verdana;\">\n<li class=\"OutlineElement Ltr SCXW175363463 BCX8\" style=\"margin:0px 0px 0px 24px;padding:0px;clear:both;font-size:11pt;font-family:Calibri, 'Calibri_MSFontService', sans-serif;vertical-align:baseline;\">\n<p class=\"Paragraph SCXW175363463 BCX8\" xml:lang=\"pt-br\" lang=\"pt-br\" style=\"margin:0px;padding:0px;vertical-align:baseline;\"><span xml:lang=\"en-us\" lang=\"en-us\" class=\"TextRun SCXW175363463 BCX8\" style=\"margin:0px;padding:0px;font-size:11pt;line-height:19.7625px;font-family:Calibri, 'Calibri_EmbeddedFont', 'Calibri_MSFontService', sans-serif;\"><span class=\"NormalTextRun SpellingErrorV2Themed SCXW175363463 BCX8\" style=\"margin:0px;padding:0px;background-position:0px 100%;background-repeat:repeat-x;border-bottom:1px solid transparent;\">. Ovos<\/span><span class=\"NormalTextRun SCXW175363463 BCX8\" style=\"margin:0px;padding:0px;\"> de <\/span><span class=\"NormalTextRun SpellingErrorV2Themed SCXW175363463 BCX8\" style=\"margin:0px;padding:0px;background-position:0px 100%;background-repeat:repeat-x;border-bottom:1px solid transparent;\">galinhas<\/span><span class=\"NormalTextRun SCXW175363463 BCX8\" style=\"margin:0px;padding:0px;\"> <\/span><span class=\"NormalTextRun SpellingErrorV2Themed SCXW175363463 BCX8\" style=\"margin:0px;padding:0px;background-position:0px 100%;background-repeat:repeat-x;border-bottom:1px solid transparent;\">criadas<\/span><span class=\"NormalTextRun SCXW175363463 BCX8\" style=\"margin:0px;padding:0px;\"> <\/span><span class=\"NormalTextRun SpellingErrorV2Themed SCXW175363463 BCX8\" style=\"margin:0px;padding:0px;background-position:0px 100%;background-repeat:repeat-x;border-bottom:1px solid transparent;\">em<\/span><span class=\"NormalTextRun SCXW175363463 BCX8\" style=\"margin:0px;padding:0px;\"> terra<\/span><\/span><span class=\"EOP SCXW175363463 BCX8\" style=\"margin:0px;padding:0px;font-size:11pt;line-height:19.7625px;font-family:Calibri, 'Calibri_EmbeddedFont', 'Calibri_MSFontService', sans-serif;\">\u00a0<\/span><\/p>\n<\/li>\n<\/ul><\/div>\n<div class=\"ListContainerWrapper SCXW175363463 BCX8\" style=\"margin:0px;padding:0px;font-family:Poppins, 'Poppins_MSFontService', sans-serif;font-size:14px;background-color:#ffffff;\">\n<ul class=\"BulletListStyle1 SCXW175363463 BCX8\" style=\"margin:0px;padding:0px;font-family:verdana;\">\n<li class=\"OutlineElement Ltr SCXW175363463 BCX8\" style=\"margin:0px 0px 0px 24px;padding:0px;clear:both;font-size:11pt;font-family:Calibri, 'Calibri_MSFontService', sans-serif;vertical-align:baseline;\">\n<p class=\"Paragraph SCXW175363463 BCX8\" xml:lang=\"pt-br\" lang=\"pt-br\" style=\"margin:0px;padding:0px;vertical-align:baseline;\"><span xml:lang=\"en-us\" lang=\"en-us\" class=\"TextRun SCXW175363463 BCX8\" style=\"margin:0px;padding:0px;font-size:11pt;line-height:19.7625px;font-family:Calibri, 'Calibri_EmbeddedFont', 'Calibri_MSFontService', sans-serif;\"><span class=\"NormalTextRun SCXW175363463 BCX8\" style=\"margin:0px;padding:0px;\">. De <\/span><span class=\"NormalTextRun SpellingErrorV2Themed SCXW175363463 BCX8\" style=\"margin:0px;padding:0px;background-position:0px 100%;background-repeat:repeat-x;border-bottom:1px solid transparent;\">uma<\/span><span class=\"NormalTextRun SCXW175363463 BCX8\" style=\"margin:0px;padding:0px;\"> <\/span><span class=\"NormalTextRun SpellingErrorV2Themed SCXW175363463 BCX8\" style=\"margin:0px;padding:0px;background-position:0px 100%;background-repeat:repeat-x;border-bottom:1px solid transparent;\">empresa<\/span><span class=\"NormalTextRun SCXW175363463 BCX8\" style=\"margin:0px;padding:0px;\"> familiar<\/span><\/span><span class=\"EOP SCXW175363463 BCX8\" style=\"margin:0px;padding:0px;font-size:11pt;line-height:19.7625px;font-family:Calibri, 'Calibri_EmbeddedFont', 'Calibri_MSFontService', sans-serif;\"> <\/span><\/p>\n<\/li>\n<\/ul><\/div>\n","protected":false},"author":43533,"featured_media":196501,"comment_status":"open","ping_status":"closed","template":"","meta":[],"pwb-brand":[],"product_brand":[],"product_cat":[8289],"product_tag":[],"class_list":{"0":"post-214408","1":"product","2":"type-product","3":"status-publish","4":"has-post-thumbnail","6":"product_cat-inicio","8":"first","9":"outofstock","10":"taxable","11":"shipping-taxable","12":"purchasable","13":"product-type-simple"},"aioseo_notices":[],"brands":[],"_links":{"self":[{"href":"https:\/\/www.delicias-uk.com\/pt-pt\/wp-json\/wp\/v2\/product\/214408","targetHints":{"allow":["GET"]}}],"collection":[{"href":"https:\/\/www.delicias-uk.com\/pt-pt\/wp-json\/wp\/v2\/product"}],"about":[{"href":"https:\/\/www.delicias-uk.com\/pt-pt\/wp-json\/wp\/v2\/types\/product"}],"author":[{"embeddable":true,"href":"https:\/\/www.delicias-uk.com\/pt-pt\/wp-json\/wp\/v2\/users\/43533"}],"replies":[{"embeddable":true,"href":"https:\/\/www.delicias-uk.com\/pt-pt\/wp-json\/wp\/v2\/comments?post=214408"}],"wp:featuredmedia":[{"embeddable":true,"href":"https:\/\/www.delicias-uk.com\/pt-pt\/wp-json\/wp\/v2\/media\/196501"}],"wp:attachment":[{"href":"https:\/\/www.delicias-uk.com\/pt-pt\/wp-json\/wp\/v2\/media?parent=214408"}],"wp:term":[{"taxonomy":"pwb-brand","embeddable":true,"href":"https:\/\/www.delicias-uk.com\/pt-pt\/wp-json\/wp\/v2\/pwb-brand?post=214408"},{"taxonomy":"product_brand","embeddable":true,"href":"https:\/\/www.delicias-uk.com\/pt-pt\/wp-json\/wp\/v2\/product_brand?post=214408"},{"taxonomy":"product_cat","embeddable":true,"href":"https:\/\/www.delicias-uk.com\/pt-pt\/wp-json\/wp\/v2\/product_cat?post=214408"},{"taxonomy":"product_tag","embeddable":true,"href":"https:\/\/www.delicias-uk.com\/pt-pt\/wp-json\/wp\/v2\/product_tag?post=214408"}],"curies":[{"name":"wp","href":"https:\/\/api.w.org\/{rel}","templated":true}]}}