{"id":214398,"date":"2021-10-21T14:48:11","date_gmt":"2021-10-21T13:48:11","guid":{"rendered":"https:\/\/www.delicias-uk.com\/product\/vinagre-cristal-balsamico-6-acidez-pet-250ml-2\/"},"modified":"2025-02-06T17:13:54","modified_gmt":"2025-02-06T17:13:54","slug":"vinagre-cristal-balsamico-6-acidez-pet-250ml-2","status":"publish","type":"product","link":"https:\/\/www.delicias-uk.com\/pt-pt\/produto\/vinagre-cristal-balsamico-6-acidez-pet-250ml-2\/","title":{"rendered":"Vinagre Bals\u00e2mico Cristal Pet 250ml"},"content":{"rendered":"<p>Um dos mais nobres e refinados vinagres. Um toque especial e arom\u00e1tico que traz mais do\u00e7ura para a sua mesa.<\/p>\n<p>Ingredientes: Vinagre de Vinho, A\u00e7\u00facar, Corante Caramelo.<\/p>\n<p>Acidez: 6%<\/p>\n<p>Conservar em local fresco e seco. Cont\u00e9m Sulfitos.<\/p>\n","protected":false},"excerpt":{"rendered":"<ul>\n<li>Vinagre Bals\u00e2mico tradicional.<\/li>\n<li>6% Acidez.<\/li>\n<li>Sem OGM. Adequado a vegetarianos e vegans.<\/li>\n<li>Garrafa com PET reciclado, 250 ml.<\/li>\n<\/ul>\n","protected":false},"author":43533,"featured_media":226649,"comment_status":"open","ping_status":"closed","template":"","meta":[],"pwb-brand":[],"product_brand":[],"product_cat":[8289,8291,8403,8559],"product_tag":[],"class_list":{"0":"post-214398","1":"product","2":"type-product","3":"status-publish","4":"has-post-thumbnail","6":"product_cat-inicio","7":"product_cat-produtos-portugueses","8":"product_cat-azeitona-azeite-vinagre","9":"product_cat-vinagre","11":"first","12":"instock","13":"taxable","14":"shipping-taxable","15":"purchasable","16":"product-type-simple"},"aioseo_notices":[],"brands":[],"_links":{"self":[{"href":"https:\/\/www.delicias-uk.com\/pt-pt\/wp-json\/wp\/v2\/product\/214398","targetHints":{"allow":["GET"]}}],"collection":[{"href":"https:\/\/www.delicias-uk.com\/pt-pt\/wp-json\/wp\/v2\/product"}],"about":[{"href":"https:\/\/www.delicias-uk.com\/pt-pt\/wp-json\/wp\/v2\/types\/product"}],"author":[{"embeddable":true,"href":"https:\/\/www.delicias-uk.com\/pt-pt\/wp-json\/wp\/v2\/users\/43533"}],"replies":[{"embeddable":true,"href":"https:\/\/www.delicias-uk.com\/pt-pt\/wp-json\/wp\/v2\/comments?post=214398"}],"wp:featuredmedia":[{"embeddable":true,"href":"https:\/\/www.delicias-uk.com\/pt-pt\/wp-json\/wp\/v2\/media\/226649"}],"wp:attachment":[{"href":"https:\/\/www.delicias-uk.com\/pt-pt\/wp-json\/wp\/v2\/media?parent=214398"}],"wp:term":[{"taxonomy":"pwb-brand","embeddable":true,"href":"https:\/\/www.delicias-uk.com\/pt-pt\/wp-json\/wp\/v2\/pwb-brand?post=214398"},{"taxonomy":"product_brand","embeddable":true,"href":"https:\/\/www.delicias-uk.com\/pt-pt\/wp-json\/wp\/v2\/product_brand?post=214398"},{"taxonomy":"product_cat","embeddable":true,"href":"https:\/\/www.delicias-uk.com\/pt-pt\/wp-json\/wp\/v2\/product_cat?post=214398"},{"taxonomy":"product_tag","embeddable":true,"href":"https:\/\/www.delicias-uk.com\/pt-pt\/wp-json\/wp\/v2\/product_tag?post=214398"}],"curies":[{"name":"wp","href":"https:\/\/api.w.org\/{rel}","templated":true}]}}