{"id":214368,"date":"2021-10-06T14:39:27","date_gmt":"2021-10-06T13:39:27","guid":{"rendered":"https:\/\/www.delicias-uk.com\/product\/vinho-tinto-carm-grand-reserve-2017-75cl\/"},"modified":"2025-09-02T13:54:24","modified_gmt":"2025-09-02T12:54:24","slug":"vinho-tinto-carm-grand-reserve","status":"publish","type":"product","link":"https:\/\/www.delicias-uk.com\/pt-pt\/produto\/vinho-tinto-carm-grand-reserve\/","title":{"rendered":"Carm Grand Reserve 2022 75cl"},"content":{"rendered":"<p data-start=\"84\" data-end=\"581\">Este vinho apresenta um nariz muito fresco e intenso, com notas de frutos negros silvestres e cerejas negras, equilibradas com sedutoras nuances de alca\u00e7uz. Os aromas tornam-se mais complexos gra\u00e7as a subtis notas de baunilha provenientes da madeira. Na boca, o vinho \u00e9 fabulosamente concentrado, com taninos firmes e textura suave. O final, muito persistente, evidencia fortemente a intensidade dos vinhos do Douro Superior. Este vinho harmoniza bem com carnes, queijos e cozinha mediterr\u00e2nica.<\/p>\n<ul>\n<li data-start=\"585\" data-end=\"638\"><strong data-start=\"585\" data-end=\"598\">Produtor:<\/strong> CARM \u2013 Casa Agricola Roboredo Madeira<\/li>\n<li data-start=\"641\" data-end=\"670\"><strong data-start=\"641\" data-end=\"652\">Regi\u00e3o:<\/strong> Douro, Portugal<\/li>\n<li data-start=\"673\" data-end=\"698\"><strong data-start=\"673\" data-end=\"684\">Estilo:<\/strong> Vinho Tinto<\/li>\n<li data-start=\"701\" data-end=\"761\"><strong data-start=\"701\" data-end=\"712\">Castas:<\/strong> Touriga Nacional, Touriga Franca e Tinta Roriz<\/li>\n<li data-start=\"764\" data-end=\"783\"><strong data-start=\"764\" data-end=\"776\">Garrafa:<\/strong> 75cl<\/li>\n<li data-start=\"786\" data-end=\"803\"><strong data-start=\"786\" data-end=\"797\">\u00c1lcool:<\/strong> 14%<\/li>\n<li data-start=\"806\" data-end=\"843\"><strong data-start=\"806\" data-end=\"833\">Temperatura de Servi\u00e7o:<\/strong> 16\u201318\u00baC<\/li>\n<\/ul>\n","protected":false},"excerpt":{"rendered":"<ul>\n<li data-start=\"585\" data-end=\"638\"><strong data-start=\"585\" data-end=\"598\">Produtor:<\/strong> CARM \u2013 Casa Agricola Roboredo Madeira<\/li>\n<li data-start=\"641\" data-end=\"670\"><strong data-start=\"641\" data-end=\"652\">Regi\u00e3o:<\/strong> Douro, Portugal<\/li>\n<li data-start=\"673\" data-end=\"698\"><strong data-start=\"673\" data-end=\"684\">Estilo:<\/strong> Vinho Tinto<\/li>\n<li data-start=\"701\" data-end=\"761\"><strong data-start=\"701\" data-end=\"712\">Castas:<\/strong> Touriga Nacional, Touriga Franca e Tinta Roriz<\/li>\n<li data-start=\"764\" data-end=\"783\"><strong data-start=\"764\" data-end=\"776\">Garrafa:<\/strong> 75cl<\/li>\n<li data-start=\"786\" data-end=\"803\"><strong data-start=\"786\" data-end=\"797\">\u00c1lcool:<\/strong> 14%<\/li>\n<li data-start=\"806\" data-end=\"843\"><strong data-start=\"806\" data-end=\"833\">Temperatura de Servi\u00e7o:<\/strong> 16\u201318\u00baC<\/li>\n<\/ul>\n","protected":false},"author":43533,"featured_media":234570,"comment_status":"open","ping_status":"closed","template":"","meta":[],"pwb-brand":[],"product_brand":[],"product_cat":[8289,8291,8431,8449,8823],"product_tag":[],"class_list":{"0":"post-214368","1":"product","2":"type-product","3":"status-publish","4":"has-post-thumbnail","6":"product_cat-inicio","7":"product_cat-produtos-portugueses","8":"product_cat-vinhos-pt-pt","9":"product_cat-vinho-tinto","10":"product_cat-douro-pt-pt","12":"first","13":"outofstock","14":"taxable","15":"shipping-taxable","16":"purchasable","17":"product-type-simple"},"aioseo_notices":[],"brands":[],"_links":{"self":[{"href":"https:\/\/www.delicias-uk.com\/pt-pt\/wp-json\/wp\/v2\/product\/214368","targetHints":{"allow":["GET"]}}],"collection":[{"href":"https:\/\/www.delicias-uk.com\/pt-pt\/wp-json\/wp\/v2\/product"}],"about":[{"href":"https:\/\/www.delicias-uk.com\/pt-pt\/wp-json\/wp\/v2\/types\/product"}],"author":[{"embeddable":true,"href":"https:\/\/www.delicias-uk.com\/pt-pt\/wp-json\/wp\/v2\/users\/43533"}],"replies":[{"embeddable":true,"href":"https:\/\/www.delicias-uk.com\/pt-pt\/wp-json\/wp\/v2\/comments?post=214368"}],"wp:featuredmedia":[{"embeddable":true,"href":"https:\/\/www.delicias-uk.com\/pt-pt\/wp-json\/wp\/v2\/media\/234570"}],"wp:attachment":[{"href":"https:\/\/www.delicias-uk.com\/pt-pt\/wp-json\/wp\/v2\/media?parent=214368"}],"wp:term":[{"taxonomy":"pwb-brand","embeddable":true,"href":"https:\/\/www.delicias-uk.com\/pt-pt\/wp-json\/wp\/v2\/pwb-brand?post=214368"},{"taxonomy":"product_brand","embeddable":true,"href":"https:\/\/www.delicias-uk.com\/pt-pt\/wp-json\/wp\/v2\/product_brand?post=214368"},{"taxonomy":"product_cat","embeddable":true,"href":"https:\/\/www.delicias-uk.com\/pt-pt\/wp-json\/wp\/v2\/product_cat?post=214368"},{"taxonomy":"product_tag","embeddable":true,"href":"https:\/\/www.delicias-uk.com\/pt-pt\/wp-json\/wp\/v2\/product_tag?post=214368"}],"curies":[{"name":"wp","href":"https:\/\/api.w.org\/{rel}","templated":true}]}}