{"id":214350,"date":"2021-10-04T12:21:15","date_gmt":"2021-10-04T12:21:15","guid":{"rendered":"https:\/\/www.delicias-uk.com\/product\/sal-belamandil-marinho-tradicional-tubo-400gr-2\/"},"modified":"2021-10-04T12:21:15","modified_gmt":"2021-10-04T12:21:15","slug":"sal-belamandil-marinho-tradicional-tubo-400gr-2","status":"publish","type":"product","link":"https:\/\/www.delicias-uk.com\/pt-pt\/produto\/sal-belamandil-marinho-tradicional-tubo-400gr-2\/","title":{"rendered":"Sal Marinho Tradicional Belamandil Tubo 400g"},"content":{"rendered":"<p>Sal marinho grosso, colhido \u00e0 m\u00e3o, das salinas de Belamandil &#8211; Portugal. \u00c9 um sal rico em minerais como o magn\u00e9sio, c\u00e1lcio e iodo. Produto ideal para cozinhar.\u00a0<\/p>\n<p>Sal fino. Perfeito para trazer para a mesa.<\/p>\n","protected":false},"excerpt":{"rendered":"<ul>\n<li>Sal marinho.<\/li>\n<li>Fino.<\/li>\n<li>Tubo, 400 gr.<\/li>\n<\/ul>\n","protected":false},"author":43533,"featured_media":89558,"comment_status":"open","ping_status":"closed","template":"","meta":[],"pwb-brand":[],"product_brand":[],"product_cat":[8857],"product_tag":[],"class_list":{"0":"post-214350","1":"product","2":"type-product","3":"status-publish","4":"has-post-thumbnail","6":"product_cat-sal-pt-pt","8":"first","9":"outofstock","10":"taxable","11":"shipping-taxable","12":"purchasable","13":"product-type-simple"},"aioseo_notices":[],"brands":[],"_links":{"self":[{"href":"https:\/\/www.delicias-uk.com\/pt-pt\/wp-json\/wp\/v2\/product\/214350","targetHints":{"allow":["GET"]}}],"collection":[{"href":"https:\/\/www.delicias-uk.com\/pt-pt\/wp-json\/wp\/v2\/product"}],"about":[{"href":"https:\/\/www.delicias-uk.com\/pt-pt\/wp-json\/wp\/v2\/types\/product"}],"author":[{"embeddable":true,"href":"https:\/\/www.delicias-uk.com\/pt-pt\/wp-json\/wp\/v2\/users\/43533"}],"replies":[{"embeddable":true,"href":"https:\/\/www.delicias-uk.com\/pt-pt\/wp-json\/wp\/v2\/comments?post=214350"}],"wp:featuredmedia":[{"embeddable":true,"href":"https:\/\/www.delicias-uk.com\/pt-pt\/wp-json\/wp\/v2\/media\/89558"}],"wp:attachment":[{"href":"https:\/\/www.delicias-uk.com\/pt-pt\/wp-json\/wp\/v2\/media?parent=214350"}],"wp:term":[{"taxonomy":"pwb-brand","embeddable":true,"href":"https:\/\/www.delicias-uk.com\/pt-pt\/wp-json\/wp\/v2\/pwb-brand?post=214350"},{"taxonomy":"product_brand","embeddable":true,"href":"https:\/\/www.delicias-uk.com\/pt-pt\/wp-json\/wp\/v2\/product_brand?post=214350"},{"taxonomy":"product_cat","embeddable":true,"href":"https:\/\/www.delicias-uk.com\/pt-pt\/wp-json\/wp\/v2\/product_cat?post=214350"},{"taxonomy":"product_tag","embeddable":true,"href":"https:\/\/www.delicias-uk.com\/pt-pt\/wp-json\/wp\/v2\/product_tag?post=214350"}],"curies":[{"name":"wp","href":"https:\/\/api.w.org\/{rel}","templated":true}]}}