{"id":214346,"date":"2021-10-04T12:15:14","date_gmt":"2021-10-04T12:15:14","guid":{"rendered":"https:\/\/www.delicias-uk.com\/product\/sal-marnoto-marinho-tradicional-grosso-saco-1kg-2\/"},"modified":"2021-10-04T12:15:14","modified_gmt":"2021-10-04T12:15:14","slug":"sal-marnoto-marinho-tradicional-grosso-saco-1kg-2","status":"publish","type":"product","link":"https:\/\/www.delicias-uk.com\/pt-pt\/produto\/sal-marnoto-marinho-tradicional-grosso-saco-1kg-2\/","title":{"rendered":"Sal Marinho Grosso Marnoto Saco 1kg"},"content":{"rendered":"<\/p>\n<p>O sal marinho tradicional \u00e9 um sal 100% natural, isento de quaisquer limpezas quimicas ou aditivos. \u00c9 recolhido de forma artesanal, manualmente pelos marnotos (profiss\u00e3o que d\u00e1 nome aos trabalhadores das salinas).<\/p>\n","protected":false},"excerpt":{"rendered":"<ul>\n<li>Sal marinho.<\/li>\n<li>Grosso.<\/li>\n<li>Saco, 1 kg.<\/li>\n<\/ul>\n","protected":false},"author":43533,"featured_media":89550,"comment_status":"open","ping_status":"closed","template":"","meta":[],"pwb-brand":[],"product_brand":[],"product_cat":[8857],"product_tag":[],"class_list":{"0":"post-214346","1":"product","2":"type-product","3":"status-publish","4":"has-post-thumbnail","6":"product_cat-sal-pt-pt","8":"first","9":"outofstock","10":"taxable","11":"shipping-taxable","12":"purchasable","13":"product-type-simple"},"aioseo_notices":[],"brands":[],"_links":{"self":[{"href":"https:\/\/www.delicias-uk.com\/pt-pt\/wp-json\/wp\/v2\/product\/214346","targetHints":{"allow":["GET"]}}],"collection":[{"href":"https:\/\/www.delicias-uk.com\/pt-pt\/wp-json\/wp\/v2\/product"}],"about":[{"href":"https:\/\/www.delicias-uk.com\/pt-pt\/wp-json\/wp\/v2\/types\/product"}],"author":[{"embeddable":true,"href":"https:\/\/www.delicias-uk.com\/pt-pt\/wp-json\/wp\/v2\/users\/43533"}],"replies":[{"embeddable":true,"href":"https:\/\/www.delicias-uk.com\/pt-pt\/wp-json\/wp\/v2\/comments?post=214346"}],"wp:featuredmedia":[{"embeddable":true,"href":"https:\/\/www.delicias-uk.com\/pt-pt\/wp-json\/wp\/v2\/media\/89550"}],"wp:attachment":[{"href":"https:\/\/www.delicias-uk.com\/pt-pt\/wp-json\/wp\/v2\/media?parent=214346"}],"wp:term":[{"taxonomy":"pwb-brand","embeddable":true,"href":"https:\/\/www.delicias-uk.com\/pt-pt\/wp-json\/wp\/v2\/pwb-brand?post=214346"},{"taxonomy":"product_brand","embeddable":true,"href":"https:\/\/www.delicias-uk.com\/pt-pt\/wp-json\/wp\/v2\/product_brand?post=214346"},{"taxonomy":"product_cat","embeddable":true,"href":"https:\/\/www.delicias-uk.com\/pt-pt\/wp-json\/wp\/v2\/product_cat?post=214346"},{"taxonomy":"product_tag","embeddable":true,"href":"https:\/\/www.delicias-uk.com\/pt-pt\/wp-json\/wp\/v2\/product_tag?post=214346"}],"curies":[{"name":"wp","href":"https:\/\/api.w.org\/{rel}","templated":true}]}}