{"id":214324,"date":"2021-10-04T11:40:35","date_gmt":"2021-10-04T10:40:35","guid":{"rendered":"https:\/\/www.delicias-uk.com\/product\/piri-piri-sacana-extra-picante-75ml-2\/"},"modified":"2026-03-29T15:37:07","modified_gmt":"2026-03-29T14:37:07","slug":"piri-piri-sacana-extra-picante-75ml-2","status":"publish","type":"product","link":"https:\/\/www.delicias-uk.com\/pt-pt\/produto\/piri-piri-sacana-extra-picante-75ml-2\/","title":{"rendered":"Piri-Piri Extra Picante Sacana 75ml"},"content":{"rendered":"<p>Piri-piri extra picante. Um toque quente nos seus pratos.<\/p>\n<p>Ingredientes: \u00c1gua vinagre de \u00e1lcool a\u00e7\u00facar piripiri e extracto de piri-piri (2%) sal amido modificado pimento especiarias espessante (goma xantana) antioxidante (\u00e1cido asc\u00f3rbico) conservante (sorbato de pot\u00e1ssio).<\/p>\n","protected":false},"excerpt":{"rendered":"<ul>\n<li>Molho Piri-Piri.<\/li>\n<li>Extra-picante.<\/li>\n<li>Pequeno frasco de espremer, 75 ml.<\/li>\n<\/ul>\n","protected":false},"author":43533,"featured_media":89507,"comment_status":"open","ping_status":"closed","template":"","meta":[],"pwb-brand":[],"product_brand":[],"product_cat":[8811],"product_tag":[],"class_list":{"0":"post-214324","1":"product","2":"type-product","3":"status-publish","4":"has-post-thumbnail","6":"product_cat-piri-piri-pt-pt","8":"first","9":"instock","10":"taxable","11":"shipping-taxable","12":"purchasable","13":"product-type-simple"},"aioseo_notices":[],"brands":[],"_links":{"self":[{"href":"https:\/\/www.delicias-uk.com\/pt-pt\/wp-json\/wp\/v2\/product\/214324","targetHints":{"allow":["GET"]}}],"collection":[{"href":"https:\/\/www.delicias-uk.com\/pt-pt\/wp-json\/wp\/v2\/product"}],"about":[{"href":"https:\/\/www.delicias-uk.com\/pt-pt\/wp-json\/wp\/v2\/types\/product"}],"author":[{"embeddable":true,"href":"https:\/\/www.delicias-uk.com\/pt-pt\/wp-json\/wp\/v2\/users\/43533"}],"replies":[{"embeddable":true,"href":"https:\/\/www.delicias-uk.com\/pt-pt\/wp-json\/wp\/v2\/comments?post=214324"}],"wp:featuredmedia":[{"embeddable":true,"href":"https:\/\/www.delicias-uk.com\/pt-pt\/wp-json\/wp\/v2\/media\/89507"}],"wp:attachment":[{"href":"https:\/\/www.delicias-uk.com\/pt-pt\/wp-json\/wp\/v2\/media?parent=214324"}],"wp:term":[{"taxonomy":"pwb-brand","embeddable":true,"href":"https:\/\/www.delicias-uk.com\/pt-pt\/wp-json\/wp\/v2\/pwb-brand?post=214324"},{"taxonomy":"product_brand","embeddable":true,"href":"https:\/\/www.delicias-uk.com\/pt-pt\/wp-json\/wp\/v2\/product_brand?post=214324"},{"taxonomy":"product_cat","embeddable":true,"href":"https:\/\/www.delicias-uk.com\/pt-pt\/wp-json\/wp\/v2\/product_cat?post=214324"},{"taxonomy":"product_tag","embeddable":true,"href":"https:\/\/www.delicias-uk.com\/pt-pt\/wp-json\/wp\/v2\/product_tag?post=214324"}],"curies":[{"name":"wp","href":"https:\/\/api.w.org\/{rel}","templated":true}]}}