{"id":214318,"date":"2021-10-04T11:27:59","date_gmt":"2021-10-04T10:27:59","guid":{"rendered":"https:\/\/www.delicias-uk.com\/product\/compota-prisca-nature-laranja-fr-250g-x-1-2\/"},"modified":"2021-10-04T11:27:59","modified_gmt":"2021-10-04T11:27:59","slug":"compota-prisca-nature-laranja-fr-250g-x-1-2","status":"publish","type":"product","link":"https:\/\/www.delicias-uk.com\/pt-pt\/produto\/compota-prisca-nature-laranja-fr-250g-x-1-2\/","title":{"rendered":"Compota de Laranja Prisca Nature 250g"},"content":{"rendered":"<p>O melhor doce de laranja com casca criado pela natureza, 100% natural, sem adi\u00e7\u00e3o de a\u00e7\u00facares, de sabor fresco e ligeiramente amargo. Utilize-o como uma sofisticada compota nas suas refei\u00e7\u00f5es di\u00e1rias ou para criar deliciosos molhos e coberturas para sobremesas e at\u00e9 para misturar com pat\u00eas nas suas sandu\u00edches gourmet. D\u00ea um toque criativo e saboroso aos seus bolos de chocolate, iogurtes naturais e gelados com este doce natural.<\/p>\n","protected":false},"excerpt":{"rendered":"<ul>\n<li>Compota Laranja.<\/li>\n<li>Sem a\u00e7\u00facar adicionado.<\/li>\n<li>Frasco, 250 gr.<\/li>\n<\/ul>\n","protected":false},"author":43533,"featured_media":226329,"comment_status":"open","ping_status":"closed","template":"","meta":[],"pwb-brand":[],"product_brand":[],"product_cat":[8705],"product_tag":[],"class_list":{"0":"post-214318","1":"product","2":"type-product","3":"status-publish","4":"has-post-thumbnail","6":"product_cat-compotas","8":"first","9":"instock","10":"taxable","11":"shipping-taxable","12":"purchasable","13":"product-type-simple"},"aioseo_notices":[],"brands":[],"_links":{"self":[{"href":"https:\/\/www.delicias-uk.com\/pt-pt\/wp-json\/wp\/v2\/product\/214318","targetHints":{"allow":["GET"]}}],"collection":[{"href":"https:\/\/www.delicias-uk.com\/pt-pt\/wp-json\/wp\/v2\/product"}],"about":[{"href":"https:\/\/www.delicias-uk.com\/pt-pt\/wp-json\/wp\/v2\/types\/product"}],"author":[{"embeddable":true,"href":"https:\/\/www.delicias-uk.com\/pt-pt\/wp-json\/wp\/v2\/users\/43533"}],"replies":[{"embeddable":true,"href":"https:\/\/www.delicias-uk.com\/pt-pt\/wp-json\/wp\/v2\/comments?post=214318"}],"wp:featuredmedia":[{"embeddable":true,"href":"https:\/\/www.delicias-uk.com\/pt-pt\/wp-json\/wp\/v2\/media\/226329"}],"wp:attachment":[{"href":"https:\/\/www.delicias-uk.com\/pt-pt\/wp-json\/wp\/v2\/media?parent=214318"}],"wp:term":[{"taxonomy":"pwb-brand","embeddable":true,"href":"https:\/\/www.delicias-uk.com\/pt-pt\/wp-json\/wp\/v2\/pwb-brand?post=214318"},{"taxonomy":"product_brand","embeddable":true,"href":"https:\/\/www.delicias-uk.com\/pt-pt\/wp-json\/wp\/v2\/product_brand?post=214318"},{"taxonomy":"product_cat","embeddable":true,"href":"https:\/\/www.delicias-uk.com\/pt-pt\/wp-json\/wp\/v2\/product_cat?post=214318"},{"taxonomy":"product_tag","embeddable":true,"href":"https:\/\/www.delicias-uk.com\/pt-pt\/wp-json\/wp\/v2\/product_tag?post=214318"}],"curies":[{"name":"wp","href":"https:\/\/api.w.org\/{rel}","templated":true}]}}