{"id":214316,"date":"2021-10-04T11:23:42","date_gmt":"2021-10-04T10:23:42","guid":{"rendered":"https:\/\/www.delicias-uk.com\/product\/compota-prisca-nature-figo-fr-250g-x-1-2\/"},"modified":"2026-03-31T11:38:34","modified_gmt":"2026-03-31T10:38:34","slug":"compota-prisca-nature-figo-fr-250g-x-1-2","status":"publish","type":"product","link":"https:\/\/www.delicias-uk.com\/pt-pt\/produto\/compota-prisca-nature-figo-fr-250g-x-1-2\/","title":{"rendered":"Compota de Figo Prisca Nature 250g"},"content":{"rendered":"<p>O melhor doce de Figo criado pela natureza, 100% natural e sem adi\u00e7\u00e3o de a\u00e7\u00facar. De sabor quente e mediterr\u00e2nico, utilize-o como uma sofisticada compota nas suas refei\u00e7\u00f5es di\u00e1rias ou para criar deliciosos molhos e coberturas para sobremesas. O acompanhamento ideal para queijos de cabra e queijos azuis fortes. Experimente-o com pat\u00ea e pratos de pato, barrando-o sobre a carne.<\/p>\n","protected":false},"excerpt":{"rendered":"<ul>\n<li>Compota de sabor a figo.<\/li>\n<li>Sem adi\u00e7\u00e3o de a\u00e7\u00facares.<\/li>\n<li>Frasco de 250gr.<\/li>\n<\/ul>\n","protected":false},"author":43533,"featured_media":226327,"comment_status":"open","ping_status":"closed","template":"","meta":[],"pwb-brand":[],"product_brand":[],"product_cat":[8705],"product_tag":[],"class_list":{"0":"post-214316","1":"product","2":"type-product","3":"status-publish","4":"has-post-thumbnail","6":"product_cat-compotas","8":"first","9":"instock","10":"taxable","11":"shipping-taxable","12":"purchasable","13":"product-type-simple"},"aioseo_notices":[],"brands":[],"_links":{"self":[{"href":"https:\/\/www.delicias-uk.com\/pt-pt\/wp-json\/wp\/v2\/product\/214316","targetHints":{"allow":["GET"]}}],"collection":[{"href":"https:\/\/www.delicias-uk.com\/pt-pt\/wp-json\/wp\/v2\/product"}],"about":[{"href":"https:\/\/www.delicias-uk.com\/pt-pt\/wp-json\/wp\/v2\/types\/product"}],"author":[{"embeddable":true,"href":"https:\/\/www.delicias-uk.com\/pt-pt\/wp-json\/wp\/v2\/users\/43533"}],"replies":[{"embeddable":true,"href":"https:\/\/www.delicias-uk.com\/pt-pt\/wp-json\/wp\/v2\/comments?post=214316"}],"wp:featuredmedia":[{"embeddable":true,"href":"https:\/\/www.delicias-uk.com\/pt-pt\/wp-json\/wp\/v2\/media\/226327"}],"wp:attachment":[{"href":"https:\/\/www.delicias-uk.com\/pt-pt\/wp-json\/wp\/v2\/media?parent=214316"}],"wp:term":[{"taxonomy":"pwb-brand","embeddable":true,"href":"https:\/\/www.delicias-uk.com\/pt-pt\/wp-json\/wp\/v2\/pwb-brand?post=214316"},{"taxonomy":"product_brand","embeddable":true,"href":"https:\/\/www.delicias-uk.com\/pt-pt\/wp-json\/wp\/v2\/product_brand?post=214316"},{"taxonomy":"product_cat","embeddable":true,"href":"https:\/\/www.delicias-uk.com\/pt-pt\/wp-json\/wp\/v2\/product_cat?post=214316"},{"taxonomy":"product_tag","embeddable":true,"href":"https:\/\/www.delicias-uk.com\/pt-pt\/wp-json\/wp\/v2\/product_tag?post=214316"}],"curies":[{"name":"wp","href":"https:\/\/api.w.org\/{rel}","templated":true}]}}