{"id":214270,"date":"2021-08-16T14:12:23","date_gmt":"2021-08-16T14:12:23","guid":{"rendered":"https:\/\/www.delicias-uk.com\/product\/cebola-caramelizada-prisca-fr-450g-2\/"},"modified":"2021-08-16T14:12:23","modified_gmt":"2021-08-16T14:12:23","slug":"cebola-caramelizada-prisca-fr-450g-2","status":"publish","type":"product","link":"https:\/\/www.delicias-uk.com\/pt-pt\/produto\/cebola-caramelizada-prisca-fr-450g-2\/","title":{"rendered":"Cebola Caramelizada Prisca Frasco 450g"},"content":{"rendered":"<p>Deliciosa cebola vermelha caramelizada, em redu\u00e7\u00e3o de vinho do Porto e vinagre bals\u00e2mico. \u00c9 o topping perfeito para um hamburguer ou churrasco. \u00d3ptimo com queijo e bolachas.<\/p>\n","protected":false},"excerpt":{"rendered":"<ul>\n<li>Cebola caramelizada.<\/li>\n<li>Em redu\u00e7\u00e3o de vinho do Porto e vinagre Bals\u00e2mico.<\/li>\n<li>Frasco, 450 gr.<\/li>\n<\/ul>\n","protected":false},"author":43533,"featured_media":89396,"comment_status":"open","ping_status":"closed","template":"","meta":[],"pwb-brand":[],"product_brand":[],"product_cat":[9325],"product_tag":[],"class_list":{"0":"post-214270","1":"product","2":"type-product","3":"status-publish","4":"has-post-thumbnail","6":"product_cat-pickles-conservas","8":"first","9":"outofstock","10":"taxable","11":"shipping-taxable","12":"purchasable","13":"product-type-simple"},"aioseo_notices":[],"brands":[],"_links":{"self":[{"href":"https:\/\/www.delicias-uk.com\/pt-pt\/wp-json\/wp\/v2\/product\/214270","targetHints":{"allow":["GET"]}}],"collection":[{"href":"https:\/\/www.delicias-uk.com\/pt-pt\/wp-json\/wp\/v2\/product"}],"about":[{"href":"https:\/\/www.delicias-uk.com\/pt-pt\/wp-json\/wp\/v2\/types\/product"}],"author":[{"embeddable":true,"href":"https:\/\/www.delicias-uk.com\/pt-pt\/wp-json\/wp\/v2\/users\/43533"}],"replies":[{"embeddable":true,"href":"https:\/\/www.delicias-uk.com\/pt-pt\/wp-json\/wp\/v2\/comments?post=214270"}],"wp:featuredmedia":[{"embeddable":true,"href":"https:\/\/www.delicias-uk.com\/pt-pt\/wp-json\/wp\/v2\/media\/89396"}],"wp:attachment":[{"href":"https:\/\/www.delicias-uk.com\/pt-pt\/wp-json\/wp\/v2\/media?parent=214270"}],"wp:term":[{"taxonomy":"pwb-brand","embeddable":true,"href":"https:\/\/www.delicias-uk.com\/pt-pt\/wp-json\/wp\/v2\/pwb-brand?post=214270"},{"taxonomy":"product_brand","embeddable":true,"href":"https:\/\/www.delicias-uk.com\/pt-pt\/wp-json\/wp\/v2\/product_brand?post=214270"},{"taxonomy":"product_cat","embeddable":true,"href":"https:\/\/www.delicias-uk.com\/pt-pt\/wp-json\/wp\/v2\/product_cat?post=214270"},{"taxonomy":"product_tag","embeddable":true,"href":"https:\/\/www.delicias-uk.com\/pt-pt\/wp-json\/wp\/v2\/product_tag?post=214270"}],"curies":[{"name":"wp","href":"https:\/\/api.w.org\/{rel}","templated":true}]}}