{"id":214268,"date":"2021-08-16T14:07:38","date_gmt":"2021-08-16T14:07:38","guid":{"rendered":"https:\/\/www.delicias-uk.com\/product\/cafe-moido-delta-origem-angola-saqueta-220g\/"},"modified":"2026-03-29T23:39:18","modified_gmt":"2026-03-29T22:39:18","slug":"cafe-moido-delta-origem-angola-saqueta-220g","status":"publish","type":"product","link":"https:\/\/www.delicias-uk.com\/pt-pt\/produto\/cafe-moido-delta-origem-angola-saqueta-220g\/","title":{"rendered":"Caf\u00e9 Delta Mo\u00eddo Origem \u00c2ngola Saqueta 220g"},"content":{"rendered":"<p>Uma mistura encorpada e suave com um ligeiro aroma a baunilha. Famoso pela sua consist\u00eancia e personalidade, transporta-nos para a long\u00ednqua zona de Amboim em Angola, resultando numa bebida cheia de car\u00e1cter e alma africana.<\/p>\n<p><strong>Ingredientes<\/strong>: caf\u00e9 mo\u00eddo torrado.<\/p>\n<p><strong>Alerg\u00e9nios<\/strong>: nenhum.<\/p>\n<p><strong>Pa\u00eds de origem<\/strong>: Angola.<\/p>\n","protected":false},"excerpt":{"rendered":"<ul style=\"list-style-type:disc;\">\n<li>Peso l\u00edquido 220g<\/li>\n<li>Serve approx. 31 ch\u00e1venas de caf\u00e9<\/li>\n<li>Intensidade 13<\/li>\n<\/ul>\n","protected":false},"author":43533,"featured_media":89390,"comment_status":"open","ping_status":"closed","template":"","meta":[],"pwb-brand":[],"product_brand":[],"product_cat":[8289,8291,8351,8453],"product_tag":[],"class_list":{"0":"post-214268","1":"product","2":"type-product","3":"status-publish","4":"has-post-thumbnail","6":"product_cat-inicio","7":"product_cat-produtos-portugueses","8":"product_cat-cafe-cha-acucar","9":"product_cat-cafe","11":"first","12":"instock","13":"taxable","14":"shipping-taxable","15":"purchasable","16":"product-type-simple"},"aioseo_notices":[],"brands":[],"_links":{"self":[{"href":"https:\/\/www.delicias-uk.com\/pt-pt\/wp-json\/wp\/v2\/product\/214268","targetHints":{"allow":["GET"]}}],"collection":[{"href":"https:\/\/www.delicias-uk.com\/pt-pt\/wp-json\/wp\/v2\/product"}],"about":[{"href":"https:\/\/www.delicias-uk.com\/pt-pt\/wp-json\/wp\/v2\/types\/product"}],"author":[{"embeddable":true,"href":"https:\/\/www.delicias-uk.com\/pt-pt\/wp-json\/wp\/v2\/users\/43533"}],"replies":[{"embeddable":true,"href":"https:\/\/www.delicias-uk.com\/pt-pt\/wp-json\/wp\/v2\/comments?post=214268"}],"wp:featuredmedia":[{"embeddable":true,"href":"https:\/\/www.delicias-uk.com\/pt-pt\/wp-json\/wp\/v2\/media\/89390"}],"wp:attachment":[{"href":"https:\/\/www.delicias-uk.com\/pt-pt\/wp-json\/wp\/v2\/media?parent=214268"}],"wp:term":[{"taxonomy":"pwb-brand","embeddable":true,"href":"https:\/\/www.delicias-uk.com\/pt-pt\/wp-json\/wp\/v2\/pwb-brand?post=214268"},{"taxonomy":"product_brand","embeddable":true,"href":"https:\/\/www.delicias-uk.com\/pt-pt\/wp-json\/wp\/v2\/product_brand?post=214268"},{"taxonomy":"product_cat","embeddable":true,"href":"https:\/\/www.delicias-uk.com\/pt-pt\/wp-json\/wp\/v2\/product_cat?post=214268"},{"taxonomy":"product_tag","embeddable":true,"href":"https:\/\/www.delicias-uk.com\/pt-pt\/wp-json\/wp\/v2\/product_tag?post=214268"}],"curies":[{"name":"wp","href":"https:\/\/api.w.org\/{rel}","templated":true}]}}