{"id":214264,"date":"2021-08-16T14:33:11","date_gmt":"2021-08-16T13:33:11","guid":{"rendered":"https:\/\/www.delicias-uk.com\/product\/quinta-sao-sebastiao-doc-arruda-2020-75cl-2\/"},"modified":"2026-02-24T11:52:16","modified_gmt":"2026-02-24T11:52:16","slug":"quinta-sao-sebastiao-doc-arruda-2020-75cl-2","status":"publish","type":"product","link":"https:\/\/www.delicias-uk.com\/pt-pt\/produto\/quinta-sao-sebastiao-doc-arruda-2020-75cl-2\/","title":{"rendered":"Quinta de S\u00e3o Sebasti\u00e3o DOC Arruda 2020 75cl"},"content":{"rendered":"<p class=\"MsoNormal\"><span lang=\"pt\" xml:lang=\"pt\">Vinho com uma cor l\u00edmpida, cor rubi, brilhante, intensidade m\u00e9dia (+). Nariz limpo sem defeitos, aroma com uma intensidade m\u00e9dia, vinhoso, frutado, frutas de caro\u00e7o, cerejas, ameixas, floral, violeta, ligeiro bals\u00e2mico, eucalipto, especiaria, pimenta, fumo.<\/span><\/p>\n<p class=\"MsoNormal\"><span lang=\"pt\" xml:lang=\"pt\">Na boca \u00e9 um vinho seco, com acidez m\u00e9dia, taninos m\u00e9dios, aveludados, elegantes, \u00e1lcool m\u00e9dio (13,5\u00ba), corpo m\u00e9dio, amplo, frutado, vinhoso, com um final m\u00e9dio (+), seco e muito boa persist\u00eancia.<\/span><\/p>\n<p class=\"MsoNormal\"><span lang=\"pt\" xml:lang=\"pt\"><\/span><\/p>\n<ul>\n<li>Produtor: Quinta De S\u00e3o Sebasti\u00e3o<\/li>\n<li>Regi\u00e3o: Lisboa DOC Arruda<\/li>\n<li>Pa\u00eds: Portugal<\/li>\n<li>Tipo de Vinho: Tinto<\/li>\n<li>Castas: Touriga Nacional, Tinta Roriz<\/li>\n<li>Garrafa: 750ml<\/li>\n<li>Teor Alcool: 13.5%<\/li>\n<\/ul>\n","protected":false},"excerpt":{"rendered":"<ul style=\"list-style-type:disc;\">\n<li>Produtor: Quinta De S\u00e3o Sebasti\u00e3o<\/li>\n<li>Regi\u00e3o: Lisboa DOC Arruda<\/li>\n<li>Pa\u00eds: Portugal<\/li>\n<li>Tipo de Vinho: Tinto<\/li>\n<li>Castas: Touriga Nacional, Tinta Roriz<\/li>\n<li>Garrafa: 750ml<\/li>\n<li>Teor Alcool: 13.5%<\/li>\n<\/ul>\n","protected":false},"author":43533,"featured_media":141984,"comment_status":"open","ping_status":"closed","template":"","meta":[],"pwb-brand":[],"product_brand":[],"product_cat":[8289,8291,8431,8449,8845],"product_tag":[],"class_list":{"0":"post-214264","1":"product","2":"type-product","3":"status-publish","4":"has-post-thumbnail","6":"product_cat-inicio","7":"product_cat-produtos-portugueses","8":"product_cat-vinhos-pt-pt","9":"product_cat-vinho-tinto","10":"product_cat-lisboa-pt-pt-vinho-tinto","12":"first","13":"instock","14":"taxable","15":"shipping-taxable","16":"purchasable","17":"product-type-simple"},"aioseo_notices":[],"brands":[],"_links":{"self":[{"href":"https:\/\/www.delicias-uk.com\/pt-pt\/wp-json\/wp\/v2\/product\/214264","targetHints":{"allow":["GET"]}}],"collection":[{"href":"https:\/\/www.delicias-uk.com\/pt-pt\/wp-json\/wp\/v2\/product"}],"about":[{"href":"https:\/\/www.delicias-uk.com\/pt-pt\/wp-json\/wp\/v2\/types\/product"}],"author":[{"embeddable":true,"href":"https:\/\/www.delicias-uk.com\/pt-pt\/wp-json\/wp\/v2\/users\/43533"}],"replies":[{"embeddable":true,"href":"https:\/\/www.delicias-uk.com\/pt-pt\/wp-json\/wp\/v2\/comments?post=214264"}],"wp:featuredmedia":[{"embeddable":true,"href":"https:\/\/www.delicias-uk.com\/pt-pt\/wp-json\/wp\/v2\/media\/141984"}],"wp:attachment":[{"href":"https:\/\/www.delicias-uk.com\/pt-pt\/wp-json\/wp\/v2\/media?parent=214264"}],"wp:term":[{"taxonomy":"pwb-brand","embeddable":true,"href":"https:\/\/www.delicias-uk.com\/pt-pt\/wp-json\/wp\/v2\/pwb-brand?post=214264"},{"taxonomy":"product_brand","embeddable":true,"href":"https:\/\/www.delicias-uk.com\/pt-pt\/wp-json\/wp\/v2\/product_brand?post=214264"},{"taxonomy":"product_cat","embeddable":true,"href":"https:\/\/www.delicias-uk.com\/pt-pt\/wp-json\/wp\/v2\/product_cat?post=214264"},{"taxonomy":"product_tag","embeddable":true,"href":"https:\/\/www.delicias-uk.com\/pt-pt\/wp-json\/wp\/v2\/product_tag?post=214264"}],"curies":[{"name":"wp","href":"https:\/\/api.w.org\/{rel}","templated":true}]}}