{"id":214256,"date":"2021-08-16T10:38:48","date_gmt":"2021-08-16T10:38:48","guid":{"rendered":"https:\/\/www.delicias-uk.com\/product\/pacheca-pinot-noir-2009-75cl-2\/"},"modified":"2021-08-16T10:38:48","modified_gmt":"2021-08-16T10:38:48","slug":"pacheca-pinot-noir-2009-75cl-2","status":"publish","type":"product","link":"https:\/\/www.delicias-uk.com\/pt-pt\/produto\/pacheca-pinot-noir-2009-75cl-2\/","title":{"rendered":"Espumante Branco Pacheca Pinot Noir 2009 75cl"},"content":{"rendered":"<p>Rigorosamente elaborado de acordo com o m\u00e9todo cl\u00e1ssico, a partir de uma sele\u00e7\u00e3o de uvas da variedade Pinot Noir.<\/p>\n","protected":false},"excerpt":{"rendered":"<ul style=\"list-style-type:disc;\">\n<li><strong>Produtor<\/strong>: Quinta da Pacheca<\/li>\n<li><strong>Regiao<\/strong>: Douro<\/li>\n<li><strong>Pa\u00eds<\/strong>: Portugal<\/li>\n<li><strong>Tipo<\/strong> <strong>de<\/strong> <strong>Vinho<\/strong>: Espumante Branco<\/li>\n<li><strong>Uva<\/strong>: Pinot Noir<\/li>\n<li><strong>Garrafa<\/strong>: 750ml<\/li>\n<li><strong>Teor<\/strong> <strong>Alcoolico<\/strong>: 13%<\/li>\n<\/ul>\n","protected":false},"author":43533,"featured_media":89370,"comment_status":"open","ping_status":"closed","template":"","meta":[],"pwb-brand":[],"product_brand":[],"product_cat":[9350,8289,8291,8431,8563],"product_tag":[],"class_list":{"0":"post-214256","1":"product","2":"type-product","3":"status-publish","4":"has-post-thumbnail","6":"product_cat-espumante","7":"product_cat-inicio","8":"product_cat-produtos-portugueses","9":"product_cat-vinhos-pt-pt","10":"product_cat-espumantes","12":"first","13":"instock","14":"taxable","15":"shipping-taxable","16":"purchasable","17":"product-type-simple"},"aioseo_notices":[],"brands":[],"_links":{"self":[{"href":"https:\/\/www.delicias-uk.com\/pt-pt\/wp-json\/wp\/v2\/product\/214256","targetHints":{"allow":["GET"]}}],"collection":[{"href":"https:\/\/www.delicias-uk.com\/pt-pt\/wp-json\/wp\/v2\/product"}],"about":[{"href":"https:\/\/www.delicias-uk.com\/pt-pt\/wp-json\/wp\/v2\/types\/product"}],"author":[{"embeddable":true,"href":"https:\/\/www.delicias-uk.com\/pt-pt\/wp-json\/wp\/v2\/users\/43533"}],"replies":[{"embeddable":true,"href":"https:\/\/www.delicias-uk.com\/pt-pt\/wp-json\/wp\/v2\/comments?post=214256"}],"wp:featuredmedia":[{"embeddable":true,"href":"https:\/\/www.delicias-uk.com\/pt-pt\/wp-json\/wp\/v2\/media\/89370"}],"wp:attachment":[{"href":"https:\/\/www.delicias-uk.com\/pt-pt\/wp-json\/wp\/v2\/media?parent=214256"}],"wp:term":[{"taxonomy":"pwb-brand","embeddable":true,"href":"https:\/\/www.delicias-uk.com\/pt-pt\/wp-json\/wp\/v2\/pwb-brand?post=214256"},{"taxonomy":"product_brand","embeddable":true,"href":"https:\/\/www.delicias-uk.com\/pt-pt\/wp-json\/wp\/v2\/product_brand?post=214256"},{"taxonomy":"product_cat","embeddable":true,"href":"https:\/\/www.delicias-uk.com\/pt-pt\/wp-json\/wp\/v2\/product_cat?post=214256"},{"taxonomy":"product_tag","embeddable":true,"href":"https:\/\/www.delicias-uk.com\/pt-pt\/wp-json\/wp\/v2\/product_tag?post=214256"}],"curies":[{"name":"wp","href":"https:\/\/api.w.org\/{rel}","templated":true}]}}