{"id":214250,"date":"2021-08-16T10:08:38","date_gmt":"2021-08-16T09:08:38","guid":{"rendered":"https:\/\/www.delicias-uk.com\/product\/pacheca-reserva-2019-75cl-2\/"},"modified":"2025-06-23T07:59:30","modified_gmt":"2025-06-23T06:59:30","slug":"pacheca-reserva-2021-75cl","status":"publish","type":"product","link":"https:\/\/www.delicias-uk.com\/pt-pt\/produto\/pacheca-reserva-2021-75cl\/","title":{"rendered":"Pacheca Reserva 2021 75cl"},"content":{"rendered":"<p>A Pacheca Reserva Branco apresenta um aroma intenso com notas de frutas brancas, tropical frutas e c\u00edtricos leves. Na boca tem um ataque animado com estrutura muito boa e acidez natural que lhe d\u00e1 frescor bem equilibrado com as notas de madeira p\u00f3s-fermentativas. Final muito harmonioso.<\/p>\n<ul>\n<li>Produtor: Quinta da Pacheca<\/li>\n<li>Regiao: Douro<\/li>\n<li>Pa\u00eds: Portugal<\/li>\n<li>Tipo de Vinho: Branco<\/li>\n<li>Uva: Arinto, Viosinho, Rabigato e C\u00f3dega<\/li>\n<li>Garrafa: 750ml<\/li>\n<li>Teor Alcoolico: 13.5%<\/li>\n<\/ul>\n","protected":false},"excerpt":{"rendered":"<ul style=\"list-style-type: disc;\">\n<li>Produtor: Quinta da Pacheca<\/li>\n<li>Regiao: Douro<\/li>\n<li>Pa\u00eds: Portugal<\/li>\n<li>Tipo de Vinho: Branco<\/li>\n<li>Uva: Arinto, Viosinho, Rabigato e C\u00f3dega<\/li>\n<li>Garrafa: 750ml<\/li>\n<li>Teor Alcoolico: 13.5%<\/li>\n<\/ul>\n","protected":false},"author":43533,"featured_media":196339,"comment_status":"open","ping_status":"closed","template":"","meta":[],"pwb-brand":[],"product_brand":[],"product_cat":[9352,8289,8291,8431,8489,8825],"product_tag":[],"class_list":{"0":"post-214250","1":"product","2":"type-product","3":"status-publish","4":"has-post-thumbnail","6":"product_cat-vinho-branco-pt-pt-2","7":"product_cat-inicio","8":"product_cat-produtos-portugueses","9":"product_cat-vinhos-pt-pt","10":"product_cat-vinho-branco","11":"product_cat-douro-pt-pt-vinho-branco","13":"first","14":"instock","15":"taxable","16":"shipping-taxable","17":"purchasable","18":"product-type-simple"},"aioseo_notices":[],"brands":[],"_links":{"self":[{"href":"https:\/\/www.delicias-uk.com\/pt-pt\/wp-json\/wp\/v2\/product\/214250","targetHints":{"allow":["GET"]}}],"collection":[{"href":"https:\/\/www.delicias-uk.com\/pt-pt\/wp-json\/wp\/v2\/product"}],"about":[{"href":"https:\/\/www.delicias-uk.com\/pt-pt\/wp-json\/wp\/v2\/types\/product"}],"author":[{"embeddable":true,"href":"https:\/\/www.delicias-uk.com\/pt-pt\/wp-json\/wp\/v2\/users\/43533"}],"replies":[{"embeddable":true,"href":"https:\/\/www.delicias-uk.com\/pt-pt\/wp-json\/wp\/v2\/comments?post=214250"}],"wp:featuredmedia":[{"embeddable":true,"href":"https:\/\/www.delicias-uk.com\/pt-pt\/wp-json\/wp\/v2\/media\/196339"}],"wp:attachment":[{"href":"https:\/\/www.delicias-uk.com\/pt-pt\/wp-json\/wp\/v2\/media?parent=214250"}],"wp:term":[{"taxonomy":"pwb-brand","embeddable":true,"href":"https:\/\/www.delicias-uk.com\/pt-pt\/wp-json\/wp\/v2\/pwb-brand?post=214250"},{"taxonomy":"product_brand","embeddable":true,"href":"https:\/\/www.delicias-uk.com\/pt-pt\/wp-json\/wp\/v2\/product_brand?post=214250"},{"taxonomy":"product_cat","embeddable":true,"href":"https:\/\/www.delicias-uk.com\/pt-pt\/wp-json\/wp\/v2\/product_cat?post=214250"},{"taxonomy":"product_tag","embeddable":true,"href":"https:\/\/www.delicias-uk.com\/pt-pt\/wp-json\/wp\/v2\/product_tag?post=214250"}],"curies":[{"name":"wp","href":"https:\/\/api.w.org\/{rel}","templated":true}]}}