{"id":214240,"date":"2021-07-21T12:09:26","date_gmt":"2021-07-21T11:09:26","guid":{"rendered":"https:\/\/www.delicias-uk.com\/product\/nescafe-dolce-gusto-sical-112g-2\/"},"modified":"2026-03-26T22:07:22","modified_gmt":"2026-03-26T22:07:22","slug":"nescafe-dolce-gusto-sical-112g-2","status":"publish","type":"product","link":"https:\/\/www.delicias-uk.com\/pt-pt\/produto\/nescafe-dolce-gusto-sical-112g-2\/","title":{"rendered":"Nescaf\u00e9 Dolce Gusto Sical 7g x 16"},"content":{"rendered":"<p>Uma fina sele\u00e7\u00e3o de gr\u00e3os de caf\u00e9, cuidadosamente selecionados por m\u00e3os experientes, torna este novo expresso adequado aos paladares mais exigentes. D\u00ea a si mesmo o prazer de um bom caf\u00e9 que combina na perfei\u00e7\u00e3o um corpo equilibrado e um sabor pleno para se deixar levar pelo seu encanto.<\/p>\n<p><strong>Ingredientes<\/strong>: caf\u00e9 mo\u00eddo torrado.<\/p>\n<p><strong>Alerg\u00e9nios<\/strong>: nenhum.<\/p>\n<p><strong>Pa\u00eds de origem<\/strong>: Brasil, Col\u00f4mbia, Honduras e Vietn\u00e3.<\/p>\n","protected":false},"excerpt":{"rendered":"<ul style=\"list-style-type:disc\">\n<li>Peso l\u00edquido 112g<\/li>\n<li>Cont\u00e9m 16 c\u00e1psulas<\/li>\n<li>Intensidade 7<\/li>\n<\/ul>\n","protected":false},"author":43533,"featured_media":236431,"comment_status":"open","ping_status":"closed","template":"","meta":[],"pwb-brand":[],"product_brand":[],"product_cat":[8289,8291,8351,8453],"product_tag":[],"class_list":{"0":"post-214240","1":"product","2":"type-product","3":"status-publish","4":"has-post-thumbnail","6":"product_cat-inicio","7":"product_cat-produtos-portugueses","8":"product_cat-cafe-cha-acucar","9":"product_cat-cafe","11":"first","12":"instock","13":"taxable","14":"shipping-taxable","15":"purchasable","16":"product-type-simple"},"aioseo_notices":[],"brands":[],"_links":{"self":[{"href":"https:\/\/www.delicias-uk.com\/pt-pt\/wp-json\/wp\/v2\/product\/214240","targetHints":{"allow":["GET"]}}],"collection":[{"href":"https:\/\/www.delicias-uk.com\/pt-pt\/wp-json\/wp\/v2\/product"}],"about":[{"href":"https:\/\/www.delicias-uk.com\/pt-pt\/wp-json\/wp\/v2\/types\/product"}],"author":[{"embeddable":true,"href":"https:\/\/www.delicias-uk.com\/pt-pt\/wp-json\/wp\/v2\/users\/43533"}],"replies":[{"embeddable":true,"href":"https:\/\/www.delicias-uk.com\/pt-pt\/wp-json\/wp\/v2\/comments?post=214240"}],"wp:featuredmedia":[{"embeddable":true,"href":"https:\/\/www.delicias-uk.com\/pt-pt\/wp-json\/wp\/v2\/media\/236431"}],"wp:attachment":[{"href":"https:\/\/www.delicias-uk.com\/pt-pt\/wp-json\/wp\/v2\/media?parent=214240"}],"wp:term":[{"taxonomy":"pwb-brand","embeddable":true,"href":"https:\/\/www.delicias-uk.com\/pt-pt\/wp-json\/wp\/v2\/pwb-brand?post=214240"},{"taxonomy":"product_brand","embeddable":true,"href":"https:\/\/www.delicias-uk.com\/pt-pt\/wp-json\/wp\/v2\/product_brand?post=214240"},{"taxonomy":"product_cat","embeddable":true,"href":"https:\/\/www.delicias-uk.com\/pt-pt\/wp-json\/wp\/v2\/product_cat?post=214240"},{"taxonomy":"product_tag","embeddable":true,"href":"https:\/\/www.delicias-uk.com\/pt-pt\/wp-json\/wp\/v2\/product_tag?post=214240"}],"curies":[{"name":"wp","href":"https:\/\/api.w.org\/{rel}","templated":true}]}}