{"id":214238,"date":"2021-07-21T12:05:20","date_gmt":"2021-07-21T11:05:20","guid":{"rendered":"https:\/\/www.delicias-uk.com\/product\/nescafe-dolce-gusto-espresso-intenso-112g\/"},"modified":"2026-02-24T11:51:12","modified_gmt":"2026-02-24T11:51:12","slug":"nescafe-dolce-gusto-espresso-intenso-112g","status":"publish","type":"product","link":"https:\/\/www.delicias-uk.com\/pt-pt\/produto\/nescafe-dolce-gusto-espresso-intenso-112g\/","title":{"rendered":"Nescaf\u00e9 Dolce Gusto Espresso Intenso 7g x 16"},"content":{"rendered":"<p>Se adora um caf\u00e9 expresso depois do jantar, vai adorar o Espresso Intenso. Uma das nossas bebidas de caf\u00e9 torrado m\u00e9dio, o Intenso tem um delicioso aroma a nozes que acrescenta algo ainda mais especial \u00e0 sua ch\u00e1vena de caf\u00e9 expresso. Com uma intensidade quente e picante e notas de frutos vermelhos de ver\u00e3o, o nosso caf\u00e9 Espresso Intenso em c\u00e1psulas tem uma complexidade suave que fica bem a qualquer hora do dia. Gra\u00e7as \u00e0 press\u00e3o m\u00e1xima da bomba de 15 bar nas nossas elegantes m\u00e1quinas de caf\u00e9, estas c\u00e1psulas n\u00e3o s\u00f3 fazem um saboroso expresso, como tamb\u00e9m cobrem a sua bebida com uma camada aveludada de creme. De cor mel e delicioso, o creme sedoso ajuda o seu expresso Intenso a ter um sabor excelente desde o primeiro gole. Com maravilhosos aromas de am\u00eandoas e cerejas, o Espresso Intenso \u00e9 \u00f3timo para saborear depois de um jantar de amigos ou simplesmente para descontrair.<\/p>\n<p><strong>Ingredientes<\/strong>: caf\u00e9 mo\u00eddo torrado.<\/p>\n<p><strong>Alerg\u00e9nios<\/strong>: nenhum.<\/p>\n<p><strong>Pa\u00eds de origem<\/strong>: Col\u00f4mbia e Vietname.<\/p>\n","protected":false},"excerpt":{"rendered":"<ul style=\"list-style-type:disc;\">\n<li>Peso l\u00edquido 112g<\/li>\n<li>Cont\u00e9m 16 c\u00e1psulas<\/li>\n<li>Intensidade 7<\/li>\n<\/ul>\n","protected":false},"author":43533,"featured_media":231631,"comment_status":"open","ping_status":"closed","template":"","meta":[],"pwb-brand":[],"product_brand":[],"product_cat":[8289,8291,8351,8453],"product_tag":[],"class_list":{"0":"post-214238","1":"product","2":"type-product","3":"status-publish","4":"has-post-thumbnail","6":"product_cat-inicio","7":"product_cat-produtos-portugueses","8":"product_cat-cafe-cha-acucar","9":"product_cat-cafe","11":"first","12":"instock","13":"taxable","14":"shipping-taxable","15":"purchasable","16":"product-type-simple"},"aioseo_notices":[],"brands":[],"_links":{"self":[{"href":"https:\/\/www.delicias-uk.com\/pt-pt\/wp-json\/wp\/v2\/product\/214238","targetHints":{"allow":["GET"]}}],"collection":[{"href":"https:\/\/www.delicias-uk.com\/pt-pt\/wp-json\/wp\/v2\/product"}],"about":[{"href":"https:\/\/www.delicias-uk.com\/pt-pt\/wp-json\/wp\/v2\/types\/product"}],"author":[{"embeddable":true,"href":"https:\/\/www.delicias-uk.com\/pt-pt\/wp-json\/wp\/v2\/users\/43533"}],"replies":[{"embeddable":true,"href":"https:\/\/www.delicias-uk.com\/pt-pt\/wp-json\/wp\/v2\/comments?post=214238"}],"wp:featuredmedia":[{"embeddable":true,"href":"https:\/\/www.delicias-uk.com\/pt-pt\/wp-json\/wp\/v2\/media\/231631"}],"wp:attachment":[{"href":"https:\/\/www.delicias-uk.com\/pt-pt\/wp-json\/wp\/v2\/media?parent=214238"}],"wp:term":[{"taxonomy":"pwb-brand","embeddable":true,"href":"https:\/\/www.delicias-uk.com\/pt-pt\/wp-json\/wp\/v2\/pwb-brand?post=214238"},{"taxonomy":"product_brand","embeddable":true,"href":"https:\/\/www.delicias-uk.com\/pt-pt\/wp-json\/wp\/v2\/product_brand?post=214238"},{"taxonomy":"product_cat","embeddable":true,"href":"https:\/\/www.delicias-uk.com\/pt-pt\/wp-json\/wp\/v2\/product_cat?post=214238"},{"taxonomy":"product_tag","embeddable":true,"href":"https:\/\/www.delicias-uk.com\/pt-pt\/wp-json\/wp\/v2\/product_tag?post=214238"}],"curies":[{"name":"wp","href":"https:\/\/api.w.org\/{rel}","templated":true}]}}