{"id":214236,"date":"2021-07-21T11:02:40","date_gmt":"2021-07-21T10:02:40","guid":{"rendered":"https:\/\/www.delicias-uk.com\/product\/nescafe-dolce-gusto-espresso-descafeinado-112g\/"},"modified":"2025-02-06T17:14:32","modified_gmt":"2025-02-06T17:14:32","slug":"nescafe-dolce-gusto-espresso-descafeinado-112g","status":"publish","type":"product","link":"https:\/\/www.delicias-uk.com\/pt-pt\/produto\/nescafe-dolce-gusto-espresso-descafeinado-112g\/","title":{"rendered":"Nescaf\u00e9 Dolce Gusto Espresso Descafe\u00ednado 7g x 16"},"content":{"rendered":"<p>Se adora uma conversa depois do jantar, vai adorar especialmente a nossa c\u00e1psula de caf\u00e9 expresso descafeinado. Um dos nossos caf\u00e9s expresso em c\u00e1psula de intensidade m\u00e9dia, o Espresso Decaf n\u00e3o \u00e9 apenas brilhante para saborear depois do jantar com os amigos, mas tamb\u00e9m uma bebida deliciosa a qualquer hora do dia. Com um ador\u00e1vel e rico aroma torrado, com notas de caramelo e mela\u00e7o, o Espresso Descafeinado \u00e9 complexo, mas suave, com um final suculento e aveludado. Gra\u00e7as \u00e0 press\u00e3o m\u00e1xima da bomba de 15 bar nas nossas elegantes m\u00e1quinas de caf\u00e9, criar um caf\u00e9 expresso com qualidade de cafetaria em casa \u00e9 r\u00e1pido, simples e extremamente delicioso. E como as nossas m\u00e1quinas s\u00e3o concebidas para preparar bebidas ao estilo barista, o seu Espresso Descafeinado n\u00e3o \u00e9 apenas rico em aroma e sabor, mas tamb\u00e9m coberto com uma camada aveludada de creme. A cor do caramelo, a camada sedosa do creme tornam as nossas c\u00e1psulas de caf\u00e9 expresso descafeinado ainda mais irresist\u00edveis, desde o primeiro gole. Recomendamos servir a sua obra-prima do caf\u00e9 numa das nossas ch\u00e1venas de caf\u00e9 expresso, uma forma maravilhosa de apresentar o que h\u00e1 de melhor na sua cria\u00e7\u00e3o.<\/p>\n<p><strong>Ingredientes<\/strong>: caf\u00e9 descafeinado torrado e mo\u00eddo.<\/p>\n<p><strong>Alerg\u00e9nios<\/strong>: nenhum.<\/p>\n<p><strong>Pa\u00eds de origem<\/strong>: Brasil e Col\u00f4mbia.<\/p>\n","protected":false},"excerpt":{"rendered":"<ul style=\"list-style-type:disc;\">\n<li>Peso l\u00edquido 112g<\/li>\n<li>Cont\u00e9m 16 c\u00e1psulas<\/li>\n<li>Sem cafe\u00edna<\/li>\n<\/ul>\n","protected":false},"author":43533,"featured_media":231620,"comment_status":"open","ping_status":"closed","template":"","meta":[],"pwb-brand":[],"product_brand":[],"product_cat":[8289,8291,8351,8453],"product_tag":[],"class_list":{"0":"post-214236","1":"product","2":"type-product","3":"status-publish","4":"has-post-thumbnail","6":"product_cat-inicio","7":"product_cat-produtos-portugueses","8":"product_cat-cafe-cha-acucar","9":"product_cat-cafe","11":"first","12":"outofstock","13":"taxable","14":"shipping-taxable","15":"purchasable","16":"product-type-simple"},"aioseo_notices":[],"brands":[],"_links":{"self":[{"href":"https:\/\/www.delicias-uk.com\/pt-pt\/wp-json\/wp\/v2\/product\/214236","targetHints":{"allow":["GET"]}}],"collection":[{"href":"https:\/\/www.delicias-uk.com\/pt-pt\/wp-json\/wp\/v2\/product"}],"about":[{"href":"https:\/\/www.delicias-uk.com\/pt-pt\/wp-json\/wp\/v2\/types\/product"}],"author":[{"embeddable":true,"href":"https:\/\/www.delicias-uk.com\/pt-pt\/wp-json\/wp\/v2\/users\/43533"}],"replies":[{"embeddable":true,"href":"https:\/\/www.delicias-uk.com\/pt-pt\/wp-json\/wp\/v2\/comments?post=214236"}],"wp:featuredmedia":[{"embeddable":true,"href":"https:\/\/www.delicias-uk.com\/pt-pt\/wp-json\/wp\/v2\/media\/231620"}],"wp:attachment":[{"href":"https:\/\/www.delicias-uk.com\/pt-pt\/wp-json\/wp\/v2\/media?parent=214236"}],"wp:term":[{"taxonomy":"pwb-brand","embeddable":true,"href":"https:\/\/www.delicias-uk.com\/pt-pt\/wp-json\/wp\/v2\/pwb-brand?post=214236"},{"taxonomy":"product_brand","embeddable":true,"href":"https:\/\/www.delicias-uk.com\/pt-pt\/wp-json\/wp\/v2\/product_brand?post=214236"},{"taxonomy":"product_cat","embeddable":true,"href":"https:\/\/www.delicias-uk.com\/pt-pt\/wp-json\/wp\/v2\/product_cat?post=214236"},{"taxonomy":"product_tag","embeddable":true,"href":"https:\/\/www.delicias-uk.com\/pt-pt\/wp-json\/wp\/v2\/product_tag?post=214236"}],"curies":[{"name":"wp","href":"https:\/\/api.w.org\/{rel}","templated":true}]}}