{"id":214230,"date":"2021-07-21T11:52:48","date_gmt":"2021-07-21T10:52:48","guid":{"rendered":"https:\/\/www.delicias-uk.com\/product\/nescafe-dolce-gusto-buondi-intenso-112g\/"},"modified":"2026-02-24T11:49:27","modified_gmt":"2026-02-24T11:49:27","slug":"nescafe-dolce-gusto-buondi-intenso-112g","status":"publish","type":"product","link":"https:\/\/www.delicias-uk.com\/pt-pt\/produto\/nescafe-dolce-gusto-buondi-intenso-112g\/","title":{"rendered":"Nescaf\u00e9 Dolce Gusto Buondi Intenso 7g x 16"},"content":{"rendered":"<p>Para quem quer aproveitar melhor o dia, a Buondi tem o produto ideal: c\u00e1psulas de caf\u00e9 para m\u00e1quinas NESCAF\u00c9 Dolce Gusto\u00ae, pr\u00e1ticas e instant\u00e2neas, com todo o sabor e aroma intenso da Buondi. Um caf\u00e9 expresso com car\u00e1cter, seleccionado a partir de uma combina\u00e7\u00e3o de gr\u00e3os Robusta quentes de \u00c1frica com o sabor encorpado dos gr\u00e3os Robusta do Vietname e os aromas frutados dos gr\u00e3os Ar\u00e1bica da Col\u00f4mbia. Desfrute do seu denso creme dourado envolto num corpo aveludado e saboreie os ricos aromas de groselha preta e notas de especiarias.<\/p>\n<p><strong>Ingredientes<\/strong>: caf\u00e9 mo\u00eddo torrado.<\/p>\n<p><strong>Alerg\u00e9nios<\/strong>: nenhum.<\/p>\n<p><strong>Pa\u00eds de origem<\/strong>: \u00c1frica, Brasil, Col\u00f4mbia e Vietn\u00e3.<\/p>\n","protected":false},"excerpt":{"rendered":"<ul style=\"list-style-type:disc;\">\n<li>Peso l\u00edquido 112g<\/li>\n<li>Cont\u00e9m 16 c\u00e1psulas<\/li>\n<li>Intensidade 10<\/li>\n<\/ul>\n","protected":false},"author":43533,"featured_media":231639,"comment_status":"open","ping_status":"closed","template":"","meta":[],"pwb-brand":[],"product_brand":[],"product_cat":[8289,8291,8351,8453],"product_tag":[],"class_list":{"0":"post-214230","1":"product","2":"type-product","3":"status-publish","4":"has-post-thumbnail","6":"product_cat-inicio","7":"product_cat-produtos-portugueses","8":"product_cat-cafe-cha-acucar","9":"product_cat-cafe","11":"first","12":"instock","13":"taxable","14":"shipping-taxable","15":"purchasable","16":"product-type-simple"},"aioseo_notices":[],"brands":[],"_links":{"self":[{"href":"https:\/\/www.delicias-uk.com\/pt-pt\/wp-json\/wp\/v2\/product\/214230","targetHints":{"allow":["GET"]}}],"collection":[{"href":"https:\/\/www.delicias-uk.com\/pt-pt\/wp-json\/wp\/v2\/product"}],"about":[{"href":"https:\/\/www.delicias-uk.com\/pt-pt\/wp-json\/wp\/v2\/types\/product"}],"author":[{"embeddable":true,"href":"https:\/\/www.delicias-uk.com\/pt-pt\/wp-json\/wp\/v2\/users\/43533"}],"replies":[{"embeddable":true,"href":"https:\/\/www.delicias-uk.com\/pt-pt\/wp-json\/wp\/v2\/comments?post=214230"}],"wp:featuredmedia":[{"embeddable":true,"href":"https:\/\/www.delicias-uk.com\/pt-pt\/wp-json\/wp\/v2\/media\/231639"}],"wp:attachment":[{"href":"https:\/\/www.delicias-uk.com\/pt-pt\/wp-json\/wp\/v2\/media?parent=214230"}],"wp:term":[{"taxonomy":"pwb-brand","embeddable":true,"href":"https:\/\/www.delicias-uk.com\/pt-pt\/wp-json\/wp\/v2\/pwb-brand?post=214230"},{"taxonomy":"product_brand","embeddable":true,"href":"https:\/\/www.delicias-uk.com\/pt-pt\/wp-json\/wp\/v2\/product_brand?post=214230"},{"taxonomy":"product_cat","embeddable":true,"href":"https:\/\/www.delicias-uk.com\/pt-pt\/wp-json\/wp\/v2\/product_cat?post=214230"},{"taxonomy":"product_tag","embeddable":true,"href":"https:\/\/www.delicias-uk.com\/pt-pt\/wp-json\/wp\/v2\/product_tag?post=214230"}],"curies":[{"name":"wp","href":"https:\/\/api.w.org\/{rel}","templated":true}]}}