{"id":214138,"date":"2021-06-25T14:48:32","date_gmt":"2021-06-25T13:48:32","guid":{"rendered":"https:\/\/www.delicias-uk.com\/product\/pudim-de-ovos-caseiro-alsa-220g\/"},"modified":"2026-01-24T18:43:38","modified_gmt":"2026-01-24T18:43:38","slug":"pudim-de-ovos-caseiro-alsa-220g","status":"publish","type":"product","link":"https:\/\/www.delicias-uk.com\/pt-pt\/produto\/pudim-de-ovos-caseiro-alsa-220g\/","title":{"rendered":"Pudim de Ovos Caseiro Alsa 220g"},"content":{"rendered":"<p>Com a prepara\u00e7\u00e3o do Pudim de Ovo ALSA poder\u00e1 preparar esta deliciosa e tradicional sobremesa da forma mais f\u00e1cil. \u00c9 a principal solu\u00e7\u00e3o para todos aqueles que querem preparar uma sobremesa deliciosa de forma r\u00e1pida e f\u00e1cil, sem saber de pastelaria.<\/p>\n<p><strong>Ingredientes<\/strong>: a\u00e7\u00facar, f\u00e9cula de batata modificada, gordura de palma, 5% de OVO inteiro em p\u00f3, gelificante (carragenina), f\u00e9cula de batata, LACTOSE, LEITE em p\u00f3 desnatado, prote\u00ednas do LEITE, corantes (caroteno, curcumina), aroma natural de lim\u00e3o.<\/p>\n<p><strong>Alerg\u00e9nios<\/strong>: cont\u00e9m <strong>GL\u00daTEN<\/strong>, <strong>LACTOSE<\/strong> e <strong>OVOS<\/strong>. Pode conter vest\u00edgios de <strong>SOJA<\/strong>, <strong>NOZES<\/strong> <strong>(AM\u00caNDOAS, AVEL\u00c3S, PISTATOS, NOZES).<\/strong><\/p>\n<p><strong>Informa\u00e7\u00e3o nutricional por 100g:<\/strong><\/p>\n<ul style=\"list-style-type:disc;\">\n<li>Energia 1838 Kj \/ 435 kcal<\/li>\n<li>Gorduras 8,8g<\/li>\n<li>dos quais saturados 4,6g<\/li>\n<li>Hidratos de carbono 85g<\/li>\n<li>dos quais a\u00e7\u00facares 75g<\/li>\n<li>Prote\u00ednas 3,3g<\/li>\n<li>Fibra 0g<\/li>\n<li>Sal 0,1g<\/li>\n<\/ul>\n<p><strong>Pa\u00eds de origem<\/strong>: Portugal.<\/p>\n<p><em>Devido a poss\u00edveis altera\u00e7\u00f5es nas embalagens e\/ou r\u00f3tulos, deve sempre considerar a informa\u00e7\u00e3o que acompanha o produto que recebe.<\/em><\/p>\n","protected":false},"excerpt":{"rendered":"<ul style=\"list-style-type:disc;\">\n<li>Peso l\u00edquido 220g<\/li>\n<li>Rende 6 por\u00e7\u00f5es<\/li>\n<li>Pronto em minutos<\/li>\n<\/ul>\n","protected":false},"author":43533,"featured_media":226429,"comment_status":"open","ping_status":"closed","template":"","meta":[],"pwb-brand":[],"product_brand":[],"product_cat":[8623],"product_tag":[],"class_list":{"0":"post-214138","1":"product","2":"type-product","3":"status-publish","4":"has-post-thumbnail","6":"product_cat-geleia-pudins-mousse","8":"first","9":"instock","10":"taxable","11":"shipping-taxable","12":"purchasable","13":"product-type-simple"},"aioseo_notices":[],"brands":[],"_links":{"self":[{"href":"https:\/\/www.delicias-uk.com\/pt-pt\/wp-json\/wp\/v2\/product\/214138","targetHints":{"allow":["GET"]}}],"collection":[{"href":"https:\/\/www.delicias-uk.com\/pt-pt\/wp-json\/wp\/v2\/product"}],"about":[{"href":"https:\/\/www.delicias-uk.com\/pt-pt\/wp-json\/wp\/v2\/types\/product"}],"author":[{"embeddable":true,"href":"https:\/\/www.delicias-uk.com\/pt-pt\/wp-json\/wp\/v2\/users\/43533"}],"replies":[{"embeddable":true,"href":"https:\/\/www.delicias-uk.com\/pt-pt\/wp-json\/wp\/v2\/comments?post=214138"}],"wp:featuredmedia":[{"embeddable":true,"href":"https:\/\/www.delicias-uk.com\/pt-pt\/wp-json\/wp\/v2\/media\/226429"}],"wp:attachment":[{"href":"https:\/\/www.delicias-uk.com\/pt-pt\/wp-json\/wp\/v2\/media?parent=214138"}],"wp:term":[{"taxonomy":"pwb-brand","embeddable":true,"href":"https:\/\/www.delicias-uk.com\/pt-pt\/wp-json\/wp\/v2\/pwb-brand?post=214138"},{"taxonomy":"product_brand","embeddable":true,"href":"https:\/\/www.delicias-uk.com\/pt-pt\/wp-json\/wp\/v2\/product_brand?post=214138"},{"taxonomy":"product_cat","embeddable":true,"href":"https:\/\/www.delicias-uk.com\/pt-pt\/wp-json\/wp\/v2\/product_cat?post=214138"},{"taxonomy":"product_tag","embeddable":true,"href":"https:\/\/www.delicias-uk.com\/pt-pt\/wp-json\/wp\/v2\/product_tag?post=214138"}],"curies":[{"name":"wp","href":"https:\/\/api.w.org\/{rel}","templated":true}]}}