{"id":214128,"date":"2021-06-25T14:17:10","date_gmt":"2021-06-25T14:17:10","guid":{"rendered":"https:\/\/www.delicias-uk.com\/product\/beer-brahma-duplo-malte-lata-350ml-2\/"},"modified":"2021-06-25T14:17:10","modified_gmt":"2021-06-25T14:17:10","slug":"beer-brahma-duplo-malte-lata-350ml-2","status":"publish","type":"product","link":"https:\/\/www.delicias-uk.com\/pt-pt\/produto\/beer-brahma-duplo-malte-lata-350ml-2\/","title":{"rendered":"Cerveja Brahma Duplo Malte Lata 350ml"},"content":{"rendered":"<p>O malte Pilsner \u00e9 o responsavel pela leveza, enquanto o malte Munich \u00e9 o responsavel pelo sabor. O resultado disso \u00e9 uma cerveja de cor dourada e espuma cremosa. Uma cerveja que tem mais sabor, mas ainda mant\u00e9m a leveza.<\/p>\n","protected":false},"excerpt":{"rendered":"<p>O malte Pilsner \u00e9 o responsavel pela leveza, enquanto o malte Munich \u00e9 o responsavel pelo sabor. O resultado disso \u00e9 uma cerveja de cor dourada e espuma cremosa. Uma cerveja que tem mais sabor, mas ainda mant\u00e9m a leveza.<\/p>\n","protected":false},"author":43533,"featured_media":89102,"comment_status":"open","ping_status":"closed","template":"","meta":[],"pwb-brand":[],"product_brand":[],"product_cat":[8289,8293,8349],"product_tag":[],"class_list":{"0":"post-214128","1":"product","2":"type-product","3":"status-publish","4":"has-post-thumbnail","6":"product_cat-inicio","7":"product_cat-produtos-brasileiros","8":"product_cat-cerveja-pt-pt","10":"first","11":"outofstock","12":"taxable","13":"shipping-taxable","14":"purchasable","15":"product-type-simple"},"aioseo_notices":[],"brands":[],"_links":{"self":[{"href":"https:\/\/www.delicias-uk.com\/pt-pt\/wp-json\/wp\/v2\/product\/214128","targetHints":{"allow":["GET"]}}],"collection":[{"href":"https:\/\/www.delicias-uk.com\/pt-pt\/wp-json\/wp\/v2\/product"}],"about":[{"href":"https:\/\/www.delicias-uk.com\/pt-pt\/wp-json\/wp\/v2\/types\/product"}],"author":[{"embeddable":true,"href":"https:\/\/www.delicias-uk.com\/pt-pt\/wp-json\/wp\/v2\/users\/43533"}],"replies":[{"embeddable":true,"href":"https:\/\/www.delicias-uk.com\/pt-pt\/wp-json\/wp\/v2\/comments?post=214128"}],"wp:featuredmedia":[{"embeddable":true,"href":"https:\/\/www.delicias-uk.com\/pt-pt\/wp-json\/wp\/v2\/media\/89102"}],"wp:attachment":[{"href":"https:\/\/www.delicias-uk.com\/pt-pt\/wp-json\/wp\/v2\/media?parent=214128"}],"wp:term":[{"taxonomy":"pwb-brand","embeddable":true,"href":"https:\/\/www.delicias-uk.com\/pt-pt\/wp-json\/wp\/v2\/pwb-brand?post=214128"},{"taxonomy":"product_brand","embeddable":true,"href":"https:\/\/www.delicias-uk.com\/pt-pt\/wp-json\/wp\/v2\/product_brand?post=214128"},{"taxonomy":"product_cat","embeddable":true,"href":"https:\/\/www.delicias-uk.com\/pt-pt\/wp-json\/wp\/v2\/product_cat?post=214128"},{"taxonomy":"product_tag","embeddable":true,"href":"https:\/\/www.delicias-uk.com\/pt-pt\/wp-json\/wp\/v2\/product_tag?post=214128"}],"curies":[{"name":"wp","href":"https:\/\/api.w.org\/{rel}","templated":true}]}}