{"id":214112,"date":"2021-06-24T16:46:47","date_gmt":"2021-06-24T15:46:47","guid":{"rendered":"https:\/\/www.delicias-uk.com\/product\/aveleda-alvarinho-2020-75cl-2\/"},"modified":"2025-11-09T08:23:03","modified_gmt":"2025-11-09T08:23:03","slug":"aveleda-alvarinho-2024-75cl-2","status":"publish","type":"product","link":"https:\/\/www.delicias-uk.com\/pt-pt\/produto\/aveleda-alvarinho-2024-75cl-2\/","title":{"rendered":"Aveleda Alvarinho 2024 75cl"},"content":{"rendered":"<p>Aspeto li\u0301mpido com tons de amarelo palha. Aveleda Alvarinho combina a estrutura rica e aveludada t\u00edpica da casta com a mineralidade e os aromas ci\u0301tricos t\u00edpicos da sub-regi\u00e3o. Um vinho branco muito equilibrado e elegante com deliciosas notas de maracuja\u0301 e flores brancas. Cor amarelo lim\u00e3o p\u00e1lido com laivos dourados. Aromas discretos de toranja, p\u00eassego branco e flores brancas. Em boca \u00e9 de textura aveludado, revelando notas mais intensas a casca de laranja, anan\u00e1s e flor de laranjeira.<\/p>\n","protected":false},"excerpt":{"rendered":"<ul style=\"list-style-type: disc\">\n<li><strong>Produtor<\/strong>: Aveleda<\/li>\n<li><strong>Regi\u00e3o<\/strong>: Minho<\/li>\n<li><strong>Pa\u00eds<\/strong>: Portugal<\/li>\n<li><strong>Tipo de Vinho<\/strong>: Branco<\/li>\n<li><strong>Castas<\/strong>:\u00a0 Alvarinho<\/li>\n<li><strong>Garrafa<\/strong>: 750ml<\/li>\n<li><strong>Teor Alcoolico<\/strong>: 13%<\/li>\n<\/ul>\n","protected":false},"author":43533,"featured_media":196195,"comment_status":"open","ping_status":"closed","template":"","meta":[],"pwb-brand":[],"product_brand":[],"product_cat":[8289,8291,8431,8489,8881],"product_tag":[],"class_list":{"0":"post-214112","1":"product","2":"type-product","3":"status-publish","4":"has-post-thumbnail","6":"product_cat-inicio","7":"product_cat-produtos-portugueses","8":"product_cat-vinhos-pt-pt","9":"product_cat-vinho-branco","10":"product_cat-minho-pt-pt-vinho-branco","12":"first","13":"instock","14":"taxable","15":"shipping-taxable","16":"purchasable","17":"product-type-simple"},"aioseo_notices":[],"brands":[],"_links":{"self":[{"href":"https:\/\/www.delicias-uk.com\/pt-pt\/wp-json\/wp\/v2\/product\/214112","targetHints":{"allow":["GET"]}}],"collection":[{"href":"https:\/\/www.delicias-uk.com\/pt-pt\/wp-json\/wp\/v2\/product"}],"about":[{"href":"https:\/\/www.delicias-uk.com\/pt-pt\/wp-json\/wp\/v2\/types\/product"}],"author":[{"embeddable":true,"href":"https:\/\/www.delicias-uk.com\/pt-pt\/wp-json\/wp\/v2\/users\/43533"}],"replies":[{"embeddable":true,"href":"https:\/\/www.delicias-uk.com\/pt-pt\/wp-json\/wp\/v2\/comments?post=214112"}],"wp:featuredmedia":[{"embeddable":true,"href":"https:\/\/www.delicias-uk.com\/pt-pt\/wp-json\/wp\/v2\/media\/196195"}],"wp:attachment":[{"href":"https:\/\/www.delicias-uk.com\/pt-pt\/wp-json\/wp\/v2\/media?parent=214112"}],"wp:term":[{"taxonomy":"pwb-brand","embeddable":true,"href":"https:\/\/www.delicias-uk.com\/pt-pt\/wp-json\/wp\/v2\/pwb-brand?post=214112"},{"taxonomy":"product_brand","embeddable":true,"href":"https:\/\/www.delicias-uk.com\/pt-pt\/wp-json\/wp\/v2\/product_brand?post=214112"},{"taxonomy":"product_cat","embeddable":true,"href":"https:\/\/www.delicias-uk.com\/pt-pt\/wp-json\/wp\/v2\/product_cat?post=214112"},{"taxonomy":"product_tag","embeddable":true,"href":"https:\/\/www.delicias-uk.com\/pt-pt\/wp-json\/wp\/v2\/product_tag?post=214112"}],"curies":[{"name":"wp","href":"https:\/\/api.w.org\/{rel}","templated":true}]}}