{"id":214104,"date":"2021-06-24T15:43:20","date_gmt":"2021-06-24T15:43:20","guid":{"rendered":"https:\/\/www.delicias-uk.com\/product\/casa-de-santar-vinha-dos-amores-encruzado-2017-75cl-2\/"},"modified":"2025-07-03T16:54:57","modified_gmt":"2025-07-03T15:54:57","slug":"casa-de-santar-vinha-dos-amores-encruzado-2017-75cl-2","status":"publish","type":"product","link":"https:\/\/www.delicias-uk.com\/pt-pt\/produto\/casa-de-santar-vinha-dos-amores-encruzado-2017-75cl-2\/","title":{"rendered":"Casa de Santar Vinha dos Amores Encruzado 2020 75cl"},"content":{"rendered":"<p>Complexo, fresco, elegante, harmonioso e com longa persist\u00eancia. \u00c9 ideal para acompanhar iguarias \u00e0 base de peixes e carnes de confe\u00e7\u00e3o estruturada da cozinha Mediterr\u00e2nica, Chinesa, Indiana e Africana. Consumir a 10\u00baC.<\/p>\n<p>Produtor: Casa de Santar<\/p>\n<p>Regiao:\u00a0 D\u00e3o<\/p>\n<p>Pa\u00eds: Portugal<\/p>\n<p>Tipo de VinhoTinto<\/p>\n<p>Castas:\u00a0 Encruzado<\/p>\n<p>Garrafa: 750ml<\/p>\n<p>Teor Alcoolico: 13.5%<\/p>\n","protected":false},"excerpt":{"rendered":"<ul>\n<li>Produtor: Casa de Santar<\/li>\n<li>Regiao:\u00a0 D\u00e3o<\/li>\n<li>Pa\u00eds: Portugal<\/li>\n<li>Tipo de VinhoTinto<\/li>\n<li>Castas:\u00a0 Encruzado<\/li>\n<li>Garrafa: 750ml<\/li>\n<li>Teor Alcoolico: 13.5%<\/li>\n<\/ul>\n","protected":false},"author":43533,"featured_media":196184,"comment_status":"open","ping_status":"closed","template":"","meta":[],"pwb-brand":[],"product_brand":[],"product_cat":[8289,8291,8431,8489,8793],"product_tag":[],"class_list":{"0":"post-214104","1":"product","2":"type-product","3":"status-publish","4":"has-post-thumbnail","6":"product_cat-inicio","7":"product_cat-produtos-portugueses","8":"product_cat-vinhos-pt-pt","9":"product_cat-vinho-branco","10":"product_cat-dao-pt-pt-vinho-branco","12":"first","13":"instock","14":"taxable","15":"shipping-taxable","16":"purchasable","17":"product-type-simple"},"aioseo_notices":[],"brands":[],"_links":{"self":[{"href":"https:\/\/www.delicias-uk.com\/pt-pt\/wp-json\/wp\/v2\/product\/214104","targetHints":{"allow":["GET"]}}],"collection":[{"href":"https:\/\/www.delicias-uk.com\/pt-pt\/wp-json\/wp\/v2\/product"}],"about":[{"href":"https:\/\/www.delicias-uk.com\/pt-pt\/wp-json\/wp\/v2\/types\/product"}],"author":[{"embeddable":true,"href":"https:\/\/www.delicias-uk.com\/pt-pt\/wp-json\/wp\/v2\/users\/43533"}],"replies":[{"embeddable":true,"href":"https:\/\/www.delicias-uk.com\/pt-pt\/wp-json\/wp\/v2\/comments?post=214104"}],"wp:featuredmedia":[{"embeddable":true,"href":"https:\/\/www.delicias-uk.com\/pt-pt\/wp-json\/wp\/v2\/media\/196184"}],"wp:attachment":[{"href":"https:\/\/www.delicias-uk.com\/pt-pt\/wp-json\/wp\/v2\/media?parent=214104"}],"wp:term":[{"taxonomy":"pwb-brand","embeddable":true,"href":"https:\/\/www.delicias-uk.com\/pt-pt\/wp-json\/wp\/v2\/pwb-brand?post=214104"},{"taxonomy":"product_brand","embeddable":true,"href":"https:\/\/www.delicias-uk.com\/pt-pt\/wp-json\/wp\/v2\/product_brand?post=214104"},{"taxonomy":"product_cat","embeddable":true,"href":"https:\/\/www.delicias-uk.com\/pt-pt\/wp-json\/wp\/v2\/product_cat?post=214104"},{"taxonomy":"product_tag","embeddable":true,"href":"https:\/\/www.delicias-uk.com\/pt-pt\/wp-json\/wp\/v2\/product_tag?post=214104"}],"curies":[{"name":"wp","href":"https:\/\/api.w.org\/{rel}","templated":true}]}}