{"id":214096,"date":"2021-06-24T15:03:49","date_gmt":"2021-06-24T15:03:49","guid":{"rendered":"https:\/\/www.delicias-uk.com\/product\/casa-de-santar-vinha-dos-amores-touriga-nacional-sparkling-white-2013-75cl-2\/"},"modified":"2026-04-19T11:02:20","modified_gmt":"2026-04-19T10:02:20","slug":"casa-de-santar-vinha-dos-amores-touriga-nacional-sparkling-white-2013-75cl-2","status":"publish","type":"product","link":"https:\/\/www.delicias-uk.com\/pt-pt\/produto\/casa-de-santar-vinha-dos-amores-touriga-nacional-sparkling-white-2013-75cl-2\/","title":{"rendered":"Espumante Branco Casa de Santar Vinha dos Amores Touriga Nacional 2015 75cl"},"content":{"rendered":"<p style=\"margin-top:0pt;margin-bottom:0pt;margin-left:0in;\"><span style=\"font-size:12pt;font-family:Calibri;letter-spacing:0pt;vertical-align:baseline;\">Intenso e complexo, s\u00e3o not\u00f3rios os frutos do bosque, frutos vermelhos bem maduros e geleia dos mesmos. <\/span><span style=\"font-size:12pt;font-family:Calibri;letter-spacing:0pt;vertical-align:baseline;\">Apresenta tamb\u00e9m notas florais e notas de <\/span><span style=\"font-size:12pt;font-family:Calibri;letter-spacing:0pt;vertical-align:baseline;\">especiarias. <\/span><span style=\"font-size:12pt;font-family:Calibri;letter-spacing:0pt;vertical-align:baseline;\">Frutado, macio, bem estruturado e com not\u00f3ria persist\u00eancia <\/span><span style=\"font-size:12pt;font-family:Calibri;letter-spacing:0pt;vertical-align:baseline;\">final. <\/span><span style=\"font-size:12pt;font-family:Calibri;letter-spacing:0pt;vertical-align:baseline;\">\u00c9 ideal para acompanhar queijos maturados e iguarias de confe\u00e7\u00e3o estruturada \u00e0 base de peixes gordos e carnes vermelhas. <\/span><span style=\"font-size:12pt;font-family:Calibri;letter-spacing:0pt;vertical-align:baseline;\">consumir a <\/span><span style=\"font-size:12pt;font-family:Calibri;letter-spacing:0pt;vertical-align:baseline;\">18\u00baC.<\/span><\/p>\n<p style=\"margin-top:0pt;margin-bottom:0pt;margin-left:0in;\">\n<p style=\"margin-top:0pt;margin-bottom:0pt;margin-left:0in;\">\n<p style=\"margin-top:0pt;margin-bottom:0pt;margin-left:0in;\"><span style=\"font-size:12pt;font-family:Calibri;letter-spacing:0pt;vertical-align:baseline;\">Produtor:\u00a0<\/span><span style=\"font-size:12pt;font-family:Calibri;letter-spacing:0pt;vertical-align:baseline;\">Casa de <\/span><span style=\"font-size:12pt;font-family:Calibri;letter-spacing:0pt;vertical-align:baseline;\">Santar<\/span><\/p>\n<p style=\"margin-top:0pt;margin-bottom:0pt;margin-left:0in;\"><span style=\"font-size:12pt;font-family:Calibri;letter-spacing:0pt;vertical-align:baseline;\">Regiao:\u00a0<\/span><span style=\"font-size:12pt;font-family:Calibri;letter-spacing:0pt;vertical-align:baseline;\"> <\/span><span style=\"font-size:12pt;font-family:Calibri;letter-spacing:0pt;vertical-align:baseline;\">D\u00e3o<\/span><span style=\"font-size:12pt;font-family:Calibri;letter-spacing:0pt;vertical-align:baseline;\"> <\/span><\/p>\n<p style=\"margin-top:0pt;margin-bottom:0pt;margin-left:0in;\"><span style=\"font-size:12pt;font-family:Calibri;letter-spacing:0pt;vertical-align:baseline;\">Pa\u00eds: Portugal<\/span><\/p>\n<p style=\"margin-top:0pt;margin-bottom:0pt;margin-left:0in;\"><span style=\"font-size:12pt;font-family:Calibri;letter-spacing:0pt;vertical-align:baseline;\">Tipo de\u00a0VinhoTinto<\/span><\/p>\n<p style=\"margin-top:0pt;margin-bottom:0pt;margin-left:0in;\"><span style=\"font-size:12pt;font-family:Calibri;letter-spacing:0pt;vertical-align:baseline;\">Castas:\u00a0 <\/span><span style=\"font-size:12pt;font-family:Calibri;letter-spacing:0pt;vertical-align:baseline;\">Touriga <\/span><span style=\"font-size:12pt;font-family:Calibri;letter-spacing:0pt;vertical-align:baseline;\">Nacional<\/span><\/p>\n<p style=\"margin-top:0pt;margin-bottom:0pt;margin-left:0in;\"><span style=\"font-size:12pt;font-family:Calibri;letter-spacing:0pt;vertical-align:baseline;\">Garrafa:\u00a0750ml<\/span><\/p>\n<p style=\"margin-top:0pt;margin-bottom:0pt;margin-left:0in;\"><span style=\"font-size:12pt;font-family:Calibri;letter-spacing:0pt;vertical-align:baseline;\">Teor\u00a0Alcoolico: <\/span><span style=\"font-size:12pt;font-family:Calibri;letter-spacing:0pt;vertical-align:baseline;\">14<\/span><span style=\"font-size:12pt;font-family:Calibri;letter-spacing:0pt;vertical-align:baseline;\">%<\/span><\/p>\n","protected":false},"excerpt":{"rendered":"<p style=\"margin-top:0pt;margin-bottom:0pt;margin-left:0in;\"><span style=\"font-size:12pt;font-family:Calibri;letter-spacing:0pt;vertical-align:baseline;\">Produtor:\u00a0<\/span><span style=\"font-size:12pt;font-family:Calibri;letter-spacing:0pt;vertical-align:baseline;\">Casa de\u00a0<\/span><span style=\"font-size:12pt;font-family:Calibri;letter-spacing:0pt;vertical-align:baseline;\">Santar<\/span><\/p>\n<p style=\"margin-top:0pt;margin-bottom:0pt;margin-left:0in;\"><span style=\"font-size:12pt;font-family:Calibri;letter-spacing:0pt;vertical-align:baseline;\">Regiao:\u00a0<\/span><span style=\"font-size:12pt;font-family:Calibri;letter-spacing:0pt;vertical-align:baseline;\">\u00a0<\/span><span style=\"font-size:12pt;font-family:Calibri;letter-spacing:0pt;vertical-align:baseline;\">D\u00e3o<\/span><span style=\"font-size:12pt;font-family:Calibri;letter-spacing:0pt;vertical-align:baseline;\"><\/span><\/p>\n<p style=\"margin-top:0pt;margin-bottom:0pt;margin-left:0in;\"><span style=\"font-size:12pt;font-family:Calibri;letter-spacing:0pt;vertical-align:baseline;\">Pa\u00eds: Portugal<\/span><\/p>\n<p style=\"margin-top:0pt;margin-bottom:0pt;margin-left:0in;\"><span style=\"font-size:12pt;font-family:Calibri;letter-spacing:0pt;vertical-align:baseline;\">Tipo de\u00a0VinhoTinto<\/span><\/p>\n<p style=\"margin-top:0pt;margin-bottom:0pt;margin-left:0in;\"><span style=\"font-size:12pt;font-family:Calibri;letter-spacing:0pt;vertical-align:baseline;\">Castas:\u00a0\u00a0<\/span><span style=\"font-size:12pt;font-family:Calibri;letter-spacing:0pt;vertical-align:baseline;\">Touriga\u00a0<\/span><span style=\"font-size:12pt;font-family:Calibri;letter-spacing:0pt;vertical-align:baseline;\">Nacional<\/span><\/p>\n<p style=\"margin-top:0pt;margin-bottom:0pt;margin-left:0in;\"><span style=\"font-size:12pt;font-family:Calibri;letter-spacing:0pt;vertical-align:baseline;\">Garrafa:\u00a0750ml<\/span><\/p>\n<p style=\"margin-top:0pt;margin-bottom:0pt;margin-left:0in;\"><span style=\"font-size:12pt;font-family:Calibri;letter-spacing:0pt;vertical-align:baseline;\">Teor\u00a0Alcoolico:\u00a0<\/span><span style=\"font-size:12pt;font-family:Calibri;letter-spacing:0pt;vertical-align:baseline;\">14<\/span><span style=\"font-size:12pt;font-family:Calibri;letter-spacing:0pt;vertical-align:baseline;\">%<\/span><\/p>\n","protected":false},"author":43533,"featured_media":89056,"comment_status":"open","ping_status":"closed","template":"","meta":[],"pwb-brand":[],"product_brand":[],"product_cat":[9350,8289,8291,8431,8563],"product_tag":[],"class_list":{"0":"post-214096","1":"product","2":"type-product","3":"status-publish","4":"has-post-thumbnail","6":"product_cat-espumante","7":"product_cat-inicio","8":"product_cat-produtos-portugueses","9":"product_cat-vinhos-pt-pt","10":"product_cat-espumantes","12":"first","13":"instock","14":"taxable","15":"shipping-taxable","16":"purchasable","17":"product-type-simple"},"aioseo_notices":[],"brands":[],"_links":{"self":[{"href":"https:\/\/www.delicias-uk.com\/pt-pt\/wp-json\/wp\/v2\/product\/214096","targetHints":{"allow":["GET"]}}],"collection":[{"href":"https:\/\/www.delicias-uk.com\/pt-pt\/wp-json\/wp\/v2\/product"}],"about":[{"href":"https:\/\/www.delicias-uk.com\/pt-pt\/wp-json\/wp\/v2\/types\/product"}],"author":[{"embeddable":true,"href":"https:\/\/www.delicias-uk.com\/pt-pt\/wp-json\/wp\/v2\/users\/43533"}],"replies":[{"embeddable":true,"href":"https:\/\/www.delicias-uk.com\/pt-pt\/wp-json\/wp\/v2\/comments?post=214096"}],"wp:featuredmedia":[{"embeddable":true,"href":"https:\/\/www.delicias-uk.com\/pt-pt\/wp-json\/wp\/v2\/media\/89056"}],"wp:attachment":[{"href":"https:\/\/www.delicias-uk.com\/pt-pt\/wp-json\/wp\/v2\/media?parent=214096"}],"wp:term":[{"taxonomy":"pwb-brand","embeddable":true,"href":"https:\/\/www.delicias-uk.com\/pt-pt\/wp-json\/wp\/v2\/pwb-brand?post=214096"},{"taxonomy":"product_brand","embeddable":true,"href":"https:\/\/www.delicias-uk.com\/pt-pt\/wp-json\/wp\/v2\/product_brand?post=214096"},{"taxonomy":"product_cat","embeddable":true,"href":"https:\/\/www.delicias-uk.com\/pt-pt\/wp-json\/wp\/v2\/product_cat?post=214096"},{"taxonomy":"product_tag","embeddable":true,"href":"https:\/\/www.delicias-uk.com\/pt-pt\/wp-json\/wp\/v2\/product_tag?post=214096"}],"curies":[{"name":"wp","href":"https:\/\/api.w.org\/{rel}","templated":true}]}}